{"id":7976,"date":"2020-12-10T10:31:45","date_gmt":"2020-12-10T10:31:45","guid":{"rendered":"https:\/\/visitnavarra.info\/visitnavarra\/?page_id=7976"},"modified":"2021-03-17T11:16:22","modified_gmt":"2021-03-17T11:16:22","slug":"puente-romanico-de-puente-la-reina","status":"publish","type":"page","link":"https:\/\/visitnavarra.info\/visitnavarra\/puente-romanico-de-puente-la-reina\/","title":{"rendered":"Puente Rom\u00e1nico de Puente la Reina"},"content":{"rendered":"<p>[vc_row][vc_column width=&#8221;1\/2&#8243;][vc_column_text]<\/p>\n<h1 style=\"text-align: center;\">Puente Rom\u00e1nico de Puente la Reina<\/h1>\n<p>[\/vc_column_text]<div class=\"single_image wpb_content_element align-center  image_box_circle image_box_border  \" data-animation=\"none\" data-delay=\"0\"><img loading=\"lazy\" decoding=\"async\" width=\"217\" height=\"155\" src=\"https:\/\/visitnavarra.info\/visitnavarra\/wp-content\/uploads\/2020\/12\/Puente-Romanico-Puente-Reina.jpg\" class=\"attachment-medium\" alt=\"\" \/><\/div>[vc_column_text][\/vc_column_text][\/vc_column][vc_column width=&#8221;1\/2&#8243;][vc_column_text]<strong>Localidad<\/strong>: PUENTE LA REINA (31100)<br \/>\n<strong>Zona<\/strong>: La Zona Media<br \/>\n<strong>Estilo<\/strong>: Rom\u00e1nico<br \/>\n<strong>Siglos de construcci\u00f3n:<\/strong> XI[\/vc_column_text][\/vc_column][\/vc_row][vc_row][vc_column width=&#8221;1\/1&#8243;][vc_column_text]El puente rom\u00e1nico de Puente la Reina es uno de los ejemplos de arquitectura civil m\u00e1s interesantes del Camino de Santiago en Navarra. En \u00e9l confluyen la ruta jacobea que entra por Roncesvalles y la tolosana de Somport.<\/p>\n<p>Es punto de encuentro de peregrinos que han tejido a lo largo de los siglos miles de historias y leyendas. Las aguas del r\u00edo Arga, que discurre bajo la imponente arcada del centenario puente, susurran los m\u00e1s sorprendentes relatos a los viajeros que se dejan cautivar por su murmullo. S\u00f3lo hay que prestar atenci\u00f3n y podr\u00e1 escuchar la pintoresca leyenda del &#8220;txori&#8221;. El puente rom\u00e1nico de Puente la Reina da nombre a esta localidad, que es capital del valle de Ilzarbe o Valdizarbe, en la Zona Media de Navarra.<\/p>\n<p>Este puente sobre el r\u00edo Arga fue levantado en el siglo XI, al parecer, por iniciativa de una reina, que pudo ser do\u00f1a Mayor de Castilla, esposa de Sancho el Mayor, o do\u00f1a Estefan\u00eda, mujer de Garc\u00eda N\u00e1jera. El objeto de su contrucci\u00f3n: facilitar el paso a los peregrinos del Camino de Santiago a su salida de la villa, tras atravesar la R\u00faa Mayor.<\/p>\n<p>Constituye uno de los ejemplos de rom\u00e1nico civil m\u00e1s se\u00f1oriales de la ruta jacobea. Destaca principalmente por su elegancia y sobriedad. Cuenta con 7 arcos de medio punto, el m\u00e1s oriental bajo tierra, y 110 metros de largo. Entre los arcos se abren unos arquillos, a modo de respiraderos, que aligeran la estructura y permiten que el agua discurra cuando el r\u00edo va creciendo. Tuvo 3 torres defensivas, dos en sus extremos y otra central, en la que se ubicaba la imagen renacentista de la Virgen del Puy o del Txori.<\/p>\n<p>En torno a esta virgen existe una leyenda que cuenta que la imagen recib\u00eda la visita de un pajarillo (&#8220;txori&#8221; en euskera), que la cuidaba y acicalaba quit\u00e1ndole las telara\u00f1as de sus alas y lav\u00e1ndole la cara con agua que recog\u00eda en el Arga. Dicen que el d\u00eda que aparec\u00eda el &#8220;txori&#8221; se echaban las campanas al vuelo y se celebraban fiestas religiosas.<\/p>\n<p>Si se acerca hasta el puente no encontrar\u00e1 all\u00ed la imagen de la virgen, puesto que en 1843 fue trasladada a la iglesia de San Pedro ubicada cerca del r\u00edo.<\/p>\n<p>Merece la pena una visita a esta iglesia, notable por sus retablos, as\u00ed como acercarse hasta la iglesia de Santiago el Mayor, que cuenta con una bella portada rom\u00e1nica de influencia moz\u00e1rabe y en su interior alberga una apreciada imagen g\u00f3tica del ap\u00f3stol Santiago. Tambi\u00e9n es interesante la iglesia del Crucifijo, un templo de dos naves, una rom\u00e1nica y otra g\u00f3tica, cuya construcci\u00f3n se atribuye a los templarios, y que contiene un interesante crucifijo g\u00f3tico.<\/p>\n<p>Asimismo le animamos a un recorrido por la localidad, ya que conserva el encanto de una villa nacida por y para el Camino de Santiago. S\u00f3lo hay que observar el t\u00edpico trazado jacobeo de sus calles.<\/p>\n<p>Puente la Reina creci\u00f3 a ambos lados del camino-r\u00faa, en torno al cual se formaron dos grandes v\u00edas paralelas y otras m\u00e1s estrechas denominadas belenas. En esta localidad confluyen dos rutas jacobeas del denominado Camino Franc\u00e9s: la procedente de Roncesvalles y la que tras atravesar Somport penetra en Navarra por la Merindad de Sang\u00fcesa.<\/p>\n<p>Otras visitas cercanas de inter\u00e9s son los restos de la villa romana de Andelos en el t\u00e9rmino de Mendigorr\u00eda, a unos 6 kil\u00f3metros de Puente la Reina; el Cerco de Artajona, conjunto amurallado que data del siglo XI, a tan solo 8,5 kil\u00f3metros de Mendigorr\u00eda y finalmente, la iglesia rom\u00e1nica de Santa Mar\u00eda de Eunate en el t\u00e9rmino de Muruz\u00e1bal a 5,5 km de Puente la Reina. Esta construcci\u00f3n destaca por su planta octogonal y su curiosa arquer\u00eda.[\/vc_column_text][\/vc_column][\/vc_row]<\/p>\n","protected":false},"excerpt":{"rendered":"<p>[vc_row][vc_column width=&#8221;1\/2&#8243;][vc_column_text] Puente Rom\u00e1nico de Puente la Reina [\/vc_column_text][vc_column_text][\/vc_column_text][\/vc_column][vc_column width=&#8221;1\/2&#8243;][vc_column_text]Localidad: PUENTE LA REINA (31100) Zona: La Zona Media Estilo: Rom\u00e1nico Siglos de construcci\u00f3n: XI[\/vc_column_text][\/vc_column][\/vc_row][vc_row][vc_column width=&#8221;1\/1&#8243;][vc_column_text]El puente rom\u00e1nico de Puente la Reina es uno de los ejemplos de arquitectura civil m\u00e1s interesantes del Camino de Santiago en Navarra. En \u00e9l confluyen la ruta jacobea que entra por Roncesvalles y la tolosana de Somport. Es punto de encuentro de peregrinos que han tejido a lo largo de los siglos miles de historias y leyendas. Las aguas del r\u00edo Arga, que discurre bajo la imponente arcada del centenario puente, susurran los m\u00e1s sorprendentes relatos a los viajeros que se dejan cautivar por su murmullo. S\u00f3lo hay que prestar atenci\u00f3n y podr\u00e1 escuchar la pintoresca leyenda del &#8220;txori&#8221;. El puente rom\u00e1nico de Puente la Reina da nombre a esta localidad, que es capital del valle de Ilzarbe o Valdizarbe, en la Zona Media de Navarra. Este puente sobre el r\u00edo Arga fue levantado en el siglo XI, al parecer, por iniciativa de una reina, que pudo ser do\u00f1a Mayor de Castilla, esposa de Sancho el Mayor, o do\u00f1a Estefan\u00eda, mujer de Garc\u00eda N\u00e1jera. El objeto de su contrucci\u00f3n: facilitar el paso a los peregrinos [&hellip;]<\/p>\n","protected":false},"author":1,"featured_media":0,"parent":0,"menu_order":0,"comment_status":"closed","ping_status":"closed","template":"","meta":{"footnotes":""},"class_list":["post-7976","page","type-page","status-publish","hentry"],"yoast_head":"<!-- This site is optimized with the Yoast SEO plugin v23.5 - https:\/\/yoast.com\/wordpress\/plugins\/seo\/ -->\n<title>Puente Rom\u00e1nico de Puente la Reina - VisitNavarra<\/title>\n<meta name=\"description\" content=\"El puente rom\u00e1nico de Puente la Reina es uno de los ejemplos de arquitectura civil m\u00e1s interesantes del Camino de Santiago en Navarra.\" \/>\n<meta name=\"robots\" content=\"index, follow, max-snippet:-1, max-image-preview:large, max-video-preview:-1\" \/>\n<link rel=\"canonical\" href=\"https:\/\/visitnavarra.info\/visitnavarra\/puente-romanico-de-puente-la-reina\/\" \/>\n<meta property=\"og:locale\" content=\"es_ES\" \/>\n<meta property=\"og:type\" content=\"article\" \/>\n<meta property=\"og:title\" content=\"Puente Rom\u00e1nico de Puente la Reina - VisitNavarra\" \/>\n<meta property=\"og:description\" content=\"El puente rom\u00e1nico de Puente la Reina es uno de los ejemplos de arquitectura civil m\u00e1s interesantes del Camino de Santiago en Navarra.\" \/>\n<meta property=\"og:url\" content=\"https:\/\/visitnavarra.info\/visitnavarra\/puente-romanico-de-puente-la-reina\/\" \/>\n<meta property=\"og:site_name\" content=\"VisitNavarra\" \/>\n<meta property=\"article:modified_time\" content=\"2021-03-17T11:16:22+00:00\" \/>\n<meta name=\"twitter:card\" content=\"summary_large_image\" \/>\n<meta name=\"twitter:label1\" content=\"Tiempo de lectura\" \/>\n\t<meta name=\"twitter:data1\" content=\"4 minutos\" \/>\n<script type=\"application\/ld+json\" class=\"yoast-schema-graph\">{\"@context\":\"https:\/\/schema.org\",\"@graph\":[{\"@type\":\"WebPage\",\"@id\":\"https:\/\/visitnavarra.info\/visitnavarra\/puente-romanico-de-puente-la-reina\/\",\"url\":\"https:\/\/visitnavarra.info\/visitnavarra\/puente-romanico-de-puente-la-reina\/\",\"name\":\"Puente Rom\u00e1nico de Puente la Reina - VisitNavarra\",\"isPartOf\":{\"@id\":\"https:\/\/visitnavarra.info\/visitnavarra\/#website\"},\"datePublished\":\"2020-12-10T10:31:45+00:00\",\"dateModified\":\"2021-03-17T11:16:22+00:00\",\"description\":\"El puente rom\u00e1nico de Puente la Reina es uno de los ejemplos de arquitectura civil m\u00e1s interesantes del Camino de Santiago en Navarra.\",\"breadcrumb\":{\"@id\":\"https:\/\/visitnavarra.info\/visitnavarra\/puente-romanico-de-puente-la-reina\/#breadcrumb\"},\"inLanguage\":\"es\",\"potentialAction\":[{\"@type\":\"ReadAction\",\"target\":[\"https:\/\/visitnavarra.info\/visitnavarra\/puente-romanico-de-puente-la-reina\/\"]}]},{\"@type\":\"BreadcrumbList\",\"@id\":\"https:\/\/visitnavarra.info\/visitnavarra\/puente-romanico-de-puente-la-reina\/#breadcrumb\",\"itemListElement\":[{\"@type\":\"ListItem\",\"position\":1,\"name\":\"Portada\",\"item\":\"https:\/\/visitnavarra.info\/visitnavarra\/\"},{\"@type\":\"ListItem\",\"position\":2,\"name\":\"Puente Rom\u00e1nico de Puente la Reina\"}]},{\"@type\":\"WebSite\",\"@id\":\"https:\/\/visitnavarra.info\/visitnavarra\/#website\",\"url\":\"https:\/\/visitnavarra.info\/visitnavarra\/\",\"name\":\"VisitNavarra\",\"description\":\"Alojamiento y experiencias tur\u00edsticas en Navarra; qu\u00e9 visitar en Navarra; comer en Navarra\",\"potentialAction\":[{\"@type\":\"SearchAction\",\"target\":{\"@type\":\"EntryPoint\",\"urlTemplate\":\"https:\/\/visitnavarra.info\/visitnavarra\/?s={search_term_string}\"},\"query-input\":{\"@type\":\"PropertyValueSpecification\",\"valueRequired\":true,\"valueName\":\"search_term_string\"}}],\"inLanguage\":\"es\"}]}<\/script>\n<!-- \/ Yoast SEO plugin. -->","yoast_head_json":{"title":"Puente Rom\u00e1nico de Puente la Reina - VisitNavarra","description":"El puente rom\u00e1nico de Puente la Reina es uno de los ejemplos de arquitectura civil m\u00e1s interesantes del Camino de Santiago en Navarra.","robots":{"index":"index","follow":"follow","max-snippet":"max-snippet:-1","max-image-preview":"max-image-preview:large","max-video-preview":"max-video-preview:-1"},"canonical":"https:\/\/visitnavarra.info\/visitnavarra\/puente-romanico-de-puente-la-reina\/","og_locale":"es_ES","og_type":"article","og_title":"Puente Rom\u00e1nico de Puente la Reina - VisitNavarra","og_description":"El puente rom\u00e1nico de Puente la Reina es uno de los ejemplos de arquitectura civil m\u00e1s interesantes del Camino de Santiago en Navarra.","og_url":"https:\/\/visitnavarra.info\/visitnavarra\/puente-romanico-de-puente-la-reina\/","og_site_name":"VisitNavarra","article_modified_time":"2021-03-17T11:16:22+00:00","twitter_card":"summary_large_image","twitter_misc":{"Tiempo de lectura":"4 minutos"},"schema":{"@context":"https:\/\/schema.org","@graph":[{"@type":"WebPage","@id":"https:\/\/visitnavarra.info\/visitnavarra\/puente-romanico-de-puente-la-reina\/","url":"https:\/\/visitnavarra.info\/visitnavarra\/puente-romanico-de-puente-la-reina\/","name":"Puente Rom\u00e1nico de Puente la Reina - VisitNavarra","isPartOf":{"@id":"https:\/\/visitnavarra.info\/visitnavarra\/#website"},"datePublished":"2020-12-10T10:31:45+00:00","dateModified":"2021-03-17T11:16:22+00:00","description":"El puente rom\u00e1nico de Puente la Reina es uno de los ejemplos de arquitectura civil m\u00e1s interesantes del Camino de Santiago en Navarra.","breadcrumb":{"@id":"https:\/\/visitnavarra.info\/visitnavarra\/puente-romanico-de-puente-la-reina\/#breadcrumb"},"inLanguage":"es","potentialAction":[{"@type":"ReadAction","target":["https:\/\/visitnavarra.info\/visitnavarra\/puente-romanico-de-puente-la-reina\/"]}]},{"@type":"BreadcrumbList","@id":"https:\/\/visitnavarra.info\/visitnavarra\/puente-romanico-de-puente-la-reina\/#breadcrumb","itemListElement":[{"@type":"ListItem","position":1,"name":"Portada","item":"https:\/\/visitnavarra.info\/visitnavarra\/"},{"@type":"ListItem","position":2,"name":"Puente Rom\u00e1nico de Puente la Reina"}]},{"@type":"WebSite","@id":"https:\/\/visitnavarra.info\/visitnavarra\/#website","url":"https:\/\/visitnavarra.info\/visitnavarra\/","name":"VisitNavarra","description":"Alojamiento y experiencias tur\u00edsticas en Navarra; qu\u00e9 visitar en Navarra; comer en Navarra","potentialAction":[{"@type":"SearchAction","target":{"@type":"EntryPoint","urlTemplate":"https:\/\/visitnavarra.info\/visitnavarra\/?s={search_term_string}"},"query-input":{"@type":"PropertyValueSpecification","valueRequired":true,"valueName":"search_term_string"}}],"inLanguage":"es"}]}},"_links":{"self":[{"href":"https:\/\/visitnavarra.info\/visitnavarra\/wp-json\/wp\/v2\/pages\/7976","targetHints":{"allow":["GET"]}}],"collection":[{"href":"https:\/\/visitnavarra.info\/visitnavarra\/wp-json\/wp\/v2\/pages"}],"about":[{"href":"https:\/\/visitnavarra.info\/visitnavarra\/wp-json\/wp\/v2\/types\/page"}],"author":[{"embeddable":true,"href":"https:\/\/visitnavarra.info\/visitnavarra\/wp-json\/wp\/v2\/users\/1"}],"replies":[{"embeddable":true,"href":"https:\/\/visitnavarra.info\/visitnavarra\/wp-json\/wp\/v2\/comments?post=7976"}],"version-history":[{"count":2,"href":"https:\/\/visitnavarra.info\/visitnavarra\/wp-json\/wp\/v2\/pages\/7976\/revisions"}],"predecessor-version":[{"id":8010,"href":"https:\/\/visitnavarra.info\/visitnavarra\/wp-json\/wp\/v2\/pages\/7976\/revisions\/8010"}],"wp:attachment":[{"href":"https:\/\/visitnavarra.info\/visitnavarra\/wp-json\/wp\/v2\/media?parent=7976"}],"curies":[{"name":"wp","href":"https:\/\/api.w.org\/{rel}","templated":true}]}}