{"id":7988,"date":"2020-12-10T10:50:54","date_gmt":"2020-12-10T10:50:54","guid":{"rendered":"https:\/\/visitnavarra.info\/visitnavarra\/?page_id=7988"},"modified":"2024-05-20T06:57:33","modified_gmt":"2024-05-20T06:57:33","slug":"villa-romana-de-arellano","status":"publish","type":"page","link":"https:\/\/visitnavarra.info\/visitnavarra\/villa-romana-de-arellano\/","title":{"rendered":"Villa romana de Arellano"},"content":{"rendered":"<p>[vc_row][vc_column width=&#8221;1\/2&#8243;][vc_column_text]<\/p>\n<h1 style=\"text-align: center;\">Villa romana de Arellano<\/h1>\n<p>[\/vc_column_text]<div class=\"single_image wpb_content_element align-center  image_box_circle image_box_border  \" data-animation=\"none\" data-delay=\"0\"><img loading=\"lazy\" decoding=\"async\" width=\"217\" height=\"155\" src=\"https:\/\/visitnavarra.info\/visitnavarra\/wp-content\/uploads\/2020\/12\/Villa-Romana-Arellano.jpg\" class=\"attachment-medium\" alt=\"\" \/><\/div>[\/vc_column][vc_column width=&#8221;1\/2&#8243;][vc_column_text]<strong>Localidad<\/strong>: ARELLANO (31263)<br \/>\n<strong>Direcci\u00f3n<\/strong>: Carretera Allo &#8211; Arr\u00f3niz Km. 20<br \/>\n<strong>Zona<\/strong>: La Zona Media<br \/>\n<strong>Estilo<\/strong>: Romano<br \/>\n<strong>Siglos de construcci\u00f3n:<\/strong> I &#8211; V d.C<\/p>\n<p><strong><a href=\"https:\/\/www.visitnavarra.es\/es\/-\/visita-guiada-a-la-villa-romana-de-las-musas-1\" target=\"_blank\" rel=\"noopener\">M\u00e1s informaci\u00f3n<\/a><\/strong>[\/vc_column_text][\/vc_column][\/vc_row][vc_row][vc_column width=&#8221;1\/1&#8243;][vc_column_text]<\/p>\n<h3>Descripci\u00f3n<\/h3>\n<p>Se trata de un yacimiento arqueol\u00f3gico romano situado a 6,5 km. al sur de Arellano, a escasos kil\u00f3metros de la localidad de Estella. Su nombre, &#8220;Aurelianum&#8221;, dar\u00eda pie al top\u00f3nimo del municipio.<\/p>\n<p>El lugar es tambi\u00e9n conocido como &#8220;Villa de las Musas&#8221; por el hallazgo del espectacular mosaico romano de &#8220;las Musas&#8221;. Esta obra de arte se encuentra en el Museo Arqueol\u00f3gico Nacional, pero es posible admirar una minuciosa reproducci\u00f3n en su ubicaci\u00f3n original. Su denominaci\u00f3n se debe a la representaci\u00f3n de las nueve diosas y de sus maestros que lo protagonizan.<\/p>\n<p>Los restos arqueol\u00f3gicos encontrados indican que esta villa fue construida entre los siglos I y V d.C. Las excavaciones han permitido diferenciar dependencias de los siglos I-III d.C vinculadas a la producci\u00f3n del vino, adem\u00e1s de otras posteriores, que la convirtieron en lujosa residencia de campo relacionada con el culto a Cibeles y a su hijo y amante Attis. Entre los hallazgos m\u00e1s curiosos se encuentra un catavinos de cer\u00e1mica, icono del museo.<\/p>\n<h3>Visita<\/h3>\n<p>La visita al conjunto se inicia en un edificio de moderna construcci\u00f3n. Una edificaci\u00f3n de 2.411 metros cuadrados que acoge el n\u00facleo principal de la villa. En la entrada se han instalado diversos paneles con informaci\u00f3n general, completados con atriles en puntos estrat\u00e9gicos del recorrido.<\/p>\n<p>Una pasarela met\u00e1lica facilita el acceso a las distintas dependencias. Desde ella, se puede distinguir grava de dos colores que marca las distintas etapas constructivas; as\u00ed, el gris revela las estructuras de los siglos I a III d. C., y el rosa las de los siglos IV y V d. C.<\/p>\n<p>Las f\u00e1bricas m\u00e1s llamativas de la primera \u00e9poca son el &#8220;fumarium&#8221;, una estancia en la que se envejec\u00eda el vino artificialmente a trav\u00e9s del calor y el humo, y la &#8220;Cella Vinaria&#8221; o bodega, cuyo valor reside en haber conservado todos sus elementos de producci\u00f3n. As\u00ed, se exponen 15 &#8220;dolias&#8221;, tinajas destinadas a contener el vino con una capacidad media de 700 litros, y el altar de piedra, que recuerda la combinaci\u00f3n de actividades dedicadas a la producci\u00f3n de vino y a las celebraciones religiosas.<\/p>\n<p>Otra de las sorpresas de la villa es la cisterna de 3 metros de profundidad que se alimentaba principalmente por el agua de la lluvia. Su hallazgo tiene un car\u00e1cter excepcional pues esta construcci\u00f3n era m\u00e1s t\u00edpica de las zonas mediterr\u00e1neas.<\/p>\n<p>A la segunda \u00e9poca corresponden las estancias pavimentadas con mosaicos. Adem\u00e1s del de las musas, existen otros dos, uno en un dormitorio y otro en el &#8220;Oecus&#8221; o sala principal, de 90 metros cuadrados. Ambos hacen alusi\u00f3n al culto a Cibeles y Attis.<\/p>\n<p>En el exterior del edificio, y tambi\u00e9n correspondientes al segundo periodo constructivo, se pueden visitar el establo y el &#8220;Taurobolio&#8221;. Es \u00e9ste un edificio porticado de planta rectangular que se articulaba entorno a un patio, en cuyo centro aparecieron aras grabadas con cabezas de toro.[\/vc_column_text][\/vc_column][\/vc_row]<\/p>\n","protected":false},"excerpt":{"rendered":"<p>[vc_row][vc_column width=&#8221;1\/2&#8243;][vc_column_text] Villa romana de Arellano [\/vc_column_text][\/vc_column][vc_column width=&#8221;1\/2&#8243;][vc_column_text]Localidad: ARELLANO (31263) Direcci\u00f3n: Carretera Allo &#8211; Arr\u00f3niz Km. 20 Zona: La Zona Media Estilo: Romano Siglos de construcci\u00f3n: I &#8211; V d.C M\u00e1s informaci\u00f3n[\/vc_column_text][\/vc_column][\/vc_row][vc_row][vc_column width=&#8221;1\/1&#8243;][vc_column_text] Descripci\u00f3n Se trata de un yacimiento arqueol\u00f3gico romano situado a 6,5 km. al sur de Arellano, a escasos kil\u00f3metros de la localidad de Estella. Su nombre, &#8220;Aurelianum&#8221;, dar\u00eda pie al top\u00f3nimo del municipio. El lugar es tambi\u00e9n conocido como &#8220;Villa de las Musas&#8221; por el hallazgo del espectacular mosaico romano de &#8220;las Musas&#8221;. Esta obra de arte se encuentra en el Museo Arqueol\u00f3gico Nacional, pero es posible admirar una minuciosa reproducci\u00f3n en su ubicaci\u00f3n original. Su denominaci\u00f3n se debe a la representaci\u00f3n de las nueve diosas y de sus maestros que lo protagonizan. Los restos arqueol\u00f3gicos encontrados indican que esta villa fue construida entre los siglos I y V d.C. Las excavaciones han permitido diferenciar dependencias de los siglos I-III d.C vinculadas a la producci\u00f3n del vino, adem\u00e1s de otras posteriores, que la convirtieron en lujosa residencia de campo relacionada con el culto a Cibeles y a su hijo y amante Attis. Entre los hallazgos m\u00e1s curiosos se encuentra un catavinos de cer\u00e1mica, icono del museo. Visita [&hellip;]<\/p>\n","protected":false},"author":1,"featured_media":0,"parent":0,"menu_order":0,"comment_status":"closed","ping_status":"closed","template":"","meta":{"footnotes":""},"class_list":["post-7988","page","type-page","status-publish","hentry"],"yoast_head":"<!-- This site is optimized with the Yoast SEO plugin v23.5 - https:\/\/yoast.com\/wordpress\/plugins\/seo\/ -->\n<title>Villa romana de Arellano - VisitNavarra Villa romana de Arellano<\/title>\n<meta name=\"description\" content=\"Yacimiento arqueol\u00f3gico romano situado a 6,5 km. al sur de Arellano. Su nombre, &quot;Aurelianum&quot;, dar\u00eda pie al top\u00f3nimo del municipio.\" \/>\n<meta name=\"robots\" content=\"index, follow, max-snippet:-1, max-image-preview:large, max-video-preview:-1\" \/>\n<link rel=\"canonical\" href=\"https:\/\/visitnavarra.info\/visitnavarra\/villa-romana-de-arellano\/\" \/>\n<meta property=\"og:locale\" content=\"es_ES\" \/>\n<meta property=\"og:type\" content=\"article\" \/>\n<meta property=\"og:title\" content=\"Villa romana de Arellano - VisitNavarra Villa romana de Arellano\" \/>\n<meta property=\"og:description\" content=\"Yacimiento arqueol\u00f3gico romano situado a 6,5 km. al sur de Arellano. Su nombre, &quot;Aurelianum&quot;, dar\u00eda pie al top\u00f3nimo del municipio.\" \/>\n<meta property=\"og:url\" content=\"https:\/\/visitnavarra.info\/visitnavarra\/villa-romana-de-arellano\/\" \/>\n<meta property=\"og:site_name\" content=\"VisitNavarra\" \/>\n<meta property=\"article:modified_time\" content=\"2024-05-20T06:57:33+00:00\" \/>\n<meta name=\"twitter:card\" content=\"summary_large_image\" \/>\n<meta name=\"twitter:label1\" content=\"Tiempo de lectura\" \/>\n\t<meta name=\"twitter:data1\" content=\"3 minutos\" \/>\n<script type=\"application\/ld+json\" class=\"yoast-schema-graph\">{\"@context\":\"https:\/\/schema.org\",\"@graph\":[{\"@type\":\"WebPage\",\"@id\":\"https:\/\/visitnavarra.info\/visitnavarra\/villa-romana-de-arellano\/\",\"url\":\"https:\/\/visitnavarra.info\/visitnavarra\/villa-romana-de-arellano\/\",\"name\":\"Villa romana de Arellano - VisitNavarra Villa romana de Arellano\",\"isPartOf\":{\"@id\":\"https:\/\/visitnavarra.info\/visitnavarra\/#website\"},\"datePublished\":\"2020-12-10T10:50:54+00:00\",\"dateModified\":\"2024-05-20T06:57:33+00:00\",\"description\":\"Yacimiento arqueol\u00f3gico romano situado a 6,5 km. al sur de Arellano. Su nombre, \\\"Aurelianum\\\", dar\u00eda pie al top\u00f3nimo del municipio.\",\"breadcrumb\":{\"@id\":\"https:\/\/visitnavarra.info\/visitnavarra\/villa-romana-de-arellano\/#breadcrumb\"},\"inLanguage\":\"es\",\"potentialAction\":[{\"@type\":\"ReadAction\",\"target\":[\"https:\/\/visitnavarra.info\/visitnavarra\/villa-romana-de-arellano\/\"]}]},{\"@type\":\"BreadcrumbList\",\"@id\":\"https:\/\/visitnavarra.info\/visitnavarra\/villa-romana-de-arellano\/#breadcrumb\",\"itemListElement\":[{\"@type\":\"ListItem\",\"position\":1,\"name\":\"Portada\",\"item\":\"https:\/\/visitnavarra.info\/visitnavarra\/\"},{\"@type\":\"ListItem\",\"position\":2,\"name\":\"Villa romana de Arellano\"}]},{\"@type\":\"WebSite\",\"@id\":\"https:\/\/visitnavarra.info\/visitnavarra\/#website\",\"url\":\"https:\/\/visitnavarra.info\/visitnavarra\/\",\"name\":\"VisitNavarra\",\"description\":\"Alojamiento y experiencias tur\u00edsticas en Navarra; qu\u00e9 visitar en Navarra; comer en Navarra\",\"potentialAction\":[{\"@type\":\"SearchAction\",\"target\":{\"@type\":\"EntryPoint\",\"urlTemplate\":\"https:\/\/visitnavarra.info\/visitnavarra\/?s={search_term_string}\"},\"query-input\":{\"@type\":\"PropertyValueSpecification\",\"valueRequired\":true,\"valueName\":\"search_term_string\"}}],\"inLanguage\":\"es\"}]}<\/script>\n<!-- \/ Yoast SEO plugin. -->","yoast_head_json":{"title":"Villa romana de Arellano - VisitNavarra Villa romana de Arellano","description":"Yacimiento arqueol\u00f3gico romano situado a 6,5 km. al sur de Arellano. Su nombre, \"Aurelianum\", dar\u00eda pie al top\u00f3nimo del municipio.","robots":{"index":"index","follow":"follow","max-snippet":"max-snippet:-1","max-image-preview":"max-image-preview:large","max-video-preview":"max-video-preview:-1"},"canonical":"https:\/\/visitnavarra.info\/visitnavarra\/villa-romana-de-arellano\/","og_locale":"es_ES","og_type":"article","og_title":"Villa romana de Arellano - VisitNavarra Villa romana de Arellano","og_description":"Yacimiento arqueol\u00f3gico romano situado a 6,5 km. al sur de Arellano. Su nombre, \"Aurelianum\", dar\u00eda pie al top\u00f3nimo del municipio.","og_url":"https:\/\/visitnavarra.info\/visitnavarra\/villa-romana-de-arellano\/","og_site_name":"VisitNavarra","article_modified_time":"2024-05-20T06:57:33+00:00","twitter_card":"summary_large_image","twitter_misc":{"Tiempo de lectura":"3 minutos"},"schema":{"@context":"https:\/\/schema.org","@graph":[{"@type":"WebPage","@id":"https:\/\/visitnavarra.info\/visitnavarra\/villa-romana-de-arellano\/","url":"https:\/\/visitnavarra.info\/visitnavarra\/villa-romana-de-arellano\/","name":"Villa romana de Arellano - VisitNavarra Villa romana de Arellano","isPartOf":{"@id":"https:\/\/visitnavarra.info\/visitnavarra\/#website"},"datePublished":"2020-12-10T10:50:54+00:00","dateModified":"2024-05-20T06:57:33+00:00","description":"Yacimiento arqueol\u00f3gico romano situado a 6,5 km. al sur de Arellano. Su nombre, \"Aurelianum\", dar\u00eda pie al top\u00f3nimo del municipio.","breadcrumb":{"@id":"https:\/\/visitnavarra.info\/visitnavarra\/villa-romana-de-arellano\/#breadcrumb"},"inLanguage":"es","potentialAction":[{"@type":"ReadAction","target":["https:\/\/visitnavarra.info\/visitnavarra\/villa-romana-de-arellano\/"]}]},{"@type":"BreadcrumbList","@id":"https:\/\/visitnavarra.info\/visitnavarra\/villa-romana-de-arellano\/#breadcrumb","itemListElement":[{"@type":"ListItem","position":1,"name":"Portada","item":"https:\/\/visitnavarra.info\/visitnavarra\/"},{"@type":"ListItem","position":2,"name":"Villa romana de Arellano"}]},{"@type":"WebSite","@id":"https:\/\/visitnavarra.info\/visitnavarra\/#website","url":"https:\/\/visitnavarra.info\/visitnavarra\/","name":"VisitNavarra","description":"Alojamiento y experiencias tur\u00edsticas en Navarra; qu\u00e9 visitar en Navarra; comer en Navarra","potentialAction":[{"@type":"SearchAction","target":{"@type":"EntryPoint","urlTemplate":"https:\/\/visitnavarra.info\/visitnavarra\/?s={search_term_string}"},"query-input":{"@type":"PropertyValueSpecification","valueRequired":true,"valueName":"search_term_string"}}],"inLanguage":"es"}]}},"_links":{"self":[{"href":"https:\/\/visitnavarra.info\/visitnavarra\/wp-json\/wp\/v2\/pages\/7988","targetHints":{"allow":["GET"]}}],"collection":[{"href":"https:\/\/visitnavarra.info\/visitnavarra\/wp-json\/wp\/v2\/pages"}],"about":[{"href":"https:\/\/visitnavarra.info\/visitnavarra\/wp-json\/wp\/v2\/types\/page"}],"author":[{"embeddable":true,"href":"https:\/\/visitnavarra.info\/visitnavarra\/wp-json\/wp\/v2\/users\/1"}],"replies":[{"embeddable":true,"href":"https:\/\/visitnavarra.info\/visitnavarra\/wp-json\/wp\/v2\/comments?post=7988"}],"version-history":[{"count":3,"href":"https:\/\/visitnavarra.info\/visitnavarra\/wp-json\/wp\/v2\/pages\/7988\/revisions"}],"predecessor-version":[{"id":13424,"href":"https:\/\/visitnavarra.info\/visitnavarra\/wp-json\/wp\/v2\/pages\/7988\/revisions\/13424"}],"wp:attachment":[{"href":"https:\/\/visitnavarra.info\/visitnavarra\/wp-json\/wp\/v2\/media?parent=7988"}],"curies":[{"name":"wp","href":"https:\/\/api.w.org\/{rel}","templated":true}]}}