{"id":7991,"date":"2020-12-10T11:47:27","date_gmt":"2020-12-10T11:47:27","guid":{"rendered":"https:\/\/visitnavarra.info\/visitnavarra\/?page_id=7991"},"modified":"2024-05-20T10:18:02","modified_gmt":"2024-05-20T10:18:02","slug":"real-monasterio-de-santa-clara-de-estella","status":"publish","type":"page","link":"https:\/\/visitnavarra.info\/visitnavarra\/real-monasterio-de-santa-clara-de-estella\/","title":{"rendered":"Real Monasterio de Santa Clara de Estella"},"content":{"rendered":"<p>[vc_row][vc_column width=&#8221;1\/2&#8243;][vc_column_text]<\/p>\n<h1 style=\"text-align: center;\">Real Monasterio de Santa Clara de Estella<\/h1>\n<p>[\/vc_column_text]<div class=\"single_image wpb_content_element align-center  image_box_circle image_box_border  \" data-animation=\"none\" data-delay=\"0\"><img loading=\"lazy\" decoding=\"async\" width=\"217\" height=\"155\" src=\"https:\/\/visitnavarra.info\/visitnavarra\/wp-content\/uploads\/2020\/12\/Monasterio-Santa-Clara-Estella.jpg\" class=\"attachment-medium\" alt=\"\" \/><\/div>[\/vc_column][vc_column width=&#8221;1\/2&#8243;][vc_column_text]<strong>Localidad<\/strong>: ESTELLA (31200)<br \/>\n<strong>Direcci\u00f3n<\/strong>: c\/ Teobaldo II, s\/n<br \/>\n<strong>Zona<\/strong>: La Zona Media<br \/>\n<strong>Web<\/strong>: <a href=\"http:\/\/www.santaclaradeestella.es\" target=\"_blank\" rel=\"noopener\">www.santaclaradeestella.es<\/a><br \/>\n<strong>Estilo<\/strong>: Barroco desornamentado<br \/>\n<strong>Siglos de construcci\u00f3n:<\/strong> XIII-XVII<br \/>\n<strong>Horario de visita:<\/strong> Consultar<br \/>\n<strong>Tel\u00e9fono:<\/strong> 948 550 928[\/vc_column_text][\/vc_column][\/vc_row][vc_row][vc_column width=&#8221;1\/1&#8243;][vc_column_text]<\/p>\n<h3>Descripci\u00f3n<\/h3>\n<p>El Real Monasterio de Santa Clara se encuentra ubicado en Estella, en el c\u00e9ntrico y apacible Paseo de los Llanos del meandro que forma el r\u00edo Ega al paso por la ciudad.<\/p>\n<p>Este Real Monasterio fue tres veces edificado: De la primera fundaci\u00f3n se desconoce su fecha aunque se cree que fue cerca del a\u00f1o de 1.255 por influencia de Isabel &#8211; segunda hija de San Luis, Rey de Francia y casada con el Rey navarro Teobaldo II- cuando se levanta el Convento de Santa Clara en los terrenos de unos antiguos vi\u00f1edos del Rey Sancho el Sabio. A \u00e9l llega la primera comunidad de hermanas Clarisas pocos a\u00f1os despu\u00e9s del fallecimiento de su fundadora Clara de As\u00eds.<\/p>\n<h3>El Convento<\/h3>\n<p>Tal era el ejemplo de vida de las religiosas que D\u00aa Blanca de Navarra dese\u00f3 tratarlas m\u00e1s de cerca para lo cual mand\u00f3 construir en 1430 un palacio contiguo al Convento que posteriormente les ceder\u00eda junto al t\u00edtulo de Real Monasterio de Santa Clara.<\/p>\n<p>El Convento fue creciendo (ingresan \u00e9l las Infantas de Navarra en el s. XIV) recibiendo distintos donativos que hacen que fuera totalmente reconstruido a mediados del s.XVII por Juan de Larra\u00f1aga erigiendo en estilo barroco e \u00edntegramente en ladrillo el actual convento.<\/p>\n<p>Como monjas contemplativas, su mayor tesoro se encuentra en la Iglesia, con su retablo central y 2 colaterales del s. XVII de estilo prechurrigeresco el central y churrigueresco y m\u00e1s ornamentados los laterales en las que destacan las columnas salom\u00f3nicas.<\/p>\n<h3>El Interior<\/h3>\n<h4>En el altar mayor<\/h4>\n<p>est\u00e1n representadas en el primer cuerpo Santa Catalina con la rueda dentada con la que fue torturada y su pie encima de la cabeza del emperador Maximiano que orden\u00f3 su martirio y Santa B\u00e1rbara con la palma y el libro representando su martirio y la sabidur\u00eda con la torre de tres ventanas que simboliza el refugio de la f\u00e9 en la Sant\u00edsima Trinidad.<\/p>\n<h4>En el segundo cuerpo<\/h4>\n<p>se encuentra San Francisco, fundador de la Orden Franciscana y amigo de Santa Clara mirando en \u00e9xtasis la cruz que sostiene en el momento de su estigmatizaci\u00f3n que muestra en su mano derecha, y San Antonio, te\u00f3logo y predicador franciscano representado con el Ni\u00f1o Jes\u00fas, que le dio la Virgen, en sus brazos.<\/p>\n<h4>En el cuerpo central<\/h4>\n<p>aparece en primer lugar el soberbio tabern\u00e1culo de columnas salom\u00f3nicas con templete de planta central que hoy alberga la magn\u00edfica talla de San Juanito.<\/p>\n<h4>Sobre el tabern\u00e1culo<\/h4>\n<p>encontramos a Santa Clara, fundadora de la Orden, con la custodia con la que detuvo a los sarracenos en 1230 y a la que tienen especial predilecci\u00f3n la monjas Clarisas: Sin ninguna duda, cuando visite la Iglesia, podr\u00e1 contemplar en el centro del altar la valiosa Custodia con el Sant\u00edsimo Expuesto permanentemente.<\/p>\n<h4>En el Calvario superior<\/h4>\n<p>encontramos a la Virgen Orante y San Juan rodeando al Cristo fallecido.<\/p>\n<h4>El lateral derecho<\/h4>\n<p>est\u00e1 dedicado a la Sant\u00edsima Trinidad \u2013 muy extra\u00f1a en el barroco navarro &#8211; representados por el Padre y el Hijo sedentes sobre trono de nubes y querubines y el Esp\u00edritu Santo, bajo forma de paloma, volando sobre los dos.<\/p>\n<h4>El otro colateral<\/h4>\n<p>est\u00e1 dedicado a la Inmaculada en el cuerpo principal y a su esposo, San Jos\u00e9 con el Ni\u00f1o en el \u00e1tico.<\/p>\n<p>Originariamente la Inmaculada estaba ubicada en el altar central donde actualmente encontramos el Tabern\u00e1culo dada la importancia que daban Franciscanos y Clarisas al dogma de la Inmaculada Concepci\u00f3n en larga pugna con los dominicos. La postura se reafirm\u00f3 con el famoso &#8220;POTUIT, DECUIT ERGO FECIT&#8221; (Pudo, quiso, lo hizo) del franciscano Duns Scoto.<\/p>\n<p>La citada frase la encontramos en las pinturas del techo del templo realizadas a comienzos del s.XX con diversos episodios de la vida de la Santa Fundadora.[\/vc_column_text][\/vc_column][\/vc_row]<\/p>\n","protected":false},"excerpt":{"rendered":"<p>[vc_row][vc_column width=&#8221;1\/2&#8243;][vc_column_text] Real Monasterio de Santa Clara de Estella [\/vc_column_text][\/vc_column][vc_column width=&#8221;1\/2&#8243;][vc_column_text]Localidad: ESTELLA (31200) Direcci\u00f3n: c\/ Teobaldo II, s\/n Zona: La Zona Media Web: www.santaclaradeestella.es Estilo: Barroco desornamentado Siglos de construcci\u00f3n: XIII-XVII Horario de visita: Consultar Tel\u00e9fono: 948 550 928[\/vc_column_text][\/vc_column][\/vc_row][vc_row][vc_column width=&#8221;1\/1&#8243;][vc_column_text] Descripci\u00f3n El Real Monasterio de Santa Clara se encuentra ubicado en Estella, en el c\u00e9ntrico y apacible Paseo de los Llanos del meandro que forma el r\u00edo Ega al paso por la ciudad. Este Real Monasterio fue tres veces edificado: De la primera fundaci\u00f3n se desconoce su fecha aunque se cree que fue cerca del a\u00f1o de 1.255 por influencia de Isabel &#8211; segunda hija de San Luis, Rey de Francia y casada con el Rey navarro Teobaldo II- cuando se levanta el Convento de Santa Clara en los terrenos de unos antiguos vi\u00f1edos del Rey Sancho el Sabio. A \u00e9l llega la primera comunidad de hermanas Clarisas pocos a\u00f1os despu\u00e9s del fallecimiento de su fundadora Clara de As\u00eds. El Convento Tal era el ejemplo de vida de las religiosas que D\u00aa Blanca de Navarra dese\u00f3 tratarlas m\u00e1s de cerca para lo cual mand\u00f3 construir en 1430 un palacio contiguo al Convento que posteriormente les ceder\u00eda junto al t\u00edtulo de [&hellip;]<\/p>\n","protected":false},"author":1,"featured_media":0,"parent":0,"menu_order":0,"comment_status":"closed","ping_status":"closed","template":"","meta":{"footnotes":""},"class_list":["post-7991","page","type-page","status-publish","hentry"],"yoast_head":"<!-- This site is optimized with the Yoast SEO plugin v23.5 - https:\/\/yoast.com\/wordpress\/plugins\/seo\/ -->\n<title>Real Monasterio de Santa Clara de Estella - VisitNavarra<\/title>\n<meta name=\"description\" content=\"El Real Monasterio de Santa Clara ubicado en el apacible Paseo de los Llanos del meandro que forma el r\u00edo Ega al paso por la ciudad.\" \/>\n<meta name=\"robots\" content=\"index, follow, max-snippet:-1, max-image-preview:large, max-video-preview:-1\" \/>\n<link rel=\"canonical\" href=\"https:\/\/visitnavarra.info\/visitnavarra\/real-monasterio-de-santa-clara-de-estella\/\" \/>\n<meta property=\"og:locale\" content=\"es_ES\" \/>\n<meta property=\"og:type\" content=\"article\" \/>\n<meta property=\"og:title\" content=\"Real Monasterio de Santa Clara de Estella - VisitNavarra\" \/>\n<meta property=\"og:description\" content=\"El Real Monasterio de Santa Clara ubicado en el apacible Paseo de los Llanos del meandro que forma el r\u00edo Ega al paso por la ciudad.\" \/>\n<meta property=\"og:url\" content=\"https:\/\/visitnavarra.info\/visitnavarra\/real-monasterio-de-santa-clara-de-estella\/\" \/>\n<meta property=\"og:site_name\" content=\"VisitNavarra\" \/>\n<meta property=\"article:modified_time\" content=\"2024-05-20T10:18:02+00:00\" \/>\n<meta name=\"twitter:card\" content=\"summary_large_image\" \/>\n<meta name=\"twitter:label1\" content=\"Tiempo de lectura\" \/>\n\t<meta name=\"twitter:data1\" content=\"4 minutos\" \/>\n<script type=\"application\/ld+json\" class=\"yoast-schema-graph\">{\"@context\":\"https:\/\/schema.org\",\"@graph\":[{\"@type\":\"WebPage\",\"@id\":\"https:\/\/visitnavarra.info\/visitnavarra\/real-monasterio-de-santa-clara-de-estella\/\",\"url\":\"https:\/\/visitnavarra.info\/visitnavarra\/real-monasterio-de-santa-clara-de-estella\/\",\"name\":\"Real Monasterio de Santa Clara de Estella - VisitNavarra\",\"isPartOf\":{\"@id\":\"https:\/\/visitnavarra.info\/visitnavarra\/#website\"},\"datePublished\":\"2020-12-10T11:47:27+00:00\",\"dateModified\":\"2024-05-20T10:18:02+00:00\",\"description\":\"El Real Monasterio de Santa Clara ubicado en el apacible Paseo de los Llanos del meandro que forma el r\u00edo Ega al paso por la ciudad.\",\"breadcrumb\":{\"@id\":\"https:\/\/visitnavarra.info\/visitnavarra\/real-monasterio-de-santa-clara-de-estella\/#breadcrumb\"},\"inLanguage\":\"es\",\"potentialAction\":[{\"@type\":\"ReadAction\",\"target\":[\"https:\/\/visitnavarra.info\/visitnavarra\/real-monasterio-de-santa-clara-de-estella\/\"]}]},{\"@type\":\"BreadcrumbList\",\"@id\":\"https:\/\/visitnavarra.info\/visitnavarra\/real-monasterio-de-santa-clara-de-estella\/#breadcrumb\",\"itemListElement\":[{\"@type\":\"ListItem\",\"position\":1,\"name\":\"Portada\",\"item\":\"https:\/\/visitnavarra.info\/visitnavarra\/\"},{\"@type\":\"ListItem\",\"position\":2,\"name\":\"Real Monasterio de Santa Clara de Estella\"}]},{\"@type\":\"WebSite\",\"@id\":\"https:\/\/visitnavarra.info\/visitnavarra\/#website\",\"url\":\"https:\/\/visitnavarra.info\/visitnavarra\/\",\"name\":\"VisitNavarra\",\"description\":\"Alojamiento y experiencias tur\u00edsticas en Navarra; qu\u00e9 visitar en Navarra; comer en Navarra\",\"potentialAction\":[{\"@type\":\"SearchAction\",\"target\":{\"@type\":\"EntryPoint\",\"urlTemplate\":\"https:\/\/visitnavarra.info\/visitnavarra\/?s={search_term_string}\"},\"query-input\":{\"@type\":\"PropertyValueSpecification\",\"valueRequired\":true,\"valueName\":\"search_term_string\"}}],\"inLanguage\":\"es\"}]}<\/script>\n<!-- \/ Yoast SEO plugin. -->","yoast_head_json":{"title":"Real Monasterio de Santa Clara de Estella - VisitNavarra","description":"El Real Monasterio de Santa Clara ubicado en el apacible Paseo de los Llanos del meandro que forma el r\u00edo Ega al paso por la ciudad.","robots":{"index":"index","follow":"follow","max-snippet":"max-snippet:-1","max-image-preview":"max-image-preview:large","max-video-preview":"max-video-preview:-1"},"canonical":"https:\/\/visitnavarra.info\/visitnavarra\/real-monasterio-de-santa-clara-de-estella\/","og_locale":"es_ES","og_type":"article","og_title":"Real Monasterio de Santa Clara de Estella - VisitNavarra","og_description":"El Real Monasterio de Santa Clara ubicado en el apacible Paseo de los Llanos del meandro que forma el r\u00edo Ega al paso por la ciudad.","og_url":"https:\/\/visitnavarra.info\/visitnavarra\/real-monasterio-de-santa-clara-de-estella\/","og_site_name":"VisitNavarra","article_modified_time":"2024-05-20T10:18:02+00:00","twitter_card":"summary_large_image","twitter_misc":{"Tiempo de lectura":"4 minutos"},"schema":{"@context":"https:\/\/schema.org","@graph":[{"@type":"WebPage","@id":"https:\/\/visitnavarra.info\/visitnavarra\/real-monasterio-de-santa-clara-de-estella\/","url":"https:\/\/visitnavarra.info\/visitnavarra\/real-monasterio-de-santa-clara-de-estella\/","name":"Real Monasterio de Santa Clara de Estella - VisitNavarra","isPartOf":{"@id":"https:\/\/visitnavarra.info\/visitnavarra\/#website"},"datePublished":"2020-12-10T11:47:27+00:00","dateModified":"2024-05-20T10:18:02+00:00","description":"El Real Monasterio de Santa Clara ubicado en el apacible Paseo de los Llanos del meandro que forma el r\u00edo Ega al paso por la ciudad.","breadcrumb":{"@id":"https:\/\/visitnavarra.info\/visitnavarra\/real-monasterio-de-santa-clara-de-estella\/#breadcrumb"},"inLanguage":"es","potentialAction":[{"@type":"ReadAction","target":["https:\/\/visitnavarra.info\/visitnavarra\/real-monasterio-de-santa-clara-de-estella\/"]}]},{"@type":"BreadcrumbList","@id":"https:\/\/visitnavarra.info\/visitnavarra\/real-monasterio-de-santa-clara-de-estella\/#breadcrumb","itemListElement":[{"@type":"ListItem","position":1,"name":"Portada","item":"https:\/\/visitnavarra.info\/visitnavarra\/"},{"@type":"ListItem","position":2,"name":"Real Monasterio de Santa Clara de Estella"}]},{"@type":"WebSite","@id":"https:\/\/visitnavarra.info\/visitnavarra\/#website","url":"https:\/\/visitnavarra.info\/visitnavarra\/","name":"VisitNavarra","description":"Alojamiento y experiencias tur\u00edsticas en Navarra; qu\u00e9 visitar en Navarra; comer en Navarra","potentialAction":[{"@type":"SearchAction","target":{"@type":"EntryPoint","urlTemplate":"https:\/\/visitnavarra.info\/visitnavarra\/?s={search_term_string}"},"query-input":{"@type":"PropertyValueSpecification","valueRequired":true,"valueName":"search_term_string"}}],"inLanguage":"es"}]}},"_links":{"self":[{"href":"https:\/\/visitnavarra.info\/visitnavarra\/wp-json\/wp\/v2\/pages\/7991","targetHints":{"allow":["GET"]}}],"collection":[{"href":"https:\/\/visitnavarra.info\/visitnavarra\/wp-json\/wp\/v2\/pages"}],"about":[{"href":"https:\/\/visitnavarra.info\/visitnavarra\/wp-json\/wp\/v2\/types\/page"}],"author":[{"embeddable":true,"href":"https:\/\/visitnavarra.info\/visitnavarra\/wp-json\/wp\/v2\/users\/1"}],"replies":[{"embeddable":true,"href":"https:\/\/visitnavarra.info\/visitnavarra\/wp-json\/wp\/v2\/comments?post=7991"}],"version-history":[{"count":2,"href":"https:\/\/visitnavarra.info\/visitnavarra\/wp-json\/wp\/v2\/pages\/7991\/revisions"}],"predecessor-version":[{"id":13465,"href":"https:\/\/visitnavarra.info\/visitnavarra\/wp-json\/wp\/v2\/pages\/7991\/revisions\/13465"}],"wp:attachment":[{"href":"https:\/\/visitnavarra.info\/visitnavarra\/wp-json\/wp\/v2\/media?parent=7991"}],"curies":[{"name":"wp","href":"https:\/\/api.w.org\/{rel}","templated":true}]}}