{"id":8030,"date":"2020-12-11T11:38:12","date_gmt":"2020-12-11T11:38:12","guid":{"rendered":"https:\/\/visitnavarra.info\/visitnavarra\/?page_id=8030"},"modified":"2021-02-23T14:51:33","modified_gmt":"2021-02-23T14:51:33","slug":"etapas-camino-de-santiago","status":"publish","type":"page","link":"https:\/\/visitnavarra.info\/visitnavarra\/etapas-camino-de-santiago\/","title":{"rendered":"Etapas Camino de Santiago"},"content":{"rendered":"<p>[vc_row][vc_column width=&#8221;1\/1&#8243;][\/vc_column][\/vc_row][vc_row][vc_column width=&#8221;1\/1&#8243;][vc_column_text]<\/p>\n<h1 style=\"text-align: center;\">Etapas del <strong>Camino de Santiago<\/strong> a su paso por <strong>Navarra<\/strong><\/h1>\n<p>[\/vc_column_text][vc_column_text][\/vc_column_text][\/vc_column][\/vc_row][vc_row][vc_column width=&#8221;1\/1&#8243;]<div class=\"single_image wpb_content_element align-center    \" data-animation=\"none\" data-delay=\"0\"><img loading=\"lazy\" decoding=\"async\" width=\"1500\" height=\"1037\" src=\"https:\/\/visitnavarra.info\/visitnavarra\/wp-content\/uploads\/2020\/12\/jon-tyson-FhwUKOSNYP8-unsplash-CAMINO-SANTIAGO.jpg\" class=\"attachment-full\" alt=\"\" srcset=\"https:\/\/visitnavarra.info\/visitnavarra\/wp-content\/uploads\/2020\/12\/jon-tyson-FhwUKOSNYP8-unsplash-CAMINO-SANTIAGO.jpg 1500w, https:\/\/visitnavarra.info\/visitnavarra\/wp-content\/uploads\/2020\/12\/jon-tyson-FhwUKOSNYP8-unsplash-CAMINO-SANTIAGO-300x207.jpg 300w, https:\/\/visitnavarra.info\/visitnavarra\/wp-content\/uploads\/2020\/12\/jon-tyson-FhwUKOSNYP8-unsplash-CAMINO-SANTIAGO-1024x708.jpg 1024w, https:\/\/visitnavarra.info\/visitnavarra\/wp-content\/uploads\/2020\/12\/jon-tyson-FhwUKOSNYP8-unsplash-CAMINO-SANTIAGO-768x531.jpg 768w\" sizes=\"auto, (max-width: 1500px) 100vw, 1500px\" \/><\/div>[vc_raw_html]JTNDc3BhbiUzRSUzQ2ZvbnQlMjBzdHlsZSUzRCUyMnZlcnRpY2FsLWFsaWduJTNBJTIwaW5oZXJpdCUzQiUyMiUzRSUzQ2ZvbnQlMjBzdHlsZSUzRCUyMnZlcnRpY2FsLWFsaWduJTNBJTIwaW5oZXJpdCUzQiUyMiUzRUZvdG8lMjBkZSUyMCUzQyUyRmZvbnQlM0UlM0MlMkZmb250JTNFJTNDYSUyMGhyZWYlM0QlMjJodHRwcyUzQSUyRiUyRnVuc3BsYXNoLmNvbSUyRiU0MGpvbnR5c29uJTNGdXRtX3NvdXJjZSUzRHVuc3BsYXNoJTI2YW1wJTNCdXRtX21lZGl1bSUzRHJlZmVycmFsJTI2YW1wJTNCdXRtX2NvbnRlbnQlM0RjcmVkaXRDb3B5VGV4dCUyMiUzRSUzQ2ZvbnQlMjBzdHlsZSUzRCUyMnZlcnRpY2FsLWFsaWduJTNBJTIwaW5oZXJpdCUzQiUyMiUzRSUzQ2ZvbnQlMjBzdHlsZSUzRCUyMnZlcnRpY2FsLWFsaWduJTNBJTIwaW5oZXJpdCUzQiUyMiUzRUpvbiUyMFR5c29uJTNDJTJGZm9udCUzRSUzQyUyRmZvbnQlM0UlM0MlMkZhJTNFJTNDZm9udCUyMHN0eWxlJTNEJTIydmVydGljYWwtYWxpZ24lM0ElMjBpbmhlcml0JTNCJTIyJTNFJTNDZm9udCUyMHN0eWxlJTNEJTIydmVydGljYWwtYWxpZ24lM0ElMjBpbmhlcml0JTNCJTIyJTNFJTIwZW4lMjAlM0MlMkZmb250JTNFJTNDJTJGZm9udCUzRSUzQ2ElMjBocmVmJTNEJTIyaHR0cHMlM0ElMkYlMkZ1bnNwbGFzaC5jb20lMkZzJTJGcGhvdG9zJTJGY2FtaW5vLXNhbnRpYWdvJTNGdXRtX3NvdXJjZSUzRHVuc3BsYXNoJTI2YW1wJTNCdXRtX21lZGl1bSUzRHJlZmVycmFsJTI2YW1wJTNCdXRtX2NvbnRlbnQlM0RjcmVkaXRDb3B5VGV4dCUyMiUzRSUzQ2ZvbnQlMjBzdHlsZSUzRCUyMnZlcnRpY2FsLWFsaWduJTNBJTIwaW5oZXJpdCUzQiUyMiUzRSUzQ2ZvbnQlMjBzdHlsZSUzRCUyMnZlcnRpY2FsLWFsaWduJTNBJTIwaW5oZXJpdCUzQiUyMiUzRVVuc3BsYXNoJTNDJTJGZm9udCUzRSUzQyUyRmZvbnQlM0UlM0MlMkZhJTNFJTNDJTJGc3BhbiUzRQ==[\/vc_raw_html][vc_column_text][\/vc_column_text][\/vc_column][\/vc_row][vc_row][vc_column width=&#8221;1\/3&#8243;]<div class=\"single_image wpb_content_element align-center  image_box_border image_zoom \" data-animation=\"none\" data-delay=\"0\"><img loading=\"lazy\" decoding=\"async\" class=\"\" src=\"https:\/\/visitnavarra.info\/visitnavarra\/wp-content\/uploads\/2020\/12\/3964Roncesvalles1-350x220.jpg\" width=\"350\" height=\"220\" alt=\"3964Roncesvalles1\" title=\"3964Roncesvalles1\" \/><\/div>[vc_column_text]<\/p>\n<h3 style=\"text-align: center;\">Etapa 1: Roncesvalles &#8211; Zubiri<\/h3>\n<p>[\/vc_column_text][vc_column_text]<\/p>\n<p style=\"text-align: center;\">De las diferentes rutas que conducen a Santiago de Compostela la m\u00e1s transitada es la francesa, que entra en Espa\u00f1a por Roncesvalles, Navarra, y por Somport, Arag\u00f3n. Lo habitual es comenzar el Camino por Roncesvalles, aunque si se empieza por la poblaci\u00f3n aragonesa, esta ruta confluir\u00e1 con la navarra en Puente la Reina. <a href=\"https:\/\/visitnavarra.info\/visitnavarra\/etapa-1-roncesvalles-zubiri\/\"><strong>Leer m\u00e1s<\/strong><\/a><\/p>\n<p>[\/vc_column_text]<div class=\"divider-title align-center\" ><\/div>[\/vc_column][vc_column width=&#8221;1\/3&#8243;]<div class=\"single_image wpb_content_element align-center  image_box_border image_zoom \" data-animation=\"none\" data-delay=\"0\"><img loading=\"lazy\" decoding=\"async\" class=\"\" src=\"https:\/\/visitnavarra.info\/visitnavarra\/wp-content\/uploads\/2020\/12\/Puente_de_la_Rabia_Zubiri_Navarra-1-350x220.jpg\" width=\"350\" height=\"220\" alt=\"Puente_de_la_Rabia_Zubiri_Navarra-1\" title=\"Puente_de_la_Rabia_Zubiri_Navarra-1\" \/><\/div>[vc_column_text]<\/p>\n<h3 style=\"text-align: center;\">Etapa 2: Zubiri-Pamplona<\/h3>\n<p>[\/vc_column_text][vc_column_text]<\/p>\n<p style=\"text-align: center;\">Tras descansar en Zubiri de la primera agotadora jornada, el peregrino emprender\u00e1 la segunda etapa del Camino que le llevar\u00e1 por Il\u00e1rraz y Esqu\u00edzoz hasta llegar a Larrasoa\u00f1a, donde se halla una Sociedad de Amigos del Camino que aclarar\u00e1 cualquier duda que tenga el caminante.\u00a0<strong><a href=\"https:\/\/visitnavarra.info\/visitnavarra\/etapa-2-de-zubiri-a-pamplona\/\">Leer m\u00e1s<\/a><\/strong><\/p>\n<p>[\/vc_column_text]<div class=\"divider-title align-center\" ><\/div>[\/vc_column][vc_column width=&#8221;1\/3&#8243;]<div class=\"single_image wpb_content_element align-center  image_box_border image_zoom \" data-animation=\"none\" data-delay=\"0\"><img loading=\"lazy\" decoding=\"async\" class=\"\" src=\"https:\/\/visitnavarra.info\/visitnavarra\/wp-content\/uploads\/2020\/11\/Ayuntamiento-Pamplona-350x220.jpg\" width=\"350\" height=\"220\" alt=\"Ayuntamiento Pamplona www.pamplona.es\" title=\"Ayuntamiento Pamplona www.pamplona.es\" \/><\/div>[vc_column_text]<\/p>\n<h3 style=\"text-align: center;\">Etapa 3: Pamplona-Puente La Reina<\/h3>\n<p>[\/vc_column_text][vc_column_text]<\/p>\n<p style=\"text-align: center;\">Antes de partir de Pamplona para llevar a cabo la tercera fase del Camino, se puede disfrutar de esta hermosa e importante ciudad durante la Edad Media; con su deslumbrante catedral g\u00f3tica del siglo XIV, que fue famosa entre los peregrinos del medioevo por las comidas que repart\u00edan diariamente. <a href=\"https:\/\/visitnavarra.info\/visitnavarra\/etapa-3-de-pamplona-a-puente-la-reina\/\"><strong>Leer m\u00e1s<\/strong><\/a><\/p>\n<p>[\/vc_column_text]<div class=\"divider-title align-center\" ><\/div>[\/vc_column][\/vc_row][vc_row][vc_column width=&#8221;1\/3&#8243;]<div class=\"single_image wpb_content_element align-center  image_box_border image_zoom \" data-animation=\"none\" data-delay=\"0\"><img loading=\"lazy\" decoding=\"async\" class=\"\" src=\"https:\/\/visitnavarra.info\/visitnavarra\/wp-content\/uploads\/2020\/12\/PuentelaReina2-scaled-350x220.jpg\" width=\"350\" height=\"220\" alt=\"PuentelaReina2\" title=\"PuentelaReina2\" \/><\/div>[vc_column_text]<\/p>\n<h3 style=\"text-align: center;\">Etapa 4: Puente La Reina-Estella<\/h3>\n<p>[\/vc_column_text][vc_column_text]<\/p>\n<p style=\"text-align: center;\">En Puente la Reina, meta de la tercera etapa, se puede disfrutar de una visita a la Iglesia del Crucifijo (S. XII, XIV), construida por los caballeros templarios. Destaca tambi\u00e9n la Iglesia de Santiago (S. XII), situada en la Calle Mayor y que guarda una de las tallas policromadas del Ap\u00f3stol Santiago m\u00e1s hermosas que se conservan a lo largo de la Ruta Jacobea. <a href=\"https:\/\/visitnavarra.info\/visitnavarra\/etapa-4-de-puente-la-reina-a-estella\/\"><strong>Leer m\u00e1s<\/strong><\/a><\/p>\n<p>[\/vc_column_text][vc_column_text][\/vc_column_text][\/vc_column][vc_column width=&#8221;1\/3&#8243;]<div class=\"single_image wpb_content_element align-center  image_box_border image_zoom \" data-animation=\"none\" data-delay=\"0\"><img loading=\"lazy\" decoding=\"async\" class=\"\" src=\"https:\/\/visitnavarra.info\/visitnavarra\/wp-content\/uploads\/2020\/12\/EstellaLizarraPuentedelaCarcel098ret1-350x220.jpg\" width=\"350\" height=\"220\" alt=\"EstellaLizarraPuentedelaCarcel098ret1\" title=\"EstellaLizarraPuentedelaCarcel098ret1\" \/><\/div>[vc_column_text]<\/p>\n<h3 style=\"text-align: center;\">Etapa 5: Estella-Los Arcos<\/h3>\n<p>[\/vc_column_text][vc_column_text]<\/p>\n<p style=\"text-align: center;\">Estella, popularmente llamada \u00abla peque\u00f1a Toledo\u00bb, ofrece a los peregrinos unas cuantas joyas medievales como la Iglesia de San Pedro de la R\u00faa, del siglo XII, ; la iglesia de San Miguel, siglo XII, ; la del Santo Sepulcro, siglo XII, la de San Juan Bautista, siglo XII; la de San Pedro de Lizarra, y el Palacio de los Reyes, siglo XII. <a href=\"https:\/\/visitnavarra.info\/visitnavarra\/etapa-5-de-estella-a-los-arcos\/\"><strong>Leer m\u00e1s<\/strong><\/a><\/p>\n<p>[\/vc_column_text][vc_column_text][\/vc_column_text][\/vc_column][vc_column width=&#8221;1\/3&#8243;]<div class=\"single_image wpb_content_element align-center  image_box_border image_zoom \" data-animation=\"none\" data-delay=\"0\"><img loading=\"lazy\" decoding=\"async\" class=\"\" src=\"https:\/\/visitnavarra.info\/visitnavarra\/wp-content\/uploads\/2020\/12\/Los_Arcos_Puerta_de_Castilla_Navarra-1024x575-1-350x220.jpg\" width=\"350\" height=\"220\" alt=\"Los_Arcos_Puerta_de_Castilla_Navarra-1024x575\" title=\"Los_Arcos_Puerta_de_Castilla_Navarra-1024x575\" \/><\/div>[vc_column_text]<\/p>\n<h3 style=\"text-align: center;\">Etapa 6: Los Arcos-Logro\u00f1o<\/h3>\n<p>[\/vc_column_text][vc_column_text]<\/p>\n<p style=\"text-align: center;\">Antes de comenzar la sexta etapa del Camino, que conducir\u00e1 a los peregrinos a Logro\u00f1o, \u00e9stos pueden disfrutar de un paseo por la Calle Mayor de la noble villa de Los Arcos, detenerse ante las fachadas de sus se\u00f1oriales casas y contemplar los blasones que las decoran. <a href=\"https:\/\/visitnavarra.info\/visitnavarra\/etapa-6-de-los-arcos-a-logrono\/\"><strong>Leer m\u00e1s<\/strong><\/a><\/p>\n<p>[\/vc_column_text][vc_column_text][\/vc_column_text][\/vc_column][\/vc_row]<\/p>\n","protected":false},"excerpt":{"rendered":"<p>[vc_row][vc_column width=&#8221;1\/1&#8243;][\/vc_column][\/vc_row][vc_row][vc_column width=&#8221;1\/1&#8243;][vc_column_text] Etapas del Camino de Santiago a su paso por Navarra [\/vc_column_text][vc_column_text][\/vc_column_text][\/vc_column][\/vc_row][vc_row][vc_column width=&#8221;1\/1&#8243;][vc_raw_html]JTNDc3BhbiUzRSUzQ2ZvbnQlMjBzdHlsZSUzRCUyMnZlcnRpY2FsLWFsaWduJTNBJTIwaW5oZXJpdCUzQiUyMiUzRSUzQ2ZvbnQlMjBzdHlsZSUzRCUyMnZlcnRpY2FsLWFsaWduJTNBJTIwaW5oZXJpdCUzQiUyMiUzRUZvdG8lMjBkZSUyMCUzQyUyRmZvbnQlM0UlM0MlMkZmb250JTNFJTNDYSUyMGhyZWYlM0QlMjJodHRwcyUzQSUyRiUyRnVuc3BsYXNoLmNvbSUyRiU0MGpvbnR5c29uJTNGdXRtX3NvdXJjZSUzRHVuc3BsYXNoJTI2YW1wJTNCdXRtX21lZGl1bSUzRHJlZmVycmFsJTI2YW1wJTNCdXRtX2NvbnRlbnQlM0RjcmVkaXRDb3B5VGV4dCUyMiUzRSUzQ2ZvbnQlMjBzdHlsZSUzRCUyMnZlcnRpY2FsLWFsaWduJTNBJTIwaW5oZXJpdCUzQiUyMiUzRSUzQ2ZvbnQlMjBzdHlsZSUzRCUyMnZlcnRpY2FsLWFsaWduJTNBJTIwaW5oZXJpdCUzQiUyMiUzRUpvbiUyMFR5c29uJTNDJTJGZm9udCUzRSUzQyUyRmZvbnQlM0UlM0MlMkZhJTNFJTNDZm9udCUyMHN0eWxlJTNEJTIydmVydGljYWwtYWxpZ24lM0ElMjBpbmhlcml0JTNCJTIyJTNFJTNDZm9udCUyMHN0eWxlJTNEJTIydmVydGljYWwtYWxpZ24lM0ElMjBpbmhlcml0JTNCJTIyJTNFJTIwZW4lMjAlM0MlMkZmb250JTNFJTNDJTJGZm9udCUzRSUzQ2ElMjBocmVmJTNEJTIyaHR0cHMlM0ElMkYlMkZ1bnNwbGFzaC5jb20lMkZzJTJGcGhvdG9zJTJGY2FtaW5vLXNhbnRpYWdvJTNGdXRtX3NvdXJjZSUzRHVuc3BsYXNoJTI2YW1wJTNCdXRtX21lZGl1bSUzRHJlZmVycmFsJTI2YW1wJTNCdXRtX2NvbnRlbnQlM0RjcmVkaXRDb3B5VGV4dCUyMiUzRSUzQ2ZvbnQlMjBzdHlsZSUzRCUyMnZlcnRpY2FsLWFsaWduJTNBJTIwaW5oZXJpdCUzQiUyMiUzRSUzQ2ZvbnQlMjBzdHlsZSUzRCUyMnZlcnRpY2FsLWFsaWduJTNBJTIwaW5oZXJpdCUzQiUyMiUzRVVuc3BsYXNoJTNDJTJGZm9udCUzRSUzQyUyRmZvbnQlM0UlM0MlMkZhJTNFJTNDJTJGc3BhbiUzRQ==[\/vc_raw_html][vc_column_text][\/vc_column_text][\/vc_column][\/vc_row][vc_row][vc_column width=&#8221;1\/3&#8243;][vc_column_text] Etapa 1: Roncesvalles &#8211; Zubiri [\/vc_column_text][vc_column_text] De las diferentes rutas que conducen a Santiago de Compostela la m\u00e1s transitada es la francesa, que entra en Espa\u00f1a por Roncesvalles, Navarra, y por Somport, Arag\u00f3n. Lo habitual es comenzar el Camino por Roncesvalles, aunque si se empieza por la poblaci\u00f3n aragonesa, esta ruta confluir\u00e1 con la navarra en Puente la Reina. Leer m\u00e1s [\/vc_column_text][\/vc_column][vc_column width=&#8221;1\/3&#8243;][vc_column_text] Etapa 2: Zubiri-Pamplona [\/vc_column_text][vc_column_text] Tras descansar en Zubiri de la primera agotadora jornada, el peregrino emprender\u00e1 la segunda etapa del Camino que le llevar\u00e1 por Il\u00e1rraz y Esqu\u00edzoz hasta llegar a Larrasoa\u00f1a, donde se halla una Sociedad de Amigos del Camino que aclarar\u00e1 cualquier duda que tenga el caminante.\u00a0Leer m\u00e1s [\/vc_column_text][\/vc_column][vc_column width=&#8221;1\/3&#8243;][vc_column_text] Etapa 3: Pamplona-Puente La Reina [\/vc_column_text][vc_column_text] Antes de partir de Pamplona para llevar a cabo la tercera fase del Camino, se puede disfrutar de esta hermosa e importante ciudad durante la Edad Media; con su deslumbrante catedral g\u00f3tica del siglo XIV, que fue famosa entre los peregrinos del medioevo por las comidas que repart\u00edan diariamente. Leer m\u00e1s [\/vc_column_text][\/vc_column][\/vc_row][vc_row][vc_column width=&#8221;1\/3&#8243;][vc_column_text] Etapa 4: Puente La Reina-Estella [\/vc_column_text][vc_column_text] En Puente la Reina, [&hellip;]<\/p>\n","protected":false},"author":1,"featured_media":0,"parent":0,"menu_order":0,"comment_status":"closed","ping_status":"closed","template":"","meta":{"footnotes":""},"class_list":["post-8030","page","type-page","status-publish","hentry"],"yoast_head":"<!-- This site is optimized with the Yoast SEO plugin v23.5 - https:\/\/yoast.com\/wordpress\/plugins\/seo\/ -->\n<title>Etapas del Camino de SantiagoEtapas Camino de Santiago - VisitNavarra<\/title>\n<meta name=\"description\" content=\"Descubre el Camino de Santiago en su paso por Navarra, a trav\u00e9s de las seis rutas propuestas, roncesvalles, zubiri, pamplona, etc.\" \/>\n<meta name=\"robots\" content=\"index, follow, max-snippet:-1, max-image-preview:large, max-video-preview:-1\" \/>\n<link rel=\"canonical\" href=\"https:\/\/visitnavarra.info\/visitnavarra\/etapas-camino-de-santiago\/\" \/>\n<meta property=\"og:locale\" content=\"es_ES\" \/>\n<meta property=\"og:type\" content=\"article\" \/>\n<meta property=\"og:title\" content=\"Etapas del Camino de SantiagoEtapas Camino de Santiago - VisitNavarra\" \/>\n<meta property=\"og:description\" content=\"Descubre el Camino de Santiago en su paso por Navarra, a trav\u00e9s de las seis rutas propuestas, roncesvalles, zubiri, pamplona, etc.\" \/>\n<meta property=\"og:url\" content=\"https:\/\/visitnavarra.info\/visitnavarra\/etapas-camino-de-santiago\/\" \/>\n<meta property=\"og:site_name\" content=\"VisitNavarra\" \/>\n<meta property=\"article:modified_time\" content=\"2021-02-23T14:51:33+00:00\" \/>\n<meta name=\"twitter:card\" content=\"summary_large_image\" \/>\n<meta name=\"twitter:label1\" content=\"Tiempo de lectura\" \/>\n\t<meta name=\"twitter:data1\" content=\"4 minutos\" \/>\n<script type=\"application\/ld+json\" class=\"yoast-schema-graph\">{\"@context\":\"https:\/\/schema.org\",\"@graph\":[{\"@type\":\"WebPage\",\"@id\":\"https:\/\/visitnavarra.info\/visitnavarra\/etapas-camino-de-santiago\/\",\"url\":\"https:\/\/visitnavarra.info\/visitnavarra\/etapas-camino-de-santiago\/\",\"name\":\"Etapas del Camino de SantiagoEtapas Camino de Santiago - VisitNavarra\",\"isPartOf\":{\"@id\":\"https:\/\/visitnavarra.info\/visitnavarra\/#website\"},\"datePublished\":\"2020-12-11T11:38:12+00:00\",\"dateModified\":\"2021-02-23T14:51:33+00:00\",\"description\":\"Descubre el Camino de Santiago en su paso por Navarra, a trav\u00e9s de las seis rutas propuestas, roncesvalles, zubiri, pamplona, etc.\",\"breadcrumb\":{\"@id\":\"https:\/\/visitnavarra.info\/visitnavarra\/etapas-camino-de-santiago\/#breadcrumb\"},\"inLanguage\":\"es\",\"potentialAction\":[{\"@type\":\"ReadAction\",\"target\":[\"https:\/\/visitnavarra.info\/visitnavarra\/etapas-camino-de-santiago\/\"]}]},{\"@type\":\"BreadcrumbList\",\"@id\":\"https:\/\/visitnavarra.info\/visitnavarra\/etapas-camino-de-santiago\/#breadcrumb\",\"itemListElement\":[{\"@type\":\"ListItem\",\"position\":1,\"name\":\"Portada\",\"item\":\"https:\/\/visitnavarra.info\/visitnavarra\/\"},{\"@type\":\"ListItem\",\"position\":2,\"name\":\"Etapas Camino de Santiago\"}]},{\"@type\":\"WebSite\",\"@id\":\"https:\/\/visitnavarra.info\/visitnavarra\/#website\",\"url\":\"https:\/\/visitnavarra.info\/visitnavarra\/\",\"name\":\"VisitNavarra\",\"description\":\"Alojamiento y experiencias tur\u00edsticas en Navarra; qu\u00e9 visitar en Navarra; comer en Navarra\",\"potentialAction\":[{\"@type\":\"SearchAction\",\"target\":{\"@type\":\"EntryPoint\",\"urlTemplate\":\"https:\/\/visitnavarra.info\/visitnavarra\/?s={search_term_string}\"},\"query-input\":{\"@type\":\"PropertyValueSpecification\",\"valueRequired\":true,\"valueName\":\"search_term_string\"}}],\"inLanguage\":\"es\"}]}<\/script>\n<!-- \/ Yoast SEO plugin. -->","yoast_head_json":{"title":"Etapas del Camino de SantiagoEtapas Camino de Santiago - VisitNavarra","description":"Descubre el Camino de Santiago en su paso por Navarra, a trav\u00e9s de las seis rutas propuestas, roncesvalles, zubiri, pamplona, etc.","robots":{"index":"index","follow":"follow","max-snippet":"max-snippet:-1","max-image-preview":"max-image-preview:large","max-video-preview":"max-video-preview:-1"},"canonical":"https:\/\/visitnavarra.info\/visitnavarra\/etapas-camino-de-santiago\/","og_locale":"es_ES","og_type":"article","og_title":"Etapas del Camino de SantiagoEtapas Camino de Santiago - VisitNavarra","og_description":"Descubre el Camino de Santiago en su paso por Navarra, a trav\u00e9s de las seis rutas propuestas, roncesvalles, zubiri, pamplona, etc.","og_url":"https:\/\/visitnavarra.info\/visitnavarra\/etapas-camino-de-santiago\/","og_site_name":"VisitNavarra","article_modified_time":"2021-02-23T14:51:33+00:00","twitter_card":"summary_large_image","twitter_misc":{"Tiempo de lectura":"4 minutos"},"schema":{"@context":"https:\/\/schema.org","@graph":[{"@type":"WebPage","@id":"https:\/\/visitnavarra.info\/visitnavarra\/etapas-camino-de-santiago\/","url":"https:\/\/visitnavarra.info\/visitnavarra\/etapas-camino-de-santiago\/","name":"Etapas del Camino de SantiagoEtapas Camino de Santiago - VisitNavarra","isPartOf":{"@id":"https:\/\/visitnavarra.info\/visitnavarra\/#website"},"datePublished":"2020-12-11T11:38:12+00:00","dateModified":"2021-02-23T14:51:33+00:00","description":"Descubre el Camino de Santiago en su paso por Navarra, a trav\u00e9s de las seis rutas propuestas, roncesvalles, zubiri, pamplona, etc.","breadcrumb":{"@id":"https:\/\/visitnavarra.info\/visitnavarra\/etapas-camino-de-santiago\/#breadcrumb"},"inLanguage":"es","potentialAction":[{"@type":"ReadAction","target":["https:\/\/visitnavarra.info\/visitnavarra\/etapas-camino-de-santiago\/"]}]},{"@type":"BreadcrumbList","@id":"https:\/\/visitnavarra.info\/visitnavarra\/etapas-camino-de-santiago\/#breadcrumb","itemListElement":[{"@type":"ListItem","position":1,"name":"Portada","item":"https:\/\/visitnavarra.info\/visitnavarra\/"},{"@type":"ListItem","position":2,"name":"Etapas Camino de Santiago"}]},{"@type":"WebSite","@id":"https:\/\/visitnavarra.info\/visitnavarra\/#website","url":"https:\/\/visitnavarra.info\/visitnavarra\/","name":"VisitNavarra","description":"Alojamiento y experiencias tur\u00edsticas en Navarra; qu\u00e9 visitar en Navarra; comer en Navarra","potentialAction":[{"@type":"SearchAction","target":{"@type":"EntryPoint","urlTemplate":"https:\/\/visitnavarra.info\/visitnavarra\/?s={search_term_string}"},"query-input":{"@type":"PropertyValueSpecification","valueRequired":true,"valueName":"search_term_string"}}],"inLanguage":"es"}]}},"_links":{"self":[{"href":"https:\/\/visitnavarra.info\/visitnavarra\/wp-json\/wp\/v2\/pages\/8030","targetHints":{"allow":["GET"]}}],"collection":[{"href":"https:\/\/visitnavarra.info\/visitnavarra\/wp-json\/wp\/v2\/pages"}],"about":[{"href":"https:\/\/visitnavarra.info\/visitnavarra\/wp-json\/wp\/v2\/types\/page"}],"author":[{"embeddable":true,"href":"https:\/\/visitnavarra.info\/visitnavarra\/wp-json\/wp\/v2\/users\/1"}],"replies":[{"embeddable":true,"href":"https:\/\/visitnavarra.info\/visitnavarra\/wp-json\/wp\/v2\/comments?post=8030"}],"version-history":[{"count":25,"href":"https:\/\/visitnavarra.info\/visitnavarra\/wp-json\/wp\/v2\/pages\/8030\/revisions"}],"predecessor-version":[{"id":8210,"href":"https:\/\/visitnavarra.info\/visitnavarra\/wp-json\/wp\/v2\/pages\/8030\/revisions\/8210"}],"wp:attachment":[{"href":"https:\/\/visitnavarra.info\/visitnavarra\/wp-json\/wp\/v2\/media?parent=8030"}],"curies":[{"name":"wp","href":"https:\/\/api.w.org\/{rel}","templated":true}]}}