{"id":8085,"date":"2020-12-14T12:55:49","date_gmt":"2020-12-14T12:55:49","guid":{"rendered":"https:\/\/visitnavarra.info\/visitnavarra\/?page_id=8085"},"modified":"2020-12-15T10:27:09","modified_gmt":"2020-12-15T10:27:09","slug":"etapa-1-roncesvalles-zubiri","status":"publish","type":"page","link":"https:\/\/visitnavarra.info\/visitnavarra\/etapa-1-roncesvalles-zubiri\/","title":{"rendered":"Etapa 1: Roncesvalles \u2013 Zubiri"},"content":{"rendered":"<p>[vc_row][vc_column width=&#8221;1\/1&#8243;][vc_column_text]<\/p>\n<h1 style=\"text-align: center;\">Etapa 1: Roncesvalles \u2013 Zubiri<\/h1>\n<p>[\/vc_column_text][vc_column_text][\/vc_column_text][\/vc_column][\/vc_row][vc_row][vc_column width=&#8221;1\/1&#8243;]<div class=\"single_image wpb_content_element align-center    \" data-animation=\"none\" data-delay=\"0\"><img loading=\"lazy\" decoding=\"async\" width=\"1500\" height=\"942\" src=\"https:\/\/visitnavarra.info\/visitnavarra\/wp-content\/uploads\/2020\/12\/3964Roncesvalles1.jpg\" class=\"attachment-full\" alt=\"\" srcset=\"https:\/\/visitnavarra.info\/visitnavarra\/wp-content\/uploads\/2020\/12\/3964Roncesvalles1.jpg 1500w, https:\/\/visitnavarra.info\/visitnavarra\/wp-content\/uploads\/2020\/12\/3964Roncesvalles1-300x188.jpg 300w, https:\/\/visitnavarra.info\/visitnavarra\/wp-content\/uploads\/2020\/12\/3964Roncesvalles1-1024x643.jpg 1024w, https:\/\/visitnavarra.info\/visitnavarra\/wp-content\/uploads\/2020\/12\/3964Roncesvalles1-768x482.jpg 768w\" sizes=\"auto, (max-width: 1500px) 100vw, 1500px\" \/><\/div>[vc_column_text][\/vc_column_text][\/vc_column][\/vc_row][vc_row][vc_column width=&#8221;1\/1&#8243;][vc_column_text]La etapa inicial en Roncevalles y finaliza en Zubiri (26,20 kil\u00f3metros) con unos tramos de descenso largos y acusados que se combinan con rampas hacia arriba que hacen que la jornada se dura y exigente para las piernas.<\/p>\n<p>Dejando Roncesvalles a trav\u00e9s de una pista de gravilla que luego se convierte en tierra, a trav\u00e9s del Bosque de Sorginaritzaga a Burguete. Esta peque\u00f1a localidad forma parte de la ruta Hemingway.<\/p>\n<p>Siguiendo la carretera local llegaremos hasta Espinal que se encuentra a 20 km de Zubiri. Comenzaremos la subida hasta el alto de Mezkiritz, tramo exigente.<\/p>\n<p>Nos cruzaremos de nuevo con la carretera N-135 y cogeremos estrecho camino a ala derecha hasta llegar a una rotonda. All\u00ed encontramos un tramo enlosado que nos llevar\u00e1 hasta Guerendiain.<\/p>\n<p>La siguiente localidad siguiendo el camino es Lintzo\u00e1in.<\/p>\n<p>Comenzaremos el ascenso hasta el alto de Erro de gran belleza paisaj\u00edstica.<\/p>\n<p>Para finalizar comenzaremos a descender hasta Zubiri que se encuentra a 4 kms., prestando mucha atenci\u00f3n ya que el firme y las rampas son complicadas.[\/vc_column_text][\/vc_column][\/vc_row]<\/p>\n","protected":false},"excerpt":{"rendered":"<p>[vc_row][vc_column width=&#8221;1\/1&#8243;][vc_column_text] Etapa 1: Roncesvalles \u2013 Zubiri [\/vc_column_text][vc_column_text][\/vc_column_text][\/vc_column][\/vc_row][vc_row][vc_column width=&#8221;1\/1&#8243;][vc_column_text][\/vc_column_text][\/vc_column][\/vc_row][vc_row][vc_column width=&#8221;1\/1&#8243;][vc_column_text]La etapa inicial en Roncevalles y finaliza en Zubiri (26,20 kil\u00f3metros) con unos tramos de descenso largos y acusados que se combinan con rampas hacia arriba que hacen que la jornada se dura y exigente para las piernas. Dejando Roncesvalles a trav\u00e9s de una pista de gravilla que luego se convierte en tierra, a trav\u00e9s del Bosque de Sorginaritzaga a Burguete. Esta peque\u00f1a localidad forma parte de la ruta Hemingway. Siguiendo la carretera local llegaremos hasta Espinal que se encuentra a 20 km de Zubiri. Comenzaremos la subida hasta el alto de Mezkiritz, tramo exigente. Nos cruzaremos de nuevo con la carretera N-135 y cogeremos estrecho camino a ala derecha hasta llegar a una rotonda. All\u00ed encontramos un tramo enlosado que nos llevar\u00e1 hasta Guerendiain. La siguiente localidad siguiendo el camino es Lintzo\u00e1in. Comenzaremos el ascenso hasta el alto de Erro de gran belleza paisaj\u00edstica. Para finalizar comenzaremos a descender hasta Zubiri que se encuentra a 4 kms., prestando mucha atenci\u00f3n ya que el firme y las rampas son complicadas.[\/vc_column_text][\/vc_column][\/vc_row]<\/p>\n","protected":false},"author":1,"featured_media":0,"parent":0,"menu_order":0,"comment_status":"closed","ping_status":"closed","template":"","meta":{"footnotes":""},"class_list":["post-8085","page","type-page","status-publish","hentry"],"yoast_head":"<!-- This site is optimized with the Yoast SEO plugin v23.5 - https:\/\/yoast.com\/wordpress\/plugins\/seo\/ -->\n<title>Roncesvalles \u2013 ZubiriEtapa 1: Roncesvalles \u2013 Zubiri - VisitNavarra<\/title>\n<meta name=\"description\" content=\"Etapa 1: Roncesvalles \u2013 Zubiri: De las diferentes rutas que conducen a Santiago de Compostela la m\u00e1s transitada es la francesa\" \/>\n<meta name=\"robots\" content=\"index, follow, max-snippet:-1, max-image-preview:large, max-video-preview:-1\" \/>\n<link rel=\"canonical\" href=\"https:\/\/visitnavarra.info\/visitnavarra\/etapa-1-roncesvalles-zubiri\/\" \/>\n<meta property=\"og:locale\" content=\"es_ES\" \/>\n<meta property=\"og:type\" content=\"article\" \/>\n<meta property=\"og:title\" content=\"Roncesvalles \u2013 ZubiriEtapa 1: Roncesvalles \u2013 Zubiri - VisitNavarra\" \/>\n<meta property=\"og:description\" content=\"Etapa 1: Roncesvalles \u2013 Zubiri: De las diferentes rutas que conducen a Santiago de Compostela la m\u00e1s transitada es la francesa\" \/>\n<meta property=\"og:url\" content=\"https:\/\/visitnavarra.info\/visitnavarra\/etapa-1-roncesvalles-zubiri\/\" \/>\n<meta property=\"og:site_name\" content=\"VisitNavarra\" \/>\n<meta property=\"article:modified_time\" content=\"2020-12-15T10:27:09+00:00\" \/>\n<meta name=\"twitter:card\" content=\"summary_large_image\" \/>\n<meta name=\"twitter:label1\" content=\"Tiempo de lectura\" \/>\n\t<meta name=\"twitter:data1\" content=\"1 minuto\" \/>\n<script type=\"application\/ld+json\" class=\"yoast-schema-graph\">{\"@context\":\"https:\/\/schema.org\",\"@graph\":[{\"@type\":\"WebPage\",\"@id\":\"https:\/\/visitnavarra.info\/visitnavarra\/etapa-1-roncesvalles-zubiri\/\",\"url\":\"https:\/\/visitnavarra.info\/visitnavarra\/etapa-1-roncesvalles-zubiri\/\",\"name\":\"Roncesvalles \u2013 ZubiriEtapa 1: Roncesvalles \u2013 Zubiri - VisitNavarra\",\"isPartOf\":{\"@id\":\"https:\/\/visitnavarra.info\/visitnavarra\/#website\"},\"datePublished\":\"2020-12-14T12:55:49+00:00\",\"dateModified\":\"2020-12-15T10:27:09+00:00\",\"description\":\"Etapa 1: Roncesvalles \u2013 Zubiri: De las diferentes rutas que conducen a Santiago de Compostela la m\u00e1s transitada es la francesa\",\"breadcrumb\":{\"@id\":\"https:\/\/visitnavarra.info\/visitnavarra\/etapa-1-roncesvalles-zubiri\/#breadcrumb\"},\"inLanguage\":\"es\",\"potentialAction\":[{\"@type\":\"ReadAction\",\"target\":[\"https:\/\/visitnavarra.info\/visitnavarra\/etapa-1-roncesvalles-zubiri\/\"]}]},{\"@type\":\"BreadcrumbList\",\"@id\":\"https:\/\/visitnavarra.info\/visitnavarra\/etapa-1-roncesvalles-zubiri\/#breadcrumb\",\"itemListElement\":[{\"@type\":\"ListItem\",\"position\":1,\"name\":\"Portada\",\"item\":\"https:\/\/visitnavarra.info\/visitnavarra\/\"},{\"@type\":\"ListItem\",\"position\":2,\"name\":\"Etapa 1: Roncesvalles \u2013 Zubiri\"}]},{\"@type\":\"WebSite\",\"@id\":\"https:\/\/visitnavarra.info\/visitnavarra\/#website\",\"url\":\"https:\/\/visitnavarra.info\/visitnavarra\/\",\"name\":\"VisitNavarra\",\"description\":\"Alojamiento y experiencias tur\u00edsticas en Navarra; qu\u00e9 visitar en Navarra; comer en Navarra\",\"potentialAction\":[{\"@type\":\"SearchAction\",\"target\":{\"@type\":\"EntryPoint\",\"urlTemplate\":\"https:\/\/visitnavarra.info\/visitnavarra\/?s={search_term_string}\"},\"query-input\":{\"@type\":\"PropertyValueSpecification\",\"valueRequired\":true,\"valueName\":\"search_term_string\"}}],\"inLanguage\":\"es\"}]}<\/script>\n<!-- \/ Yoast SEO plugin. -->","yoast_head_json":{"title":"Roncesvalles \u2013 ZubiriEtapa 1: Roncesvalles \u2013 Zubiri - VisitNavarra","description":"Etapa 1: Roncesvalles \u2013 Zubiri: De las diferentes rutas que conducen a Santiago de Compostela la m\u00e1s transitada es la francesa","robots":{"index":"index","follow":"follow","max-snippet":"max-snippet:-1","max-image-preview":"max-image-preview:large","max-video-preview":"max-video-preview:-1"},"canonical":"https:\/\/visitnavarra.info\/visitnavarra\/etapa-1-roncesvalles-zubiri\/","og_locale":"es_ES","og_type":"article","og_title":"Roncesvalles \u2013 ZubiriEtapa 1: Roncesvalles \u2013 Zubiri - VisitNavarra","og_description":"Etapa 1: Roncesvalles \u2013 Zubiri: De las diferentes rutas que conducen a Santiago de Compostela la m\u00e1s transitada es la francesa","og_url":"https:\/\/visitnavarra.info\/visitnavarra\/etapa-1-roncesvalles-zubiri\/","og_site_name":"VisitNavarra","article_modified_time":"2020-12-15T10:27:09+00:00","twitter_card":"summary_large_image","twitter_misc":{"Tiempo de lectura":"1 minuto"},"schema":{"@context":"https:\/\/schema.org","@graph":[{"@type":"WebPage","@id":"https:\/\/visitnavarra.info\/visitnavarra\/etapa-1-roncesvalles-zubiri\/","url":"https:\/\/visitnavarra.info\/visitnavarra\/etapa-1-roncesvalles-zubiri\/","name":"Roncesvalles \u2013 ZubiriEtapa 1: Roncesvalles \u2013 Zubiri - VisitNavarra","isPartOf":{"@id":"https:\/\/visitnavarra.info\/visitnavarra\/#website"},"datePublished":"2020-12-14T12:55:49+00:00","dateModified":"2020-12-15T10:27:09+00:00","description":"Etapa 1: Roncesvalles \u2013 Zubiri: De las diferentes rutas que conducen a Santiago de Compostela la m\u00e1s transitada es la francesa","breadcrumb":{"@id":"https:\/\/visitnavarra.info\/visitnavarra\/etapa-1-roncesvalles-zubiri\/#breadcrumb"},"inLanguage":"es","potentialAction":[{"@type":"ReadAction","target":["https:\/\/visitnavarra.info\/visitnavarra\/etapa-1-roncesvalles-zubiri\/"]}]},{"@type":"BreadcrumbList","@id":"https:\/\/visitnavarra.info\/visitnavarra\/etapa-1-roncesvalles-zubiri\/#breadcrumb","itemListElement":[{"@type":"ListItem","position":1,"name":"Portada","item":"https:\/\/visitnavarra.info\/visitnavarra\/"},{"@type":"ListItem","position":2,"name":"Etapa 1: Roncesvalles \u2013 Zubiri"}]},{"@type":"WebSite","@id":"https:\/\/visitnavarra.info\/visitnavarra\/#website","url":"https:\/\/visitnavarra.info\/visitnavarra\/","name":"VisitNavarra","description":"Alojamiento y experiencias tur\u00edsticas en Navarra; qu\u00e9 visitar en Navarra; comer en Navarra","potentialAction":[{"@type":"SearchAction","target":{"@type":"EntryPoint","urlTemplate":"https:\/\/visitnavarra.info\/visitnavarra\/?s={search_term_string}"},"query-input":{"@type":"PropertyValueSpecification","valueRequired":true,"valueName":"search_term_string"}}],"inLanguage":"es"}]}},"_links":{"self":[{"href":"https:\/\/visitnavarra.info\/visitnavarra\/wp-json\/wp\/v2\/pages\/8085","targetHints":{"allow":["GET"]}}],"collection":[{"href":"https:\/\/visitnavarra.info\/visitnavarra\/wp-json\/wp\/v2\/pages"}],"about":[{"href":"https:\/\/visitnavarra.info\/visitnavarra\/wp-json\/wp\/v2\/types\/page"}],"author":[{"embeddable":true,"href":"https:\/\/visitnavarra.info\/visitnavarra\/wp-json\/wp\/v2\/users\/1"}],"replies":[{"embeddable":true,"href":"https:\/\/visitnavarra.info\/visitnavarra\/wp-json\/wp\/v2\/comments?post=8085"}],"version-history":[{"count":3,"href":"https:\/\/visitnavarra.info\/visitnavarra\/wp-json\/wp\/v2\/pages\/8085\/revisions"}],"predecessor-version":[{"id":8103,"href":"https:\/\/visitnavarra.info\/visitnavarra\/wp-json\/wp\/v2\/pages\/8085\/revisions\/8103"}],"wp:attachment":[{"href":"https:\/\/visitnavarra.info\/visitnavarra\/wp-json\/wp\/v2\/media?parent=8085"}],"curies":[{"name":"wp","href":"https:\/\/api.w.org\/{rel}","templated":true}]}}