{"id":8090,"date":"2020-12-14T13:00:25","date_gmt":"2020-12-14T13:00:25","guid":{"rendered":"https:\/\/visitnavarra.info\/visitnavarra\/?page_id=8090"},"modified":"2020-12-14T13:01:15","modified_gmt":"2020-12-14T13:01:15","slug":"etapa-2-de-zubiri-a-pamplona","status":"publish","type":"page","link":"https:\/\/visitnavarra.info\/visitnavarra\/etapa-2-de-zubiri-a-pamplona\/","title":{"rendered":"Etapa 2: de Zubiri a Pamplona"},"content":{"rendered":"<p>[vc_row][vc_column width=&#8221;1\/1&#8243;][vc_column_text]<\/p>\n<h1 style=\"text-align: center;\">Etapa 2: de Zubiri a Pamplona<\/h1>\n<p>[\/vc_column_text][vc_column_text][\/vc_column_text][\/vc_column][\/vc_row][vc_row][vc_column width=&#8221;1\/1&#8243;]<div class=\"single_image wpb_content_element align-center    \" data-animation=\"none\" data-delay=\"0\"><img loading=\"lazy\" decoding=\"async\" width=\"1024\" height=\"575\" src=\"https:\/\/visitnavarra.info\/visitnavarra\/wp-content\/uploads\/2020\/12\/Puente_de_la_Rabia_Zubiri_Navarra-1.jpg\" class=\"attachment-full\" alt=\"\" srcset=\"https:\/\/visitnavarra.info\/visitnavarra\/wp-content\/uploads\/2020\/12\/Puente_de_la_Rabia_Zubiri_Navarra-1.jpg 1024w, https:\/\/visitnavarra.info\/visitnavarra\/wp-content\/uploads\/2020\/12\/Puente_de_la_Rabia_Zubiri_Navarra-1-300x168.jpg 300w, https:\/\/visitnavarra.info\/visitnavarra\/wp-content\/uploads\/2020\/12\/Puente_de_la_Rabia_Zubiri_Navarra-1-768x431.jpg 768w, https:\/\/visitnavarra.info\/visitnavarra\/wp-content\/uploads\/2020\/12\/Puente_de_la_Rabia_Zubiri_Navarra-1-1000x563.jpg 1000w\" sizes=\"auto, (max-width: 1024px) 100vw, 1024px\" \/><\/div>[vc_column_text][\/vc_column_text][\/vc_column][\/vc_row][vc_row][vc_column width=&#8221;1\/1&#8243;][vc_column_text]Tras descansar en Zubiri de la primera agotadora jornada, el peregrino emprender\u00e1 la segunda etapa del Camino que le llevar\u00e1 por Il\u00e1rraz y Esqu\u00edzoz hasta llegar a Larrasoa\u00f1a, donde se halla una Sociedad de Amigos del Camino que aclarar\u00e1 cualquier duda que tenga el caminante.<\/p>\n<p>La Ruta transcurre despu\u00e9s por Aquerreta, con su Iglesia de la Transfiguraci\u00f3n, llega a Zuri\u00e1in que posee el templo de San Mill\u00e1n, cruza el r\u00edo Arga, en Iroz, por un hermos\u00edsimo puente rom\u00e1nico y alcanza el pueblo de Zabaldica donde el peregrino puede visitar la imagen de Santiago que guarda su Iglesia de San Esteban.<\/p>\n<p>Posteriormente, el Camino pasa por Arleta, aqu\u00ed se puede disfrutar de su rom\u00e1nica Iglesia de Santa Marina que posee una imagen moderna de Santiago.<\/p>\n<p>La siguiente poblaci\u00f3n que aparece en la Ruta es Trinidad de Arre, donde hubo un peque\u00f1o hospital (siglo XIV) dependiente del de Roncevalles. Contin\u00faa despu\u00e9s el trayecto por Villava y Burlada hasta alcanzar Pamplona, meta de la segunda jornada del Camino de Santiago.[\/vc_column_text][\/vc_column][\/vc_row]<\/p>\n","protected":false},"excerpt":{"rendered":"<p>[vc_row][vc_column width=&#8221;1\/1&#8243;][vc_column_text] Etapa 2: de Zubiri a Pamplona [\/vc_column_text][vc_column_text][\/vc_column_text][\/vc_column][\/vc_row][vc_row][vc_column width=&#8221;1\/1&#8243;][vc_column_text][\/vc_column_text][\/vc_column][\/vc_row][vc_row][vc_column width=&#8221;1\/1&#8243;][vc_column_text]Tras descansar en Zubiri de la primera agotadora jornada, el peregrino emprender\u00e1 la segunda etapa del Camino que le llevar\u00e1 por Il\u00e1rraz y Esqu\u00edzoz hasta llegar a Larrasoa\u00f1a, donde se halla una Sociedad de Amigos del Camino que aclarar\u00e1 cualquier duda que tenga el caminante. La Ruta transcurre despu\u00e9s por Aquerreta, con su Iglesia de la Transfiguraci\u00f3n, llega a Zuri\u00e1in que posee el templo de San Mill\u00e1n, cruza el r\u00edo Arga, en Iroz, por un hermos\u00edsimo puente rom\u00e1nico y alcanza el pueblo de Zabaldica donde el peregrino puede visitar la imagen de Santiago que guarda su Iglesia de San Esteban. Posteriormente, el Camino pasa por Arleta, aqu\u00ed se puede disfrutar de su rom\u00e1nica Iglesia de Santa Marina que posee una imagen moderna de Santiago. La siguiente poblaci\u00f3n que aparece en la Ruta es Trinidad de Arre, donde hubo un peque\u00f1o hospital (siglo XIV) dependiente del de Roncevalles. Contin\u00faa despu\u00e9s el trayecto por Villava y Burlada hasta alcanzar Pamplona, meta de la segunda jornada del Camino de Santiago.[\/vc_column_text][\/vc_column][\/vc_row]<\/p>\n","protected":false},"author":1,"featured_media":0,"parent":0,"menu_order":0,"comment_status":"closed","ping_status":"closed","template":"","meta":{"footnotes":""},"class_list":["post-8090","page","type-page","status-publish","hentry"],"yoast_head":"<!-- This site is optimized with the Yoast SEO plugin v23.5 - https:\/\/yoast.com\/wordpress\/plugins\/seo\/ -->\n<title>Etapa 2: de Zubiri a PamplonaEtapa 2: de Zubiri a Pamplona - VisitNavarra<\/title>\n<meta name=\"description\" content=\"Tras descansar en Zubiri de la primera agotadora jornada, el peregrino emprender\u00e1 la segunda etapa del Camino\" \/>\n<meta name=\"robots\" content=\"index, follow, max-snippet:-1, max-image-preview:large, max-video-preview:-1\" \/>\n<link rel=\"canonical\" href=\"https:\/\/visitnavarra.info\/visitnavarra\/etapa-2-de-zubiri-a-pamplona\/\" \/>\n<meta property=\"og:locale\" content=\"es_ES\" \/>\n<meta property=\"og:type\" content=\"article\" \/>\n<meta property=\"og:title\" content=\"Etapa 2: de Zubiri a PamplonaEtapa 2: de Zubiri a Pamplona - VisitNavarra\" \/>\n<meta property=\"og:description\" content=\"Tras descansar en Zubiri de la primera agotadora jornada, el peregrino emprender\u00e1 la segunda etapa del Camino\" \/>\n<meta property=\"og:url\" content=\"https:\/\/visitnavarra.info\/visitnavarra\/etapa-2-de-zubiri-a-pamplona\/\" \/>\n<meta property=\"og:site_name\" content=\"VisitNavarra\" \/>\n<meta property=\"article:modified_time\" content=\"2020-12-14T13:01:15+00:00\" \/>\n<meta name=\"twitter:card\" content=\"summary_large_image\" \/>\n<meta name=\"twitter:label1\" content=\"Tiempo de lectura\" \/>\n\t<meta name=\"twitter:data1\" content=\"1 minuto\" \/>\n<script type=\"application\/ld+json\" class=\"yoast-schema-graph\">{\"@context\":\"https:\/\/schema.org\",\"@graph\":[{\"@type\":\"WebPage\",\"@id\":\"https:\/\/visitnavarra.info\/visitnavarra\/etapa-2-de-zubiri-a-pamplona\/\",\"url\":\"https:\/\/visitnavarra.info\/visitnavarra\/etapa-2-de-zubiri-a-pamplona\/\",\"name\":\"Etapa 2: de Zubiri a PamplonaEtapa 2: de Zubiri a Pamplona - VisitNavarra\",\"isPartOf\":{\"@id\":\"https:\/\/visitnavarra.info\/visitnavarra\/#website\"},\"datePublished\":\"2020-12-14T13:00:25+00:00\",\"dateModified\":\"2020-12-14T13:01:15+00:00\",\"description\":\"Tras descansar en Zubiri de la primera agotadora jornada, el peregrino emprender\u00e1 la segunda etapa del Camino\",\"breadcrumb\":{\"@id\":\"https:\/\/visitnavarra.info\/visitnavarra\/etapa-2-de-zubiri-a-pamplona\/#breadcrumb\"},\"inLanguage\":\"es\",\"potentialAction\":[{\"@type\":\"ReadAction\",\"target\":[\"https:\/\/visitnavarra.info\/visitnavarra\/etapa-2-de-zubiri-a-pamplona\/\"]}]},{\"@type\":\"BreadcrumbList\",\"@id\":\"https:\/\/visitnavarra.info\/visitnavarra\/etapa-2-de-zubiri-a-pamplona\/#breadcrumb\",\"itemListElement\":[{\"@type\":\"ListItem\",\"position\":1,\"name\":\"Portada\",\"item\":\"https:\/\/visitnavarra.info\/visitnavarra\/\"},{\"@type\":\"ListItem\",\"position\":2,\"name\":\"Etapa 2: de Zubiri a Pamplona\"}]},{\"@type\":\"WebSite\",\"@id\":\"https:\/\/visitnavarra.info\/visitnavarra\/#website\",\"url\":\"https:\/\/visitnavarra.info\/visitnavarra\/\",\"name\":\"VisitNavarra\",\"description\":\"Alojamiento y experiencias tur\u00edsticas en Navarra; qu\u00e9 visitar en Navarra; comer en Navarra\",\"potentialAction\":[{\"@type\":\"SearchAction\",\"target\":{\"@type\":\"EntryPoint\",\"urlTemplate\":\"https:\/\/visitnavarra.info\/visitnavarra\/?s={search_term_string}\"},\"query-input\":{\"@type\":\"PropertyValueSpecification\",\"valueRequired\":true,\"valueName\":\"search_term_string\"}}],\"inLanguage\":\"es\"}]}<\/script>\n<!-- \/ Yoast SEO plugin. -->","yoast_head_json":{"title":"Etapa 2: de Zubiri a PamplonaEtapa 2: de Zubiri a Pamplona - VisitNavarra","description":"Tras descansar en Zubiri de la primera agotadora jornada, el peregrino emprender\u00e1 la segunda etapa del Camino","robots":{"index":"index","follow":"follow","max-snippet":"max-snippet:-1","max-image-preview":"max-image-preview:large","max-video-preview":"max-video-preview:-1"},"canonical":"https:\/\/visitnavarra.info\/visitnavarra\/etapa-2-de-zubiri-a-pamplona\/","og_locale":"es_ES","og_type":"article","og_title":"Etapa 2: de Zubiri a PamplonaEtapa 2: de Zubiri a Pamplona - VisitNavarra","og_description":"Tras descansar en Zubiri de la primera agotadora jornada, el peregrino emprender\u00e1 la segunda etapa del Camino","og_url":"https:\/\/visitnavarra.info\/visitnavarra\/etapa-2-de-zubiri-a-pamplona\/","og_site_name":"VisitNavarra","article_modified_time":"2020-12-14T13:01:15+00:00","twitter_card":"summary_large_image","twitter_misc":{"Tiempo de lectura":"1 minuto"},"schema":{"@context":"https:\/\/schema.org","@graph":[{"@type":"WebPage","@id":"https:\/\/visitnavarra.info\/visitnavarra\/etapa-2-de-zubiri-a-pamplona\/","url":"https:\/\/visitnavarra.info\/visitnavarra\/etapa-2-de-zubiri-a-pamplona\/","name":"Etapa 2: de Zubiri a PamplonaEtapa 2: de Zubiri a Pamplona - VisitNavarra","isPartOf":{"@id":"https:\/\/visitnavarra.info\/visitnavarra\/#website"},"datePublished":"2020-12-14T13:00:25+00:00","dateModified":"2020-12-14T13:01:15+00:00","description":"Tras descansar en Zubiri de la primera agotadora jornada, el peregrino emprender\u00e1 la segunda etapa del Camino","breadcrumb":{"@id":"https:\/\/visitnavarra.info\/visitnavarra\/etapa-2-de-zubiri-a-pamplona\/#breadcrumb"},"inLanguage":"es","potentialAction":[{"@type":"ReadAction","target":["https:\/\/visitnavarra.info\/visitnavarra\/etapa-2-de-zubiri-a-pamplona\/"]}]},{"@type":"BreadcrumbList","@id":"https:\/\/visitnavarra.info\/visitnavarra\/etapa-2-de-zubiri-a-pamplona\/#breadcrumb","itemListElement":[{"@type":"ListItem","position":1,"name":"Portada","item":"https:\/\/visitnavarra.info\/visitnavarra\/"},{"@type":"ListItem","position":2,"name":"Etapa 2: de Zubiri a Pamplona"}]},{"@type":"WebSite","@id":"https:\/\/visitnavarra.info\/visitnavarra\/#website","url":"https:\/\/visitnavarra.info\/visitnavarra\/","name":"VisitNavarra","description":"Alojamiento y experiencias tur\u00edsticas en Navarra; qu\u00e9 visitar en Navarra; comer en Navarra","potentialAction":[{"@type":"SearchAction","target":{"@type":"EntryPoint","urlTemplate":"https:\/\/visitnavarra.info\/visitnavarra\/?s={search_term_string}"},"query-input":{"@type":"PropertyValueSpecification","valueRequired":true,"valueName":"search_term_string"}}],"inLanguage":"es"}]}},"_links":{"self":[{"href":"https:\/\/visitnavarra.info\/visitnavarra\/wp-json\/wp\/v2\/pages\/8090","targetHints":{"allow":["GET"]}}],"collection":[{"href":"https:\/\/visitnavarra.info\/visitnavarra\/wp-json\/wp\/v2\/pages"}],"about":[{"href":"https:\/\/visitnavarra.info\/visitnavarra\/wp-json\/wp\/v2\/types\/page"}],"author":[{"embeddable":true,"href":"https:\/\/visitnavarra.info\/visitnavarra\/wp-json\/wp\/v2\/users\/1"}],"replies":[{"embeddable":true,"href":"https:\/\/visitnavarra.info\/visitnavarra\/wp-json\/wp\/v2\/comments?post=8090"}],"version-history":[{"count":2,"href":"https:\/\/visitnavarra.info\/visitnavarra\/wp-json\/wp\/v2\/pages\/8090\/revisions"}],"predecessor-version":[{"id":8093,"href":"https:\/\/visitnavarra.info\/visitnavarra\/wp-json\/wp\/v2\/pages\/8090\/revisions\/8093"}],"wp:attachment":[{"href":"https:\/\/visitnavarra.info\/visitnavarra\/wp-json\/wp\/v2\/media?parent=8090"}],"curies":[{"name":"wp","href":"https:\/\/api.w.org\/{rel}","templated":true}]}}