{"id":8100,"date":"2020-12-14T15:53:49","date_gmt":"2020-12-14T15:53:49","guid":{"rendered":"https:\/\/visitnavarra.info\/visitnavarra\/?page_id=8100"},"modified":"2020-12-14T15:53:49","modified_gmt":"2020-12-14T15:53:49","slug":"etapa-3-de-pamplona-a-puente-la-reina","status":"publish","type":"page","link":"https:\/\/visitnavarra.info\/visitnavarra\/etapa-3-de-pamplona-a-puente-la-reina\/","title":{"rendered":"Etapa 3: de Pamplona a Puente la Reina"},"content":{"rendered":"<p>[vc_row][vc_column width=&#8221;1\/1&#8243;][vc_column_text]<\/p>\n<h1 style=\"text-align: center;\">Etapa 3: de Pamplona a Puente la Reina<\/h1>\n<p>[\/vc_column_text][vc_column_text][\/vc_column_text][\/vc_column][\/vc_row][vc_row][vc_column width=&#8221;1\/1&#8243;]<div class=\"single_image wpb_content_element align-center    \" data-animation=\"none\" data-delay=\"0\"><img loading=\"lazy\" decoding=\"async\" width=\"858\" height=\"519\" src=\"https:\/\/visitnavarra.info\/visitnavarra\/wp-content\/uploads\/2020\/11\/Ayuntamiento-Pamplona.jpg\" class=\"attachment-full\" alt=\"\" srcset=\"https:\/\/visitnavarra.info\/visitnavarra\/wp-content\/uploads\/2020\/11\/Ayuntamiento-Pamplona.jpg 858w, https:\/\/visitnavarra.info\/visitnavarra\/wp-content\/uploads\/2020\/11\/Ayuntamiento-Pamplona-300x181.jpg 300w, https:\/\/visitnavarra.info\/visitnavarra\/wp-content\/uploads\/2020\/11\/Ayuntamiento-Pamplona-768x465.jpg 768w\" sizes=\"auto, (max-width: 858px) 100vw, 858px\" \/><\/div>[vc_column_text][\/vc_column_text][\/vc_column][\/vc_row][vc_row][vc_column width=&#8221;1\/1&#8243;][vc_column_text]Antes de partir de Pamplona para llevar a cabo la tercera fase del Camino, se puede disfrutar de esta hermosa e importante ciudad durante la Edad Media; con su deslumbrante catedral g\u00f3tica del siglo XIV, que posee uno de los claustros ojivales m\u00e1s bellos de Europa, y fue famosa entre los peregrinos del medioevo por las comidas que repart\u00edan diariamente. Destacan tambi\u00e9n, el convento de Santo Domingo (S. XVI) -con im\u00e1genes y relieves jacobeos-,y las iglesias fortaleza de San Cernin (S.XIV), y San Nicol\u00e1s (S. XIII), ambas de estilo g\u00f3tico.<\/p>\n<p>La tercera jornada del Camino de Santiago sale de Pamplona y atraviesa en primer lugar Cizur Menor, donde se conservan las ruinas de un hospital de peregrinos y se puede visitar la iglesia de la Encomienda de San Juan de Jerusal\u00e9n (S. XII), y los templos rom\u00e1nicos de San Emeterio y San Celedonio. Posteriormente contin\u00faa su recorrido por la villa de Zariegui, que mantiene un tramo del Camino empedrado en direcci\u00f3n al Alto del Perd\u00f3n.<\/p>\n<p>Despu\u00e9s la Ruta recorre los pueblos de Uterga, Muruz\u00e1bal y Obanos, donde se funden los caminos de Somport y Roncesvalles, al lado de la ermita de San Salvador. Finalmente, el camino alcanza la villa del Puente de la Reina, fin de la tercera etapa. Esta poblaci\u00f3n debe su nombre al puente edificado por do\u00f1a Mayor de Navarra en el siglo XI, para facilitar el paso a los peregrinos.[\/vc_column_text][\/vc_column][\/vc_row]<\/p>\n","protected":false},"excerpt":{"rendered":"<p>[vc_row][vc_column width=&#8221;1\/1&#8243;][vc_column_text] Etapa 3: de Pamplona a Puente la Reina [\/vc_column_text][vc_column_text][\/vc_column_text][\/vc_column][\/vc_row][vc_row][vc_column width=&#8221;1\/1&#8243;][vc_column_text][\/vc_column_text][\/vc_column][\/vc_row][vc_row][vc_column width=&#8221;1\/1&#8243;][vc_column_text]Antes de partir de Pamplona para llevar a cabo la tercera fase del Camino, se puede disfrutar de esta hermosa e importante ciudad durante la Edad Media; con su deslumbrante catedral g\u00f3tica del siglo XIV, que posee uno de los claustros ojivales m\u00e1s bellos de Europa, y fue famosa entre los peregrinos del medioevo por las comidas que repart\u00edan diariamente. Destacan tambi\u00e9n, el convento de Santo Domingo (S. XVI) -con im\u00e1genes y relieves jacobeos-,y las iglesias fortaleza de San Cernin (S.XIV), y San Nicol\u00e1s (S. XIII), ambas de estilo g\u00f3tico. La tercera jornada del Camino de Santiago sale de Pamplona y atraviesa en primer lugar Cizur Menor, donde se conservan las ruinas de un hospital de peregrinos y se puede visitar la iglesia de la Encomienda de San Juan de Jerusal\u00e9n (S. XII), y los templos rom\u00e1nicos de San Emeterio y San Celedonio. Posteriormente contin\u00faa su recorrido por la villa de Zariegui, que mantiene un tramo del Camino empedrado en direcci\u00f3n al Alto del Perd\u00f3n. Despu\u00e9s la Ruta recorre los pueblos de Uterga, Muruz\u00e1bal y Obanos, donde se funden los caminos de Somport y Roncesvalles, al lado de [&hellip;]<\/p>\n","protected":false},"author":1,"featured_media":0,"parent":0,"menu_order":0,"comment_status":"closed","ping_status":"closed","template":"","meta":{"footnotes":""},"class_list":["post-8100","page","type-page","status-publish","hentry"],"yoast_head":"<!-- This site is optimized with the Yoast SEO plugin v23.5 - https:\/\/yoast.com\/wordpress\/plugins\/seo\/ -->\n<title>Etapa 3: de Pamplona a Puente la Reina - VisitNavarra<\/title>\n<meta name=\"description\" content=\"Antes de partir de Pamplona para llevar a cabo la tercera fase del Camino, se puede disfrutar de esta hermosa e importante ciudad\" \/>\n<meta name=\"robots\" content=\"index, follow, max-snippet:-1, max-image-preview:large, max-video-preview:-1\" \/>\n<link rel=\"canonical\" href=\"https:\/\/visitnavarra.info\/visitnavarra\/etapa-3-de-pamplona-a-puente-la-reina\/\" \/>\n<meta property=\"og:locale\" content=\"es_ES\" \/>\n<meta property=\"og:type\" content=\"article\" \/>\n<meta property=\"og:title\" content=\"Etapa 3: de Pamplona a Puente la Reina - VisitNavarra\" \/>\n<meta property=\"og:description\" content=\"Antes de partir de Pamplona para llevar a cabo la tercera fase del Camino, se puede disfrutar de esta hermosa e importante ciudad\" \/>\n<meta property=\"og:url\" content=\"https:\/\/visitnavarra.info\/visitnavarra\/etapa-3-de-pamplona-a-puente-la-reina\/\" \/>\n<meta property=\"og:site_name\" content=\"VisitNavarra\" \/>\n<meta name=\"twitter:card\" content=\"summary_large_image\" \/>\n<meta name=\"twitter:label1\" content=\"Tiempo de lectura\" \/>\n\t<meta name=\"twitter:data1\" content=\"2 minutos\" \/>\n<script type=\"application\/ld+json\" class=\"yoast-schema-graph\">{\"@context\":\"https:\/\/schema.org\",\"@graph\":[{\"@type\":\"WebPage\",\"@id\":\"https:\/\/visitnavarra.info\/visitnavarra\/etapa-3-de-pamplona-a-puente-la-reina\/\",\"url\":\"https:\/\/visitnavarra.info\/visitnavarra\/etapa-3-de-pamplona-a-puente-la-reina\/\",\"name\":\"Etapa 3: de Pamplona a Puente la Reina - VisitNavarra\",\"isPartOf\":{\"@id\":\"https:\/\/visitnavarra.info\/visitnavarra\/#website\"},\"datePublished\":\"2020-12-14T15:53:49+00:00\",\"dateModified\":\"2020-12-14T15:53:49+00:00\",\"description\":\"Antes de partir de Pamplona para llevar a cabo la tercera fase del Camino, se puede disfrutar de esta hermosa e importante ciudad\",\"breadcrumb\":{\"@id\":\"https:\/\/visitnavarra.info\/visitnavarra\/etapa-3-de-pamplona-a-puente-la-reina\/#breadcrumb\"},\"inLanguage\":\"es\",\"potentialAction\":[{\"@type\":\"ReadAction\",\"target\":[\"https:\/\/visitnavarra.info\/visitnavarra\/etapa-3-de-pamplona-a-puente-la-reina\/\"]}]},{\"@type\":\"BreadcrumbList\",\"@id\":\"https:\/\/visitnavarra.info\/visitnavarra\/etapa-3-de-pamplona-a-puente-la-reina\/#breadcrumb\",\"itemListElement\":[{\"@type\":\"ListItem\",\"position\":1,\"name\":\"Portada\",\"item\":\"https:\/\/visitnavarra.info\/visitnavarra\/\"},{\"@type\":\"ListItem\",\"position\":2,\"name\":\"Etapa 3: de Pamplona a Puente la Reina\"}]},{\"@type\":\"WebSite\",\"@id\":\"https:\/\/visitnavarra.info\/visitnavarra\/#website\",\"url\":\"https:\/\/visitnavarra.info\/visitnavarra\/\",\"name\":\"VisitNavarra\",\"description\":\"Alojamiento y experiencias tur\u00edsticas en Navarra; qu\u00e9 visitar en Navarra; comer en Navarra\",\"potentialAction\":[{\"@type\":\"SearchAction\",\"target\":{\"@type\":\"EntryPoint\",\"urlTemplate\":\"https:\/\/visitnavarra.info\/visitnavarra\/?s={search_term_string}\"},\"query-input\":{\"@type\":\"PropertyValueSpecification\",\"valueRequired\":true,\"valueName\":\"search_term_string\"}}],\"inLanguage\":\"es\"}]}<\/script>\n<!-- \/ Yoast SEO plugin. -->","yoast_head_json":{"title":"Etapa 3: de Pamplona a Puente la Reina - VisitNavarra","description":"Antes de partir de Pamplona para llevar a cabo la tercera fase del Camino, se puede disfrutar de esta hermosa e importante ciudad","robots":{"index":"index","follow":"follow","max-snippet":"max-snippet:-1","max-image-preview":"max-image-preview:large","max-video-preview":"max-video-preview:-1"},"canonical":"https:\/\/visitnavarra.info\/visitnavarra\/etapa-3-de-pamplona-a-puente-la-reina\/","og_locale":"es_ES","og_type":"article","og_title":"Etapa 3: de Pamplona a Puente la Reina - VisitNavarra","og_description":"Antes de partir de Pamplona para llevar a cabo la tercera fase del Camino, se puede disfrutar de esta hermosa e importante ciudad","og_url":"https:\/\/visitnavarra.info\/visitnavarra\/etapa-3-de-pamplona-a-puente-la-reina\/","og_site_name":"VisitNavarra","twitter_card":"summary_large_image","twitter_misc":{"Tiempo de lectura":"2 minutos"},"schema":{"@context":"https:\/\/schema.org","@graph":[{"@type":"WebPage","@id":"https:\/\/visitnavarra.info\/visitnavarra\/etapa-3-de-pamplona-a-puente-la-reina\/","url":"https:\/\/visitnavarra.info\/visitnavarra\/etapa-3-de-pamplona-a-puente-la-reina\/","name":"Etapa 3: de Pamplona a Puente la Reina - VisitNavarra","isPartOf":{"@id":"https:\/\/visitnavarra.info\/visitnavarra\/#website"},"datePublished":"2020-12-14T15:53:49+00:00","dateModified":"2020-12-14T15:53:49+00:00","description":"Antes de partir de Pamplona para llevar a cabo la tercera fase del Camino, se puede disfrutar de esta hermosa e importante ciudad","breadcrumb":{"@id":"https:\/\/visitnavarra.info\/visitnavarra\/etapa-3-de-pamplona-a-puente-la-reina\/#breadcrumb"},"inLanguage":"es","potentialAction":[{"@type":"ReadAction","target":["https:\/\/visitnavarra.info\/visitnavarra\/etapa-3-de-pamplona-a-puente-la-reina\/"]}]},{"@type":"BreadcrumbList","@id":"https:\/\/visitnavarra.info\/visitnavarra\/etapa-3-de-pamplona-a-puente-la-reina\/#breadcrumb","itemListElement":[{"@type":"ListItem","position":1,"name":"Portada","item":"https:\/\/visitnavarra.info\/visitnavarra\/"},{"@type":"ListItem","position":2,"name":"Etapa 3: de Pamplona a Puente la Reina"}]},{"@type":"WebSite","@id":"https:\/\/visitnavarra.info\/visitnavarra\/#website","url":"https:\/\/visitnavarra.info\/visitnavarra\/","name":"VisitNavarra","description":"Alojamiento y experiencias tur\u00edsticas en Navarra; qu\u00e9 visitar en Navarra; comer en Navarra","potentialAction":[{"@type":"SearchAction","target":{"@type":"EntryPoint","urlTemplate":"https:\/\/visitnavarra.info\/visitnavarra\/?s={search_term_string}"},"query-input":{"@type":"PropertyValueSpecification","valueRequired":true,"valueName":"search_term_string"}}],"inLanguage":"es"}]}},"_links":{"self":[{"href":"https:\/\/visitnavarra.info\/visitnavarra\/wp-json\/wp\/v2\/pages\/8100","targetHints":{"allow":["GET"]}}],"collection":[{"href":"https:\/\/visitnavarra.info\/visitnavarra\/wp-json\/wp\/v2\/pages"}],"about":[{"href":"https:\/\/visitnavarra.info\/visitnavarra\/wp-json\/wp\/v2\/types\/page"}],"author":[{"embeddable":true,"href":"https:\/\/visitnavarra.info\/visitnavarra\/wp-json\/wp\/v2\/users\/1"}],"replies":[{"embeddable":true,"href":"https:\/\/visitnavarra.info\/visitnavarra\/wp-json\/wp\/v2\/comments?post=8100"}],"version-history":[{"count":1,"href":"https:\/\/visitnavarra.info\/visitnavarra\/wp-json\/wp\/v2\/pages\/8100\/revisions"}],"predecessor-version":[{"id":8101,"href":"https:\/\/visitnavarra.info\/visitnavarra\/wp-json\/wp\/v2\/pages\/8100\/revisions\/8101"}],"wp:attachment":[{"href":"https:\/\/visitnavarra.info\/visitnavarra\/wp-json\/wp\/v2\/media?parent=8100"}],"curies":[{"name":"wp","href":"https:\/\/api.w.org\/{rel}","templated":true}]}}