{"id":8106,"date":"2020-12-15T10:30:46","date_gmt":"2020-12-15T10:30:46","guid":{"rendered":"https:\/\/visitnavarra.info\/visitnavarra\/?page_id=8106"},"modified":"2020-12-15T10:30:46","modified_gmt":"2020-12-15T10:30:46","slug":"etapa-4-de-puente-la-reina-a-estella","status":"publish","type":"page","link":"https:\/\/visitnavarra.info\/visitnavarra\/etapa-4-de-puente-la-reina-a-estella\/","title":{"rendered":"Etapa 4: de Puente la Reina a Estella"},"content":{"rendered":"<p>[vc_row][vc_column width=&#8221;1\/1&#8243;][vc_column_text]<\/p>\n<h1 style=\"text-align: center;\">Etapa 4: de Puente la Reina a Estella<\/h1>\n<p>[\/vc_column_text][vc_column_text][\/vc_column_text][\/vc_column][\/vc_row][vc_row][vc_column width=&#8221;1\/1&#8243;]<div class=\"single_image wpb_content_element align-center    \" data-animation=\"none\" data-delay=\"0\"><img loading=\"lazy\" decoding=\"async\" width=\"2560\" height=\"1707\" src=\"https:\/\/visitnavarra.info\/visitnavarra\/wp-content\/uploads\/2020\/12\/PuentelaReina2-scaled.jpg\" class=\"attachment-full\" alt=\"\" srcset=\"https:\/\/visitnavarra.info\/visitnavarra\/wp-content\/uploads\/2020\/12\/PuentelaReina2-scaled.jpg 2560w, https:\/\/visitnavarra.info\/visitnavarra\/wp-content\/uploads\/2020\/12\/PuentelaReina2-300x200.jpg 300w, https:\/\/visitnavarra.info\/visitnavarra\/wp-content\/uploads\/2020\/12\/PuentelaReina2-1024x683.jpg 1024w, https:\/\/visitnavarra.info\/visitnavarra\/wp-content\/uploads\/2020\/12\/PuentelaReina2-768x512.jpg 768w, https:\/\/visitnavarra.info\/visitnavarra\/wp-content\/uploads\/2020\/12\/PuentelaReina2-1536x1024.jpg 1536w, https:\/\/visitnavarra.info\/visitnavarra\/wp-content\/uploads\/2020\/12\/PuentelaReina2-2048x1365.jpg 2048w, https:\/\/visitnavarra.info\/visitnavarra\/wp-content\/uploads\/2020\/12\/PuentelaReina2-600x400.jpg 600w\" sizes=\"auto, (max-width: 2560px) 100vw, 2560px\" \/><\/div>[vc_column_text][\/vc_column_text][\/vc_column][\/vc_row][vc_row][vc_column width=&#8221;1\/1&#8243;][vc_column_text]En Puente la Reina, meta de la tercera etapa, se puede disfrutar de una visita a la Iglesia del Crucifijo (S. XII, XIV), construida por los caballeros templarios. Destaca tambi\u00e9n la Iglesia de Santiago (S. XII), situada en la Calle Mayor y que guarda una de las tallas policromadas del Ap\u00f3stol Santiago m\u00e1s hermosas que se conservan a lo largo de la Ruta Jacobea. La cuarta fase del Camino de Santiago abandona esta encantadora villa por el Puente de los Peregrinos -joya medieval del siglo XI- y se dirige a Ma\u00f1eru donde el caminante halla un hermoso crucero renacentista, y puede entrar a orar a su parroquia del siglo XVIII, San Pedro.<\/p>\n<p>Despu\u00e9s llega a Cirauqui, t\u00edpico poblado medieval con una bella calzada romana y que conserva la Iglesia de San Rom\u00e1n (S. XVI), repleta de recuerdos de antiguas peregrinaciones. Destaca tambi\u00e9n por su antig\u00fcedad, el templo de Santa Catalina, del siglo XIII. Continuando con su trayecto, la Ruta Jacobea entra en Lorca, que posee un bello conjunto de casa blasonadas e Iglesia rom\u00e1nica del siglo XII, El Salvador.<\/p>\n<p>Tras dejar atr\u00e1s este pueblo, el caminante llega a Villatuerta, con su iglesia parroquial rom\u00e1nica del Siglo XII, una ermita, San Miguel, del siglo XI y un puente rom\u00e1nico. Finalmente, el Camino lleva a los cansados peregrinos a la morada de su cuarta noche jacobea, Estella, noble Villa fundada en el 1909 por el rey de Navarra Sancho Ram\u00edrez.[\/vc_column_text][\/vc_column][\/vc_row]<\/p>\n","protected":false},"excerpt":{"rendered":"<p>[vc_row][vc_column width=&#8221;1\/1&#8243;][vc_column_text] Etapa 4: de Puente la Reina a Estella [\/vc_column_text][vc_column_text][\/vc_column_text][\/vc_column][\/vc_row][vc_row][vc_column width=&#8221;1\/1&#8243;][vc_column_text][\/vc_column_text][\/vc_column][\/vc_row][vc_row][vc_column width=&#8221;1\/1&#8243;][vc_column_text]En Puente la Reina, meta de la tercera etapa, se puede disfrutar de una visita a la Iglesia del Crucifijo (S. XII, XIV), construida por los caballeros templarios. Destaca tambi\u00e9n la Iglesia de Santiago (S. XII), situada en la Calle Mayor y que guarda una de las tallas policromadas del Ap\u00f3stol Santiago m\u00e1s hermosas que se conservan a lo largo de la Ruta Jacobea. La cuarta fase del Camino de Santiago abandona esta encantadora villa por el Puente de los Peregrinos -joya medieval del siglo XI- y se dirige a Ma\u00f1eru donde el caminante halla un hermoso crucero renacentista, y puede entrar a orar a su parroquia del siglo XVIII, San Pedro. Despu\u00e9s llega a Cirauqui, t\u00edpico poblado medieval con una bella calzada romana y que conserva la Iglesia de San Rom\u00e1n (S. XVI), repleta de recuerdos de antiguas peregrinaciones. Destaca tambi\u00e9n por su antig\u00fcedad, el templo de Santa Catalina, del siglo XIII. Continuando con su trayecto, la Ruta Jacobea entra en Lorca, que posee un bello conjunto de casa blasonadas e Iglesia rom\u00e1nica del siglo XII, El Salvador. Tras dejar atr\u00e1s este pueblo, el caminante llega a [&hellip;]<\/p>\n","protected":false},"author":1,"featured_media":0,"parent":0,"menu_order":0,"comment_status":"closed","ping_status":"closed","template":"","meta":{"footnotes":""},"class_list":["post-8106","page","type-page","status-publish","hentry"],"yoast_head":"<!-- This site is optimized with the Yoast SEO plugin v23.5 - https:\/\/yoast.com\/wordpress\/plugins\/seo\/ -->\n<title>Etapa 4: de Puente la Reina a Estella - VisitNavarra<\/title>\n<meta name=\"description\" content=\"En Puente la Reina, meta de la tercera etapa, se puede disfrutar de una visita a la Iglesia del Crucifijo construida por los caballeros temp\" \/>\n<meta name=\"robots\" content=\"index, follow, max-snippet:-1, max-image-preview:large, max-video-preview:-1\" \/>\n<link rel=\"canonical\" href=\"https:\/\/visitnavarra.info\/visitnavarra\/etapa-4-de-puente-la-reina-a-estella\/\" \/>\n<meta property=\"og:locale\" content=\"es_ES\" \/>\n<meta property=\"og:type\" content=\"article\" \/>\n<meta property=\"og:title\" content=\"Etapa 4: de Puente la Reina a Estella - VisitNavarra\" \/>\n<meta property=\"og:description\" content=\"En Puente la Reina, meta de la tercera etapa, se puede disfrutar de una visita a la Iglesia del Crucifijo construida por los caballeros temp\" \/>\n<meta property=\"og:url\" content=\"https:\/\/visitnavarra.info\/visitnavarra\/etapa-4-de-puente-la-reina-a-estella\/\" \/>\n<meta property=\"og:site_name\" content=\"VisitNavarra\" \/>\n<meta name=\"twitter:card\" content=\"summary_large_image\" \/>\n<meta name=\"twitter:label1\" content=\"Tiempo de lectura\" \/>\n\t<meta name=\"twitter:data1\" content=\"2 minutos\" \/>\n<script type=\"application\/ld+json\" class=\"yoast-schema-graph\">{\"@context\":\"https:\/\/schema.org\",\"@graph\":[{\"@type\":\"WebPage\",\"@id\":\"https:\/\/visitnavarra.info\/visitnavarra\/etapa-4-de-puente-la-reina-a-estella\/\",\"url\":\"https:\/\/visitnavarra.info\/visitnavarra\/etapa-4-de-puente-la-reina-a-estella\/\",\"name\":\"Etapa 4: de Puente la Reina a Estella - VisitNavarra\",\"isPartOf\":{\"@id\":\"https:\/\/visitnavarra.info\/visitnavarra\/#website\"},\"datePublished\":\"2020-12-15T10:30:46+00:00\",\"dateModified\":\"2020-12-15T10:30:46+00:00\",\"description\":\"En Puente la Reina, meta de la tercera etapa, se puede disfrutar de una visita a la Iglesia del Crucifijo construida por los caballeros temp\",\"breadcrumb\":{\"@id\":\"https:\/\/visitnavarra.info\/visitnavarra\/etapa-4-de-puente-la-reina-a-estella\/#breadcrumb\"},\"inLanguage\":\"es\",\"potentialAction\":[{\"@type\":\"ReadAction\",\"target\":[\"https:\/\/visitnavarra.info\/visitnavarra\/etapa-4-de-puente-la-reina-a-estella\/\"]}]},{\"@type\":\"BreadcrumbList\",\"@id\":\"https:\/\/visitnavarra.info\/visitnavarra\/etapa-4-de-puente-la-reina-a-estella\/#breadcrumb\",\"itemListElement\":[{\"@type\":\"ListItem\",\"position\":1,\"name\":\"Portada\",\"item\":\"https:\/\/visitnavarra.info\/visitnavarra\/\"},{\"@type\":\"ListItem\",\"position\":2,\"name\":\"Etapa 4: de Puente la Reina a Estella\"}]},{\"@type\":\"WebSite\",\"@id\":\"https:\/\/visitnavarra.info\/visitnavarra\/#website\",\"url\":\"https:\/\/visitnavarra.info\/visitnavarra\/\",\"name\":\"VisitNavarra\",\"description\":\"Alojamiento y experiencias tur\u00edsticas en Navarra; qu\u00e9 visitar en Navarra; comer en Navarra\",\"potentialAction\":[{\"@type\":\"SearchAction\",\"target\":{\"@type\":\"EntryPoint\",\"urlTemplate\":\"https:\/\/visitnavarra.info\/visitnavarra\/?s={search_term_string}\"},\"query-input\":{\"@type\":\"PropertyValueSpecification\",\"valueRequired\":true,\"valueName\":\"search_term_string\"}}],\"inLanguage\":\"es\"}]}<\/script>\n<!-- \/ Yoast SEO plugin. -->","yoast_head_json":{"title":"Etapa 4: de Puente la Reina a Estella - VisitNavarra","description":"En Puente la Reina, meta de la tercera etapa, se puede disfrutar de una visita a la Iglesia del Crucifijo construida por los caballeros temp","robots":{"index":"index","follow":"follow","max-snippet":"max-snippet:-1","max-image-preview":"max-image-preview:large","max-video-preview":"max-video-preview:-1"},"canonical":"https:\/\/visitnavarra.info\/visitnavarra\/etapa-4-de-puente-la-reina-a-estella\/","og_locale":"es_ES","og_type":"article","og_title":"Etapa 4: de Puente la Reina a Estella - VisitNavarra","og_description":"En Puente la Reina, meta de la tercera etapa, se puede disfrutar de una visita a la Iglesia del Crucifijo construida por los caballeros temp","og_url":"https:\/\/visitnavarra.info\/visitnavarra\/etapa-4-de-puente-la-reina-a-estella\/","og_site_name":"VisitNavarra","twitter_card":"summary_large_image","twitter_misc":{"Tiempo de lectura":"2 minutos"},"schema":{"@context":"https:\/\/schema.org","@graph":[{"@type":"WebPage","@id":"https:\/\/visitnavarra.info\/visitnavarra\/etapa-4-de-puente-la-reina-a-estella\/","url":"https:\/\/visitnavarra.info\/visitnavarra\/etapa-4-de-puente-la-reina-a-estella\/","name":"Etapa 4: de Puente la Reina a Estella - VisitNavarra","isPartOf":{"@id":"https:\/\/visitnavarra.info\/visitnavarra\/#website"},"datePublished":"2020-12-15T10:30:46+00:00","dateModified":"2020-12-15T10:30:46+00:00","description":"En Puente la Reina, meta de la tercera etapa, se puede disfrutar de una visita a la Iglesia del Crucifijo construida por los caballeros temp","breadcrumb":{"@id":"https:\/\/visitnavarra.info\/visitnavarra\/etapa-4-de-puente-la-reina-a-estella\/#breadcrumb"},"inLanguage":"es","potentialAction":[{"@type":"ReadAction","target":["https:\/\/visitnavarra.info\/visitnavarra\/etapa-4-de-puente-la-reina-a-estella\/"]}]},{"@type":"BreadcrumbList","@id":"https:\/\/visitnavarra.info\/visitnavarra\/etapa-4-de-puente-la-reina-a-estella\/#breadcrumb","itemListElement":[{"@type":"ListItem","position":1,"name":"Portada","item":"https:\/\/visitnavarra.info\/visitnavarra\/"},{"@type":"ListItem","position":2,"name":"Etapa 4: de Puente la Reina a Estella"}]},{"@type":"WebSite","@id":"https:\/\/visitnavarra.info\/visitnavarra\/#website","url":"https:\/\/visitnavarra.info\/visitnavarra\/","name":"VisitNavarra","description":"Alojamiento y experiencias tur\u00edsticas en Navarra; qu\u00e9 visitar en Navarra; comer en Navarra","potentialAction":[{"@type":"SearchAction","target":{"@type":"EntryPoint","urlTemplate":"https:\/\/visitnavarra.info\/visitnavarra\/?s={search_term_string}"},"query-input":{"@type":"PropertyValueSpecification","valueRequired":true,"valueName":"search_term_string"}}],"inLanguage":"es"}]}},"_links":{"self":[{"href":"https:\/\/visitnavarra.info\/visitnavarra\/wp-json\/wp\/v2\/pages\/8106","targetHints":{"allow":["GET"]}}],"collection":[{"href":"https:\/\/visitnavarra.info\/visitnavarra\/wp-json\/wp\/v2\/pages"}],"about":[{"href":"https:\/\/visitnavarra.info\/visitnavarra\/wp-json\/wp\/v2\/types\/page"}],"author":[{"embeddable":true,"href":"https:\/\/visitnavarra.info\/visitnavarra\/wp-json\/wp\/v2\/users\/1"}],"replies":[{"embeddable":true,"href":"https:\/\/visitnavarra.info\/visitnavarra\/wp-json\/wp\/v2\/comments?post=8106"}],"version-history":[{"count":1,"href":"https:\/\/visitnavarra.info\/visitnavarra\/wp-json\/wp\/v2\/pages\/8106\/revisions"}],"predecessor-version":[{"id":8107,"href":"https:\/\/visitnavarra.info\/visitnavarra\/wp-json\/wp\/v2\/pages\/8106\/revisions\/8107"}],"wp:attachment":[{"href":"https:\/\/visitnavarra.info\/visitnavarra\/wp-json\/wp\/v2\/media?parent=8106"}],"curies":[{"name":"wp","href":"https:\/\/api.w.org\/{rel}","templated":true}]}}