{"id":8109,"date":"2020-12-15T10:35:10","date_gmt":"2020-12-15T10:35:10","guid":{"rendered":"https:\/\/visitnavarra.info\/visitnavarra\/?page_id=8109"},"modified":"2020-12-15T10:35:39","modified_gmt":"2020-12-15T10:35:39","slug":"etapa-5-de-estella-a-los-arcos","status":"publish","type":"page","link":"https:\/\/visitnavarra.info\/visitnavarra\/etapa-5-de-estella-a-los-arcos\/","title":{"rendered":"Etapa 5: de Estella a los Arcos"},"content":{"rendered":"<p>[vc_row][vc_column width=&#8221;1\/1&#8243;][vc_column_text]<\/p>\n<h1 style=\"text-align: center;\">Etapa 5: de Estella a los Arcos<\/h1>\n<p>[\/vc_column_text][vc_column_text][\/vc_column_text][\/vc_column][\/vc_row][vc_row][vc_column width=&#8221;1\/1&#8243;]<div class=\"single_image wpb_content_element align-center    \" data-animation=\"none\" data-delay=\"0\"><img loading=\"lazy\" decoding=\"async\" width=\"1000\" height=\"860\" src=\"https:\/\/visitnavarra.info\/visitnavarra\/wp-content\/uploads\/2020\/12\/EstellaLizarraPuentedelaCarcel098ret1.jpg\" class=\"attachment-full\" alt=\"\" srcset=\"https:\/\/visitnavarra.info\/visitnavarra\/wp-content\/uploads\/2020\/12\/EstellaLizarraPuentedelaCarcel098ret1.jpg 1000w, https:\/\/visitnavarra.info\/visitnavarra\/wp-content\/uploads\/2020\/12\/EstellaLizarraPuentedelaCarcel098ret1-300x258.jpg 300w, https:\/\/visitnavarra.info\/visitnavarra\/wp-content\/uploads\/2020\/12\/EstellaLizarraPuentedelaCarcel098ret1-768x660.jpg 768w\" sizes=\"auto, (max-width: 1000px) 100vw, 1000px\" \/><\/div>[vc_column_text][\/vc_column_text][\/vc_column][\/vc_row][vc_row][vc_column width=&#8221;1\/1&#8243;][vc_column_text]Estella, popularmente llamada &#8220;la peque\u00f1a Toledo&#8221;, ofrece a los peregrinos unas cuantas joyas medievales como la Iglesia de San Pedro de la R\u00faa, del siglo XII, que posee un bell\u00edsimo Claustro donde se encuentra el capitel de columnas torcidas; la iglesia de San Miguel, siglo XII, con su maravillosa portada de estilo rom\u00e1nico tard\u00edo; la del Santo Sepulcro, siglo XII, tambi\u00e9n con una magn\u00edfica portada rom\u00e1nica; la de San Juan Bautista, siglo XII; la de San Pedro de Lizarra, de estilo g\u00f3tico; y el Palacio de los Reyes, siglo XII.<\/p>\n<p>Tras visitar esta medieval villa, el caminante inicia su quinta jornada de peregrinaci\u00f3n, que le lleva en primer lugar a Ayegui, municipio en el que est\u00e1 situado el Monasterio de Irache, cuyos or\u00edgenes se pierden en la \u00e9poca visig\u00f3tica. Fue el m\u00e1s antiguo hospital de peregrinos jacobeos a su paso por Navarra y universidad en los siglos XVII y XVIII. Cuenta con \u00e1bsides rom\u00e1nicos, naves ojivales y un magn\u00edfico claustro renacentista. La visita a este bell\u00edsimo santuario depara a los caminantes agradables sorpresas como una fuente de la que mana vino. Pero el Monasterio no es lo \u00fanico digno de ver en este hist\u00f3rico pueblo.<\/p>\n<p>El peregrino puede tambi\u00e9n detenerse ante la Parroquia de San Mart\u00edn, del siglo XII, y disfrutar de los caldos de la zona en el Museo del vino. El Camino discurre despu\u00e9s hasta llegar a Azqueta donde se halla una fuente medieval, y contin\u00faa pasando por Villamayor de Monjard\u00edn con su Iglesia del siglo XII, dedicada a San Andr\u00e9s. Se halla aqu\u00ed tambi\u00e9n las Bodegas Castillo de Monjard\u00edn. Finalmente, la ruta contin\u00faa por Urbiola hasta alcanzar Los Arcos -una villa desarrollada a ambos lados del Camino-, punto final de la quinta etapa del Camino Jacobeo.[\/vc_column_text][\/vc_column][\/vc_row]<\/p>\n","protected":false},"excerpt":{"rendered":"<p>[vc_row][vc_column width=&#8221;1\/1&#8243;][vc_column_text] Etapa 5: de Estella a los Arcos [\/vc_column_text][vc_column_text][\/vc_column_text][\/vc_column][\/vc_row][vc_row][vc_column width=&#8221;1\/1&#8243;][vc_column_text][\/vc_column_text][\/vc_column][\/vc_row][vc_row][vc_column width=&#8221;1\/1&#8243;][vc_column_text]Estella, popularmente llamada &#8220;la peque\u00f1a Toledo&#8221;, ofrece a los peregrinos unas cuantas joyas medievales como la Iglesia de San Pedro de la R\u00faa, del siglo XII, que posee un bell\u00edsimo Claustro donde se encuentra el capitel de columnas torcidas; la iglesia de San Miguel, siglo XII, con su maravillosa portada de estilo rom\u00e1nico tard\u00edo; la del Santo Sepulcro, siglo XII, tambi\u00e9n con una magn\u00edfica portada rom\u00e1nica; la de San Juan Bautista, siglo XII; la de San Pedro de Lizarra, de estilo g\u00f3tico; y el Palacio de los Reyes, siglo XII. Tras visitar esta medieval villa, el caminante inicia su quinta jornada de peregrinaci\u00f3n, que le lleva en primer lugar a Ayegui, municipio en el que est\u00e1 situado el Monasterio de Irache, cuyos or\u00edgenes se pierden en la \u00e9poca visig\u00f3tica. Fue el m\u00e1s antiguo hospital de peregrinos jacobeos a su paso por Navarra y universidad en los siglos XVII y XVIII. Cuenta con \u00e1bsides rom\u00e1nicos, naves ojivales y un magn\u00edfico claustro renacentista. La visita a este bell\u00edsimo santuario depara a los caminantes agradables sorpresas como una fuente de la que mana vino. Pero el Monasterio no es lo \u00fanico digno [&hellip;]<\/p>\n","protected":false},"author":1,"featured_media":0,"parent":0,"menu_order":0,"comment_status":"closed","ping_status":"closed","template":"","meta":{"footnotes":""},"class_list":["post-8109","page","type-page","status-publish","hentry"],"yoast_head":"<!-- This site is optimized with the Yoast SEO plugin v23.5 - https:\/\/yoast.com\/wordpress\/plugins\/seo\/ -->\n<title>Etapa 5: Estella a los ArcosEtapa 5: de Estella a los Arcos - VisitNavarra<\/title>\n<meta name=\"description\" content=\"Estella, popularmente llamada &quot;la peque\u00f1a Toledo&quot;, ofrece a los peregrinos unas cuantas joyas medievales como la Iglesia de San Pedro R\u00faa\" \/>\n<meta name=\"robots\" content=\"index, follow, max-snippet:-1, max-image-preview:large, max-video-preview:-1\" \/>\n<link rel=\"canonical\" href=\"https:\/\/visitnavarra.info\/visitnavarra\/etapa-5-de-estella-a-los-arcos\/\" \/>\n<meta property=\"og:locale\" content=\"es_ES\" \/>\n<meta property=\"og:type\" content=\"article\" \/>\n<meta property=\"og:title\" content=\"Etapa 5: Estella a los ArcosEtapa 5: de Estella a los Arcos - VisitNavarra\" \/>\n<meta property=\"og:description\" content=\"Estella, popularmente llamada &quot;la peque\u00f1a Toledo&quot;, ofrece a los peregrinos unas cuantas joyas medievales como la Iglesia de San Pedro R\u00faa\" \/>\n<meta property=\"og:url\" content=\"https:\/\/visitnavarra.info\/visitnavarra\/etapa-5-de-estella-a-los-arcos\/\" \/>\n<meta property=\"og:site_name\" content=\"VisitNavarra\" \/>\n<meta property=\"article:modified_time\" content=\"2020-12-15T10:35:39+00:00\" \/>\n<meta name=\"twitter:card\" content=\"summary_large_image\" \/>\n<meta name=\"twitter:label1\" content=\"Tiempo de lectura\" \/>\n\t<meta name=\"twitter:data1\" content=\"2 minutos\" \/>\n<script type=\"application\/ld+json\" class=\"yoast-schema-graph\">{\"@context\":\"https:\/\/schema.org\",\"@graph\":[{\"@type\":\"WebPage\",\"@id\":\"https:\/\/visitnavarra.info\/visitnavarra\/etapa-5-de-estella-a-los-arcos\/\",\"url\":\"https:\/\/visitnavarra.info\/visitnavarra\/etapa-5-de-estella-a-los-arcos\/\",\"name\":\"Etapa 5: Estella a los ArcosEtapa 5: de Estella a los Arcos - VisitNavarra\",\"isPartOf\":{\"@id\":\"https:\/\/visitnavarra.info\/visitnavarra\/#website\"},\"datePublished\":\"2020-12-15T10:35:10+00:00\",\"dateModified\":\"2020-12-15T10:35:39+00:00\",\"description\":\"Estella, popularmente llamada \\\"la peque\u00f1a Toledo\\\", ofrece a los peregrinos unas cuantas joyas medievales como la Iglesia de San Pedro R\u00faa\",\"breadcrumb\":{\"@id\":\"https:\/\/visitnavarra.info\/visitnavarra\/etapa-5-de-estella-a-los-arcos\/#breadcrumb\"},\"inLanguage\":\"es\",\"potentialAction\":[{\"@type\":\"ReadAction\",\"target\":[\"https:\/\/visitnavarra.info\/visitnavarra\/etapa-5-de-estella-a-los-arcos\/\"]}]},{\"@type\":\"BreadcrumbList\",\"@id\":\"https:\/\/visitnavarra.info\/visitnavarra\/etapa-5-de-estella-a-los-arcos\/#breadcrumb\",\"itemListElement\":[{\"@type\":\"ListItem\",\"position\":1,\"name\":\"Portada\",\"item\":\"https:\/\/visitnavarra.info\/visitnavarra\/\"},{\"@type\":\"ListItem\",\"position\":2,\"name\":\"Etapa 5: de Estella a los Arcos\"}]},{\"@type\":\"WebSite\",\"@id\":\"https:\/\/visitnavarra.info\/visitnavarra\/#website\",\"url\":\"https:\/\/visitnavarra.info\/visitnavarra\/\",\"name\":\"VisitNavarra\",\"description\":\"Alojamiento y experiencias tur\u00edsticas en Navarra; qu\u00e9 visitar en Navarra; comer en Navarra\",\"potentialAction\":[{\"@type\":\"SearchAction\",\"target\":{\"@type\":\"EntryPoint\",\"urlTemplate\":\"https:\/\/visitnavarra.info\/visitnavarra\/?s={search_term_string}\"},\"query-input\":{\"@type\":\"PropertyValueSpecification\",\"valueRequired\":true,\"valueName\":\"search_term_string\"}}],\"inLanguage\":\"es\"}]}<\/script>\n<!-- \/ Yoast SEO plugin. -->","yoast_head_json":{"title":"Etapa 5: Estella a los ArcosEtapa 5: de Estella a los Arcos - VisitNavarra","description":"Estella, popularmente llamada \"la peque\u00f1a Toledo\", ofrece a los peregrinos unas cuantas joyas medievales como la Iglesia de San Pedro R\u00faa","robots":{"index":"index","follow":"follow","max-snippet":"max-snippet:-1","max-image-preview":"max-image-preview:large","max-video-preview":"max-video-preview:-1"},"canonical":"https:\/\/visitnavarra.info\/visitnavarra\/etapa-5-de-estella-a-los-arcos\/","og_locale":"es_ES","og_type":"article","og_title":"Etapa 5: Estella a los ArcosEtapa 5: de Estella a los Arcos - VisitNavarra","og_description":"Estella, popularmente llamada \"la peque\u00f1a Toledo\", ofrece a los peregrinos unas cuantas joyas medievales como la Iglesia de San Pedro R\u00faa","og_url":"https:\/\/visitnavarra.info\/visitnavarra\/etapa-5-de-estella-a-los-arcos\/","og_site_name":"VisitNavarra","article_modified_time":"2020-12-15T10:35:39+00:00","twitter_card":"summary_large_image","twitter_misc":{"Tiempo de lectura":"2 minutos"},"schema":{"@context":"https:\/\/schema.org","@graph":[{"@type":"WebPage","@id":"https:\/\/visitnavarra.info\/visitnavarra\/etapa-5-de-estella-a-los-arcos\/","url":"https:\/\/visitnavarra.info\/visitnavarra\/etapa-5-de-estella-a-los-arcos\/","name":"Etapa 5: Estella a los ArcosEtapa 5: de Estella a los Arcos - VisitNavarra","isPartOf":{"@id":"https:\/\/visitnavarra.info\/visitnavarra\/#website"},"datePublished":"2020-12-15T10:35:10+00:00","dateModified":"2020-12-15T10:35:39+00:00","description":"Estella, popularmente llamada \"la peque\u00f1a Toledo\", ofrece a los peregrinos unas cuantas joyas medievales como la Iglesia de San Pedro R\u00faa","breadcrumb":{"@id":"https:\/\/visitnavarra.info\/visitnavarra\/etapa-5-de-estella-a-los-arcos\/#breadcrumb"},"inLanguage":"es","potentialAction":[{"@type":"ReadAction","target":["https:\/\/visitnavarra.info\/visitnavarra\/etapa-5-de-estella-a-los-arcos\/"]}]},{"@type":"BreadcrumbList","@id":"https:\/\/visitnavarra.info\/visitnavarra\/etapa-5-de-estella-a-los-arcos\/#breadcrumb","itemListElement":[{"@type":"ListItem","position":1,"name":"Portada","item":"https:\/\/visitnavarra.info\/visitnavarra\/"},{"@type":"ListItem","position":2,"name":"Etapa 5: de Estella a los Arcos"}]},{"@type":"WebSite","@id":"https:\/\/visitnavarra.info\/visitnavarra\/#website","url":"https:\/\/visitnavarra.info\/visitnavarra\/","name":"VisitNavarra","description":"Alojamiento y experiencias tur\u00edsticas en Navarra; qu\u00e9 visitar en Navarra; comer en Navarra","potentialAction":[{"@type":"SearchAction","target":{"@type":"EntryPoint","urlTemplate":"https:\/\/visitnavarra.info\/visitnavarra\/?s={search_term_string}"},"query-input":{"@type":"PropertyValueSpecification","valueRequired":true,"valueName":"search_term_string"}}],"inLanguage":"es"}]}},"_links":{"self":[{"href":"https:\/\/visitnavarra.info\/visitnavarra\/wp-json\/wp\/v2\/pages\/8109","targetHints":{"allow":["GET"]}}],"collection":[{"href":"https:\/\/visitnavarra.info\/visitnavarra\/wp-json\/wp\/v2\/pages"}],"about":[{"href":"https:\/\/visitnavarra.info\/visitnavarra\/wp-json\/wp\/v2\/types\/page"}],"author":[{"embeddable":true,"href":"https:\/\/visitnavarra.info\/visitnavarra\/wp-json\/wp\/v2\/users\/1"}],"replies":[{"embeddable":true,"href":"https:\/\/visitnavarra.info\/visitnavarra\/wp-json\/wp\/v2\/comments?post=8109"}],"version-history":[{"count":1,"href":"https:\/\/visitnavarra.info\/visitnavarra\/wp-json\/wp\/v2\/pages\/8109\/revisions"}],"predecessor-version":[{"id":8110,"href":"https:\/\/visitnavarra.info\/visitnavarra\/wp-json\/wp\/v2\/pages\/8109\/revisions\/8110"}],"wp:attachment":[{"href":"https:\/\/visitnavarra.info\/visitnavarra\/wp-json\/wp\/v2\/media?parent=8109"}],"curies":[{"name":"wp","href":"https:\/\/api.w.org\/{rel}","templated":true}]}}