{"id":8112,"date":"2020-12-15T10:44:34","date_gmt":"2020-12-15T10:44:34","guid":{"rendered":"https:\/\/visitnavarra.info\/visitnavarra\/?page_id=8112"},"modified":"2020-12-15T10:44:41","modified_gmt":"2020-12-15T10:44:41","slug":"etapa-6-de-los-arcos-a-logrono","status":"publish","type":"page","link":"https:\/\/visitnavarra.info\/visitnavarra\/etapa-6-de-los-arcos-a-logrono\/","title":{"rendered":"Etapa 6: de Los Arcos a Logro\u00f1o"},"content":{"rendered":"<p>[vc_row][vc_column width=&#8221;1\/1&#8243;][vc_column_text]<\/p>\n<h1 style=\"text-align: center;\">Etapa 6: de Los Arcos a Logro\u00f1o<\/h1>\n<p>[\/vc_column_text][vc_column_text][\/vc_column_text][\/vc_column][\/vc_row][vc_row][vc_column width=&#8221;1\/1&#8243;]<div class=\"single_image wpb_content_element align-center    \" data-animation=\"none\" data-delay=\"0\"><img loading=\"lazy\" decoding=\"async\" width=\"1024\" height=\"575\" src=\"https:\/\/visitnavarra.info\/visitnavarra\/wp-content\/uploads\/2020\/12\/Los_Arcos_Puerta_de_Castilla_Navarra-1024x575-1.jpg\" class=\"attachment-full\" alt=\"\" srcset=\"https:\/\/visitnavarra.info\/visitnavarra\/wp-content\/uploads\/2020\/12\/Los_Arcos_Puerta_de_Castilla_Navarra-1024x575-1.jpg 1024w, https:\/\/visitnavarra.info\/visitnavarra\/wp-content\/uploads\/2020\/12\/Los_Arcos_Puerta_de_Castilla_Navarra-1024x575-1-300x168.jpg 300w, https:\/\/visitnavarra.info\/visitnavarra\/wp-content\/uploads\/2020\/12\/Los_Arcos_Puerta_de_Castilla_Navarra-1024x575-1-768x431.jpg 768w, https:\/\/visitnavarra.info\/visitnavarra\/wp-content\/uploads\/2020\/12\/Los_Arcos_Puerta_de_Castilla_Navarra-1024x575-1-1000x563.jpg 1000w\" sizes=\"auto, (max-width: 1024px) 100vw, 1024px\" \/><\/div>[vc_column_text][\/vc_column_text][\/vc_column][\/vc_row][vc_row][vc_column width=&#8221;1\/1&#8243;][vc_column_text]Antes de comenzar la sexta etapa del Camino, que conducir\u00e1 a los peregrinos a Logro\u00f1o, \u00e9stos pueden disfrutar de un paseo por la Calle Mayor de la noble villa de Los Arcos, detenerse ante las fachadas de sus se\u00f1oriales casas y contemplar los blasones que las decoran.<\/p>\n<p>Despu\u00e9s, el viajero puede entrar en la Iglesia Parroquial de Santa Mar\u00eda -levantada en el siglo XVI- y admirar los distintos estilos art\u00edsticos que atesora; el bello claustro g\u00f3tico, la talla de una virgen tambi\u00e9n g\u00f3tica (S. XIV), la siller\u00eda del coro es de 1561, los retablos mayor y laterales son barrocos, la torre renacentista y la portada plateresca.<\/p>\n<h3>El Recorrido<\/h3>\n<p>El recorrido del sexto d\u00eda de peregrinaje, tras abandonar Los Arcos, conduce a los caminantes en primer lugar a Sansol, municipio que conserva una iglesia del siglo XVIII, San Zoilo. Posteriormente entra en la villa de Torres del R\u00edo, donde se alza una interesante iglesia funeraria rom\u00e1nica de planta octogonal e influencias mud\u00e9jares. Fue erigida por la Orden del Santo Sepulcro en el siglo XII. A esta iglesia la llaman popularmente &#8220;Linterna de los muertos&#8221;, pues seg\u00fan cuenta la tradici\u00f3n exist\u00eda la costumbre de encender un fuego en lo alto de la linterna cuando alg\u00fan peregrino fallec\u00eda en las proximidades o en el hospital para peregrinos que a\u00fan se conserva.<\/p>\n<h3>El Camino<\/h3>\n<p>El camino contin\u00faa despu\u00e9s su trayecto hasta Viana, declarado Principado en el siglo XV por Carlos III el Noble, t\u00edtulo que ostentaba el heredero de la Corona de Navarra. En esta principesca villa el viajero puede admirar la magn\u00edfica portada renacentista de la Iglesia de Santa Mar\u00eda, construida entre los siglos XIV y XVI. Por su grandiosidad parece una catedral, posee cinco naves, once capillas y una espaciosa girola. En su interior hay un retablo lateral dedicado al Ap\u00f3stol Santiago.<\/p>\n<p>El peregrino tambi\u00e9n puede disfrutar aqu\u00ed de las ruinas de la Iglesia de San Pedro y de las hermosas fachadas blasonadas que jalonan esta ciudad. Despu\u00e9s de dejar atr\u00e1s a la hermosa Viana, el Camino se despide de Navarra y entra en La Rioja, tras cruzar un viejo puente de piedra de origen jacobeo penetra en Logro\u00f1o, destino final del sexto d\u00eda de ruta.[\/vc_column_text][\/vc_column][\/vc_row]<\/p>\n","protected":false},"excerpt":{"rendered":"<p>[vc_row][vc_column width=&#8221;1\/1&#8243;][vc_column_text] Etapa 6: de Los Arcos a Logro\u00f1o [\/vc_column_text][vc_column_text][\/vc_column_text][\/vc_column][\/vc_row][vc_row][vc_column width=&#8221;1\/1&#8243;][vc_column_text][\/vc_column_text][\/vc_column][\/vc_row][vc_row][vc_column width=&#8221;1\/1&#8243;][vc_column_text]Antes de comenzar la sexta etapa del Camino, que conducir\u00e1 a los peregrinos a Logro\u00f1o, \u00e9stos pueden disfrutar de un paseo por la Calle Mayor de la noble villa de Los Arcos, detenerse ante las fachadas de sus se\u00f1oriales casas y contemplar los blasones que las decoran. Despu\u00e9s, el viajero puede entrar en la Iglesia Parroquial de Santa Mar\u00eda -levantada en el siglo XVI- y admirar los distintos estilos art\u00edsticos que atesora; el bello claustro g\u00f3tico, la talla de una virgen tambi\u00e9n g\u00f3tica (S. XIV), la siller\u00eda del coro es de 1561, los retablos mayor y laterales son barrocos, la torre renacentista y la portada plateresca. El Recorrido El recorrido del sexto d\u00eda de peregrinaje, tras abandonar Los Arcos, conduce a los caminantes en primer lugar a Sansol, municipio que conserva una iglesia del siglo XVIII, San Zoilo. Posteriormente entra en la villa de Torres del R\u00edo, donde se alza una interesante iglesia funeraria rom\u00e1nica de planta octogonal e influencias mud\u00e9jares. Fue erigida por la Orden del Santo Sepulcro en el siglo XII. A esta iglesia la llaman popularmente &#8220;Linterna de los muertos&#8221;, pues seg\u00fan cuenta la tradici\u00f3n exist\u00eda [&hellip;]<\/p>\n","protected":false},"author":1,"featured_media":0,"parent":0,"menu_order":0,"comment_status":"closed","ping_status":"closed","template":"","meta":{"footnotes":""},"class_list":["post-8112","page","type-page","status-publish","hentry"],"yoast_head":"<!-- This site is optimized with the Yoast SEO plugin v23.5 - https:\/\/yoast.com\/wordpress\/plugins\/seo\/ -->\n<title>Los Arcos a Logro\u00f1oEtapa 6: de Los Arcos a Logro\u00f1o - VisitNavarra<\/title>\n<meta name=\"description\" content=\"Antes de comenzar la sexta etapa del Camino, que conducir\u00e1 a los peregrinos a Logro\u00f1o, \u00e9stos pueden disfrutar de un paseo por la Calle Mayor\" \/>\n<meta name=\"robots\" content=\"index, follow, max-snippet:-1, max-image-preview:large, max-video-preview:-1\" \/>\n<link rel=\"canonical\" href=\"https:\/\/visitnavarra.info\/visitnavarra\/etapa-6-de-los-arcos-a-logrono\/\" \/>\n<meta property=\"og:locale\" content=\"es_ES\" \/>\n<meta property=\"og:type\" content=\"article\" \/>\n<meta property=\"og:title\" content=\"Los Arcos a Logro\u00f1oEtapa 6: de Los Arcos a Logro\u00f1o - VisitNavarra\" \/>\n<meta property=\"og:description\" content=\"Antes de comenzar la sexta etapa del Camino, que conducir\u00e1 a los peregrinos a Logro\u00f1o, \u00e9stos pueden disfrutar de un paseo por la Calle Mayor\" \/>\n<meta property=\"og:url\" content=\"https:\/\/visitnavarra.info\/visitnavarra\/etapa-6-de-los-arcos-a-logrono\/\" \/>\n<meta property=\"og:site_name\" content=\"VisitNavarra\" \/>\n<meta property=\"article:modified_time\" content=\"2020-12-15T10:44:41+00:00\" \/>\n<meta name=\"twitter:card\" content=\"summary_large_image\" \/>\n<meta name=\"twitter:label1\" content=\"Tiempo de lectura\" \/>\n\t<meta name=\"twitter:data1\" content=\"2 minutos\" \/>\n<script type=\"application\/ld+json\" class=\"yoast-schema-graph\">{\"@context\":\"https:\/\/schema.org\",\"@graph\":[{\"@type\":\"WebPage\",\"@id\":\"https:\/\/visitnavarra.info\/visitnavarra\/etapa-6-de-los-arcos-a-logrono\/\",\"url\":\"https:\/\/visitnavarra.info\/visitnavarra\/etapa-6-de-los-arcos-a-logrono\/\",\"name\":\"Los Arcos a Logro\u00f1oEtapa 6: de Los Arcos a Logro\u00f1o - VisitNavarra\",\"isPartOf\":{\"@id\":\"https:\/\/visitnavarra.info\/visitnavarra\/#website\"},\"datePublished\":\"2020-12-15T10:44:34+00:00\",\"dateModified\":\"2020-12-15T10:44:41+00:00\",\"description\":\"Antes de comenzar la sexta etapa del Camino, que conducir\u00e1 a los peregrinos a Logro\u00f1o, \u00e9stos pueden disfrutar de un paseo por la Calle Mayor\",\"breadcrumb\":{\"@id\":\"https:\/\/visitnavarra.info\/visitnavarra\/etapa-6-de-los-arcos-a-logrono\/#breadcrumb\"},\"inLanguage\":\"es\",\"potentialAction\":[{\"@type\":\"ReadAction\",\"target\":[\"https:\/\/visitnavarra.info\/visitnavarra\/etapa-6-de-los-arcos-a-logrono\/\"]}]},{\"@type\":\"BreadcrumbList\",\"@id\":\"https:\/\/visitnavarra.info\/visitnavarra\/etapa-6-de-los-arcos-a-logrono\/#breadcrumb\",\"itemListElement\":[{\"@type\":\"ListItem\",\"position\":1,\"name\":\"Portada\",\"item\":\"https:\/\/visitnavarra.info\/visitnavarra\/\"},{\"@type\":\"ListItem\",\"position\":2,\"name\":\"Etapa 6: de Los Arcos a Logro\u00f1o\"}]},{\"@type\":\"WebSite\",\"@id\":\"https:\/\/visitnavarra.info\/visitnavarra\/#website\",\"url\":\"https:\/\/visitnavarra.info\/visitnavarra\/\",\"name\":\"VisitNavarra\",\"description\":\"Alojamiento y experiencias tur\u00edsticas en Navarra; qu\u00e9 visitar en Navarra; comer en Navarra\",\"potentialAction\":[{\"@type\":\"SearchAction\",\"target\":{\"@type\":\"EntryPoint\",\"urlTemplate\":\"https:\/\/visitnavarra.info\/visitnavarra\/?s={search_term_string}\"},\"query-input\":{\"@type\":\"PropertyValueSpecification\",\"valueRequired\":true,\"valueName\":\"search_term_string\"}}],\"inLanguage\":\"es\"}]}<\/script>\n<!-- \/ Yoast SEO plugin. -->","yoast_head_json":{"title":"Los Arcos a Logro\u00f1oEtapa 6: de Los Arcos a Logro\u00f1o - VisitNavarra","description":"Antes de comenzar la sexta etapa del Camino, que conducir\u00e1 a los peregrinos a Logro\u00f1o, \u00e9stos pueden disfrutar de un paseo por la Calle Mayor","robots":{"index":"index","follow":"follow","max-snippet":"max-snippet:-1","max-image-preview":"max-image-preview:large","max-video-preview":"max-video-preview:-1"},"canonical":"https:\/\/visitnavarra.info\/visitnavarra\/etapa-6-de-los-arcos-a-logrono\/","og_locale":"es_ES","og_type":"article","og_title":"Los Arcos a Logro\u00f1oEtapa 6: de Los Arcos a Logro\u00f1o - VisitNavarra","og_description":"Antes de comenzar la sexta etapa del Camino, que conducir\u00e1 a los peregrinos a Logro\u00f1o, \u00e9stos pueden disfrutar de un paseo por la Calle Mayor","og_url":"https:\/\/visitnavarra.info\/visitnavarra\/etapa-6-de-los-arcos-a-logrono\/","og_site_name":"VisitNavarra","article_modified_time":"2020-12-15T10:44:41+00:00","twitter_card":"summary_large_image","twitter_misc":{"Tiempo de lectura":"2 minutos"},"schema":{"@context":"https:\/\/schema.org","@graph":[{"@type":"WebPage","@id":"https:\/\/visitnavarra.info\/visitnavarra\/etapa-6-de-los-arcos-a-logrono\/","url":"https:\/\/visitnavarra.info\/visitnavarra\/etapa-6-de-los-arcos-a-logrono\/","name":"Los Arcos a Logro\u00f1oEtapa 6: de Los Arcos a Logro\u00f1o - VisitNavarra","isPartOf":{"@id":"https:\/\/visitnavarra.info\/visitnavarra\/#website"},"datePublished":"2020-12-15T10:44:34+00:00","dateModified":"2020-12-15T10:44:41+00:00","description":"Antes de comenzar la sexta etapa del Camino, que conducir\u00e1 a los peregrinos a Logro\u00f1o, \u00e9stos pueden disfrutar de un paseo por la Calle Mayor","breadcrumb":{"@id":"https:\/\/visitnavarra.info\/visitnavarra\/etapa-6-de-los-arcos-a-logrono\/#breadcrumb"},"inLanguage":"es","potentialAction":[{"@type":"ReadAction","target":["https:\/\/visitnavarra.info\/visitnavarra\/etapa-6-de-los-arcos-a-logrono\/"]}]},{"@type":"BreadcrumbList","@id":"https:\/\/visitnavarra.info\/visitnavarra\/etapa-6-de-los-arcos-a-logrono\/#breadcrumb","itemListElement":[{"@type":"ListItem","position":1,"name":"Portada","item":"https:\/\/visitnavarra.info\/visitnavarra\/"},{"@type":"ListItem","position":2,"name":"Etapa 6: de Los Arcos a Logro\u00f1o"}]},{"@type":"WebSite","@id":"https:\/\/visitnavarra.info\/visitnavarra\/#website","url":"https:\/\/visitnavarra.info\/visitnavarra\/","name":"VisitNavarra","description":"Alojamiento y experiencias tur\u00edsticas en Navarra; qu\u00e9 visitar en Navarra; comer en Navarra","potentialAction":[{"@type":"SearchAction","target":{"@type":"EntryPoint","urlTemplate":"https:\/\/visitnavarra.info\/visitnavarra\/?s={search_term_string}"},"query-input":{"@type":"PropertyValueSpecification","valueRequired":true,"valueName":"search_term_string"}}],"inLanguage":"es"}]}},"_links":{"self":[{"href":"https:\/\/visitnavarra.info\/visitnavarra\/wp-json\/wp\/v2\/pages\/8112","targetHints":{"allow":["GET"]}}],"collection":[{"href":"https:\/\/visitnavarra.info\/visitnavarra\/wp-json\/wp\/v2\/pages"}],"about":[{"href":"https:\/\/visitnavarra.info\/visitnavarra\/wp-json\/wp\/v2\/types\/page"}],"author":[{"embeddable":true,"href":"https:\/\/visitnavarra.info\/visitnavarra\/wp-json\/wp\/v2\/users\/1"}],"replies":[{"embeddable":true,"href":"https:\/\/visitnavarra.info\/visitnavarra\/wp-json\/wp\/v2\/comments?post=8112"}],"version-history":[{"count":1,"href":"https:\/\/visitnavarra.info\/visitnavarra\/wp-json\/wp\/v2\/pages\/8112\/revisions"}],"predecessor-version":[{"id":8113,"href":"https:\/\/visitnavarra.info\/visitnavarra\/wp-json\/wp\/v2\/pages\/8112\/revisions\/8113"}],"wp:attachment":[{"href":"https:\/\/visitnavarra.info\/visitnavarra\/wp-json\/wp\/v2\/media?parent=8112"}],"curies":[{"name":"wp","href":"https:\/\/api.w.org\/{rel}","templated":true}]}}