{"id":8116,"date":"2020-12-15T11:40:05","date_gmt":"2020-12-15T11:40:05","guid":{"rendered":"https:\/\/visitnavarra.info\/visitnavarra\/?page_id=8116"},"modified":"2021-03-24T15:36:36","modified_gmt":"2021-03-24T15:36:36","slug":"museos","status":"publish","type":"page","link":"https:\/\/visitnavarra.info\/visitnavarra\/museos\/","title":{"rendered":"Museos"},"content":{"rendered":"<p>[vc_row][vc_column width=&#8221;1\/1&#8243;][vc_column_text]<\/p>\n<h1 style=\"text-align: center;\"><strong>Museos<\/strong><\/h1>\n<p>[\/vc_column_text]<div class=\"single_image wpb_content_element align-center    \" data-animation=\"none\" data-delay=\"0\"><img loading=\"lazy\" decoding=\"async\" width=\"1731\" height=\"891\" src=\"https:\/\/visitnavarra.info\/visitnavarra\/wp-content\/uploads\/2020\/12\/Museo-Universidad-Navarra-Menhires-Elena-Asins.jpg\" class=\"attachment-full\" alt=\"\" srcset=\"https:\/\/visitnavarra.info\/visitnavarra\/wp-content\/uploads\/2020\/12\/Museo-Universidad-Navarra-Menhires-Elena-Asins.jpg 1731w, https:\/\/visitnavarra.info\/visitnavarra\/wp-content\/uploads\/2020\/12\/Museo-Universidad-Navarra-Menhires-Elena-Asins-300x154.jpg 300w, https:\/\/visitnavarra.info\/visitnavarra\/wp-content\/uploads\/2020\/12\/Museo-Universidad-Navarra-Menhires-Elena-Asins-1024x527.jpg 1024w, https:\/\/visitnavarra.info\/visitnavarra\/wp-content\/uploads\/2020\/12\/Museo-Universidad-Navarra-Menhires-Elena-Asins-768x395.jpg 768w, https:\/\/visitnavarra.info\/visitnavarra\/wp-content\/uploads\/2020\/12\/Museo-Universidad-Navarra-Menhires-Elena-Asins-1536x791.jpg 1536w\" sizes=\"auto, (max-width: 1731px) 100vw, 1731px\" \/><\/div>[vc_column_text][\/vc_column_text][\/vc_column][\/vc_row][vc_row][vc_column width=&#8221;1\/3&#8243;][vc_column_text]<\/p>\n<h1 style=\"text-align: center;\"><strong>Museo<br \/>\nde Oteiza<\/strong><\/h1>\n<p>[\/vc_column_text]<div class=\"single_image wpb_content_element align-center    \" data-animation=\"none\" data-delay=\"0\"><img loading=\"lazy\" decoding=\"async\" width=\"597\" height=\"468\" src=\"https:\/\/visitnavarra.info\/visitnavarra\/wp-content\/uploads\/2020\/12\/Museo-Oteiza.jpg\" class=\"attachment-full\" alt=\"\" srcset=\"https:\/\/visitnavarra.info\/visitnavarra\/wp-content\/uploads\/2020\/12\/Museo-Oteiza.jpg 597w, https:\/\/visitnavarra.info\/visitnavarra\/wp-content\/uploads\/2020\/12\/Museo-Oteiza-300x235.jpg 300w\" sizes=\"auto, (max-width: 597px) 100vw, 597px\" \/><\/div>[vc_column_text]<\/p>\n<p style=\"text-align: center;\">El Museo Oteiza es un espacio monogr\u00e1fico alberga la colecci\u00f3n personal del reconocido escultor y artista integral (Orio,1908-San Sebasti\u00e1n, 2003), compuesta por 1.690 esculturas, 2.000 piezas de su trabajo experimental. <a href=\"https:\/\/visitnavarra.info\/visitnavarra\/museo-de-oteiza\/\"><strong>Leer m\u00e1s<\/strong><\/a><\/p>\n<p>[\/vc_column_text]<div class=\"divider-title align-center\" ><\/div>[\/vc_column][vc_column width=&#8221;1\/3&#8243;][vc_column_text]<\/p>\n<h1 style=\"text-align: center;\"><strong>Museo<br \/>\nde Navarra<\/strong><\/h1>\n<p>[\/vc_column_text]<div class=\"single_image wpb_content_element align-center    \" data-animation=\"none\" data-delay=\"0\"><img loading=\"lazy\" decoding=\"async\" class=\"\" src=\"https:\/\/visitnavarra.info\/visitnavarra\/wp-content\/uploads\/2020\/12\/Museo_de_Navarra_Pamplona_Portada-597x468.jpg\" width=\"597\" height=\"468\" alt=\"Museo_de_Navarra_Pamplona_Portada\" title=\"Museo_de_Navarra_Pamplona_Portada\" \/><\/div>[vc_column_text]<\/p>\n<p style=\"text-align: center;\">Instalado en el antiguo Hospital de Nuestra Se\u00f1ora de la Misericordia, fue convertido en Museo seg\u00fan el proyecto de Jos\u00e9 Y\u00e1rnoz y reinagurado en 1990 tras la remodelaci\u00f3n de los arquitectos Garc\u00e9s y Soria. <a href=\"https:\/\/visitnavarra.info\/visitnavarra\/museo-de-navarra\/\"><strong>Leer m\u00e1s<\/strong><\/a><\/p>\n<p>[\/vc_column_text]<div class=\"divider-title align-center\" ><\/div>[\/vc_column][vc_column width=&#8221;1\/3&#8243;][vc_column_text]<\/p>\n<h1 style=\"text-align: center;\"><strong>Museo<br \/>\nGustavo de Maeztu<\/strong><\/h1>\n<p>[\/vc_column_text]<div class=\"single_image wpb_content_element align-left    \" data-animation=\"none\" data-delay=\"0\"><img loading=\"lazy\" decoding=\"async\" class=\"\" src=\"https:\/\/visitnavarra.info\/visitnavarra\/wp-content\/uploads\/2020\/12\/edificio-museo-gustavo-maeztu-1-597x468.jpg\" width=\"597\" height=\"468\" alt=\"edificio-museo-gustavo-maeztu\" title=\"edificio-museo-gustavo-maeztu\" \/><\/div>[vc_column_text]<\/p>\n<p style=\"text-align: center;\">Armonioso edificio de estilo protog\u00f3tico ( de hacia 1170) quiz\u00e1s antiguo hospital sanjuanista o iglesia cementerial a servicio del Camino de Santiago, cuyo trazado discurre a su pie. <a href=\"https:\/\/visitnavarra.info\/visitnavarra\/museo-gustavo-de-maeztu\/\"><strong>Leer m\u00e1s<\/strong><\/a><\/p>\n<p>[\/vc_column_text]<div class=\"divider-title align-center\" ><\/div>[\/vc_column][\/vc_row][vc_row][vc_column width=&#8221;1\/3&#8243;][vc_column_text]<\/p>\n<h1 style=\"text-align: center;\"><strong>Museo de Tudela<br \/>\nPalacio Decanal<\/strong><\/h1>\n<p>[\/vc_column_text]<div class=\"single_image wpb_content_element align-center    \" data-animation=\"none\" data-delay=\"0\"><img loading=\"lazy\" decoding=\"async\" class=\"\" src=\"https:\/\/visitnavarra.info\/visitnavarra\/wp-content\/uploads\/2020\/12\/Museo-Tudela-Palacio-Decanal-1.jpg\" width=\"597\" height=\"468\" alt=\"Museo-Tudela-Palacio-Decanal\" title=\"Museo-Tudela-Palacio-Decanal\" \/><\/div>[vc_column_text]<\/p>\n<p style=\"text-align: center;\">Ubicado en el palacio decanal y anexo a la Catedral, se encuentra el reci\u00e9n creado Museo de Tudela, inaugurado el 26 de junio de 2000.\u00a0<a href=\"https:\/\/visitnavarra.info\/visitnavarra\/museo-de-tudela-palacio-decanal\/\"><strong>Leer m\u00e1s<\/strong><\/a><\/p>\n<p>[\/vc_column_text]<div class=\"divider-title align-center\" ><\/div>[\/vc_column][vc_column width=&#8221;1\/3&#8243;][vc_column_text]<\/p>\n<h1 style=\"text-align: center;\"><strong>Museo<br \/>\ndel Carlismo<\/strong><\/h1>\n<p>[\/vc_column_text]<div class=\"single_image wpb_content_element align-center    \" data-animation=\"none\" data-delay=\"0\"><img loading=\"lazy\" decoding=\"async\" class=\"\" src=\"https:\/\/visitnavarra.info\/visitnavarra\/wp-content\/uploads\/2020\/12\/Museo-del-Carlismo-1.jpg\" width=\"597\" height=\"468\" alt=\"Museo-del-Carlismo\" title=\"Museo-del-Carlismo\" \/><\/div>[vc_column_text]<\/p>\n<p style=\"text-align: center;\">Museo monogr\u00e1fico que le permitir\u00e1 descubrir todos los aspectos relacionados con uno de los episodios m\u00e1s importantes del siglo XIX. <a href=\"https:\/\/visitnavarra.info\/visitnavarra\/museo-del-carlismo\/\"><strong>Leer m\u00e1s<\/strong><\/a><\/p>\n<p>[\/vc_column_text]<div class=\"divider-title align-center\" ><\/div>[\/vc_column][vc_column width=&#8221;1\/3&#8243;][vc_column_text]<\/p>\n<h1 style=\"text-align: center;\"><strong>Museo Etnol\u00f3gico<br \/>\nJulio Caro Baroja<\/strong><\/h1>\n<p>[\/vc_column_text]<div class=\"single_image wpb_content_element align-center    \" data-animation=\"none\" data-delay=\"0\"><img loading=\"lazy\" decoding=\"async\" class=\"\" src=\"https:\/\/visitnavarra.info\/visitnavarra\/wp-content\/uploads\/2020\/12\/Museo-Julio-Caro-Baroja-Estella-1.jpg\" width=\"597\" height=\"468\" alt=\"Museo-Julio-Caro-Baroja-Estella\" title=\"Museo-Julio-Caro-Baroja-Estella\" \/><\/div>[vc_column_text]<\/p>\n<p style=\"text-align: center;\">Actualmente ocupa un edificio industrial en Estella y \u00a0programa de forma puntual visitas guiadas y actividades para dar a conocer sus instalaciones y fondos, que sobrepasan las 15.000 piezas. <a href=\"https:\/\/visitnavarra.info\/visitnavarra\/museo-etnologico-de-navarra-julio-caro-baroja\/\"><strong>Leer m\u00e1s<\/strong><\/a><\/p>\n<p>[\/vc_column_text]<div class=\"divider-title align-center\" ><\/div>[\/vc_column][\/vc_row][vc_row][vc_column width=&#8221;1\/3&#8243;][vc_column_text]<\/p>\n<h1 style=\"text-align: center;\"><strong>Museo Arte Moderno<\/strong><br \/>\n<strong>Mu\u00f1oz Sola<\/strong><\/h1>\n<p>[\/vc_column_text]<div class=\"single_image wpb_content_element align-center    \" data-animation=\"none\" data-delay=\"0\"><img loading=\"lazy\" decoding=\"async\" class=\"\" src=\"https:\/\/visitnavarra.info\/visitnavarra\/wp-content\/uploads\/2020\/12\/Museo-Munoz-Sola-Arte-Moderno-Tudela-597x468.jpg\" width=\"597\" height=\"468\" alt=\"Museo-Munoz-Sola-Arte-Moderno-Tudela\" title=\"Museo-Munoz-Sola-Arte-Moderno-Tudela\" \/><\/div>[vc_column_text]<\/p>\n<p style=\"text-align: center;\">El edificio que alberga el Museo ha sido reconstruido en su totalidad para este fin. En origen fue\u00a0<strong>Casa &#8211; Palacio de los Ver\u00e1iz<\/strong>, familia de la nobleza tudelana que desde el Medioevo ocuparon diversos cargos en la Corte de Navarra y en la Merindad de Tudela. <a href=\"https:\/\/visitnavarra.info\/visitnavarra\/museo-munoz-sola-de-arte-moderno\/\"><strong>Leer m\u00e1s<\/strong><\/a><\/p>\n<p>[\/vc_column_text][\/vc_column][vc_column width=&#8221;1\/3&#8243;][vc_column_text]<\/p>\n<h1 style=\"text-align: center;\"><strong>Museo<br \/>\nUniversidad de Navarra<\/strong><\/h1>\n<p>[\/vc_column_text]<div class=\"single_image wpb_content_element align-center    \" data-animation=\"none\" data-delay=\"0\"><img loading=\"lazy\" decoding=\"async\" class=\"\" src=\"https:\/\/visitnavarra.info\/visitnavarra\/wp-content\/uploads\/2020\/12\/Museo-Universidad-Navarra-Foto-RafaelMoneo.jpg\" width=\"597\" height=\"468\" alt=\"Museo-Universidad-Navarra-Foto-RafaelMoneo\" title=\"Museo-Universidad-Navarra-Foto-RafaelMoneo\" \/><\/div>[vc_column_text]<\/p>\n<p style=\"text-align: center;\">Museo Universidad de Navarra es el museo de arte contempor\u00e1neo de la Universidad de Navarra. El edificio, ubicado en el campus de Pamplona y dise\u00f1ado por el arquitecto navarro Rafael Moneo, fue inaugurado el 22 de enero de 2015.\u00a0 <a href=\"https:\/\/visitnavarra.info\/visitnavarra\/museo-universidad-de-navarra\/\"><strong>Leer m\u00e1s<\/strong><\/a><\/p>\n<p>[\/vc_column_text][\/vc_column][vc_column width=&#8221;1\/3&#8243;][\/vc_column][\/vc_row]<\/p>\n","protected":false},"excerpt":{"rendered":"<p>[vc_row][vc_column width=&#8221;1\/1&#8243;][vc_column_text] Museos [\/vc_column_text][vc_column_text][\/vc_column_text][\/vc_column][\/vc_row][vc_row][vc_column width=&#8221;1\/3&#8243;][vc_column_text] Museo de Oteiza [\/vc_column_text][vc_column_text] El Museo Oteiza es un espacio monogr\u00e1fico alberga la colecci\u00f3n personal del reconocido escultor y artista integral (Orio,1908-San Sebasti\u00e1n, 2003), compuesta por 1.690 esculturas, 2.000 piezas de su trabajo experimental. Leer m\u00e1s [\/vc_column_text][\/vc_column][vc_column width=&#8221;1\/3&#8243;][vc_column_text] Museo de Navarra [\/vc_column_text][vc_column_text] Instalado en el antiguo Hospital de Nuestra Se\u00f1ora de la Misericordia, fue convertido en Museo seg\u00fan el proyecto de Jos\u00e9 Y\u00e1rnoz y reinagurado en 1990 tras la remodelaci\u00f3n de los arquitectos Garc\u00e9s y Soria. Leer m\u00e1s [\/vc_column_text][\/vc_column][vc_column width=&#8221;1\/3&#8243;][vc_column_text] Museo Gustavo de Maeztu [\/vc_column_text][vc_column_text] Armonioso edificio de estilo protog\u00f3tico ( de hacia 1170) quiz\u00e1s antiguo hospital sanjuanista o iglesia cementerial a servicio del Camino de Santiago, cuyo trazado discurre a su pie. Leer m\u00e1s [\/vc_column_text][\/vc_column][\/vc_row][vc_row][vc_column width=&#8221;1\/3&#8243;][vc_column_text] Museo de Tudela Palacio Decanal [\/vc_column_text][vc_column_text] Ubicado en el palacio decanal y anexo a la Catedral, se encuentra el reci\u00e9n creado Museo de Tudela, inaugurado el 26 de junio de 2000.\u00a0Leer m\u00e1s [\/vc_column_text][\/vc_column][vc_column width=&#8221;1\/3&#8243;][vc_column_text] Museo del Carlismo [\/vc_column_text][vc_column_text] Museo monogr\u00e1fico que le permitir\u00e1 descubrir todos los aspectos relacionados con uno de los episodios m\u00e1s importantes del siglo XIX. Leer m\u00e1s [\/vc_column_text][\/vc_column][vc_column width=&#8221;1\/3&#8243;][vc_column_text] Museo Etnol\u00f3gico Julio Caro Baroja [\/vc_column_text][vc_column_text] Actualmente ocupa un edificio industrial en Estella y \u00a0programa de [&hellip;]<\/p>\n","protected":false},"author":1,"featured_media":0,"parent":0,"menu_order":0,"comment_status":"closed","ping_status":"closed","template":"","meta":{"footnotes":""},"class_list":["post-8116","page","type-page","status-publish","hentry"],"yoast_head":"<!-- This site is optimized with the Yoast SEO plugin v23.5 - https:\/\/yoast.com\/wordpress\/plugins\/seo\/ -->\n<title>Museo en NavarraMuseos - VisitNavarra<\/title>\n<meta name=\"description\" content=\"Informaci\u00f3n sobre los Museos de Navarra: Oteiza, de Navarra, Gustavo Maeztu, Tudela, Carlismo, Julio Caro Baroja, Arte Moderno, Universidad\" \/>\n<meta name=\"robots\" content=\"index, follow, max-snippet:-1, max-image-preview:large, max-video-preview:-1\" \/>\n<link rel=\"canonical\" href=\"https:\/\/visitnavarra.info\/visitnavarra\/museos\/\" \/>\n<meta property=\"og:locale\" content=\"es_ES\" \/>\n<meta property=\"og:type\" content=\"article\" \/>\n<meta property=\"og:title\" content=\"Museo en NavarraMuseos - VisitNavarra\" \/>\n<meta property=\"og:description\" content=\"Informaci\u00f3n sobre los Museos de Navarra: Oteiza, de Navarra, Gustavo Maeztu, Tudela, Carlismo, Julio Caro Baroja, Arte Moderno, Universidad\" \/>\n<meta property=\"og:url\" content=\"https:\/\/visitnavarra.info\/visitnavarra\/museos\/\" \/>\n<meta property=\"og:site_name\" content=\"VisitNavarra\" \/>\n<meta property=\"article:modified_time\" content=\"2021-03-24T15:36:36+00:00\" \/>\n<meta name=\"twitter:card\" content=\"summary_large_image\" \/>\n<meta name=\"twitter:label1\" content=\"Tiempo de lectura\" \/>\n\t<meta name=\"twitter:data1\" content=\"2 minutos\" \/>\n<script type=\"application\/ld+json\" class=\"yoast-schema-graph\">{\"@context\":\"https:\/\/schema.org\",\"@graph\":[{\"@type\":\"WebPage\",\"@id\":\"https:\/\/visitnavarra.info\/visitnavarra\/museos\/\",\"url\":\"https:\/\/visitnavarra.info\/visitnavarra\/museos\/\",\"name\":\"Museo en NavarraMuseos - VisitNavarra\",\"isPartOf\":{\"@id\":\"https:\/\/visitnavarra.info\/visitnavarra\/#website\"},\"datePublished\":\"2020-12-15T11:40:05+00:00\",\"dateModified\":\"2021-03-24T15:36:36+00:00\",\"description\":\"Informaci\u00f3n sobre los Museos de Navarra: Oteiza, de Navarra, Gustavo Maeztu, Tudela, Carlismo, Julio Caro Baroja, Arte Moderno, Universidad\",\"breadcrumb\":{\"@id\":\"https:\/\/visitnavarra.info\/visitnavarra\/museos\/#breadcrumb\"},\"inLanguage\":\"es\",\"potentialAction\":[{\"@type\":\"ReadAction\",\"target\":[\"https:\/\/visitnavarra.info\/visitnavarra\/museos\/\"]}]},{\"@type\":\"BreadcrumbList\",\"@id\":\"https:\/\/visitnavarra.info\/visitnavarra\/museos\/#breadcrumb\",\"itemListElement\":[{\"@type\":\"ListItem\",\"position\":1,\"name\":\"Portada\",\"item\":\"https:\/\/visitnavarra.info\/visitnavarra\/\"},{\"@type\":\"ListItem\",\"position\":2,\"name\":\"Museos\"}]},{\"@type\":\"WebSite\",\"@id\":\"https:\/\/visitnavarra.info\/visitnavarra\/#website\",\"url\":\"https:\/\/visitnavarra.info\/visitnavarra\/\",\"name\":\"VisitNavarra\",\"description\":\"Alojamiento y experiencias tur\u00edsticas en Navarra; qu\u00e9 visitar en Navarra; comer en Navarra\",\"potentialAction\":[{\"@type\":\"SearchAction\",\"target\":{\"@type\":\"EntryPoint\",\"urlTemplate\":\"https:\/\/visitnavarra.info\/visitnavarra\/?s={search_term_string}\"},\"query-input\":{\"@type\":\"PropertyValueSpecification\",\"valueRequired\":true,\"valueName\":\"search_term_string\"}}],\"inLanguage\":\"es\"}]}<\/script>\n<!-- \/ Yoast SEO plugin. -->","yoast_head_json":{"title":"Museo en NavarraMuseos - VisitNavarra","description":"Informaci\u00f3n sobre los Museos de Navarra: Oteiza, de Navarra, Gustavo Maeztu, Tudela, Carlismo, Julio Caro Baroja, Arte Moderno, Universidad","robots":{"index":"index","follow":"follow","max-snippet":"max-snippet:-1","max-image-preview":"max-image-preview:large","max-video-preview":"max-video-preview:-1"},"canonical":"https:\/\/visitnavarra.info\/visitnavarra\/museos\/","og_locale":"es_ES","og_type":"article","og_title":"Museo en NavarraMuseos - VisitNavarra","og_description":"Informaci\u00f3n sobre los Museos de Navarra: Oteiza, de Navarra, Gustavo Maeztu, Tudela, Carlismo, Julio Caro Baroja, Arte Moderno, Universidad","og_url":"https:\/\/visitnavarra.info\/visitnavarra\/museos\/","og_site_name":"VisitNavarra","article_modified_time":"2021-03-24T15:36:36+00:00","twitter_card":"summary_large_image","twitter_misc":{"Tiempo de lectura":"2 minutos"},"schema":{"@context":"https:\/\/schema.org","@graph":[{"@type":"WebPage","@id":"https:\/\/visitnavarra.info\/visitnavarra\/museos\/","url":"https:\/\/visitnavarra.info\/visitnavarra\/museos\/","name":"Museo en NavarraMuseos - VisitNavarra","isPartOf":{"@id":"https:\/\/visitnavarra.info\/visitnavarra\/#website"},"datePublished":"2020-12-15T11:40:05+00:00","dateModified":"2021-03-24T15:36:36+00:00","description":"Informaci\u00f3n sobre los Museos de Navarra: Oteiza, de Navarra, Gustavo Maeztu, Tudela, Carlismo, Julio Caro Baroja, Arte Moderno, Universidad","breadcrumb":{"@id":"https:\/\/visitnavarra.info\/visitnavarra\/museos\/#breadcrumb"},"inLanguage":"es","potentialAction":[{"@type":"ReadAction","target":["https:\/\/visitnavarra.info\/visitnavarra\/museos\/"]}]},{"@type":"BreadcrumbList","@id":"https:\/\/visitnavarra.info\/visitnavarra\/museos\/#breadcrumb","itemListElement":[{"@type":"ListItem","position":1,"name":"Portada","item":"https:\/\/visitnavarra.info\/visitnavarra\/"},{"@type":"ListItem","position":2,"name":"Museos"}]},{"@type":"WebSite","@id":"https:\/\/visitnavarra.info\/visitnavarra\/#website","url":"https:\/\/visitnavarra.info\/visitnavarra\/","name":"VisitNavarra","description":"Alojamiento y experiencias tur\u00edsticas en Navarra; qu\u00e9 visitar en Navarra; comer en Navarra","potentialAction":[{"@type":"SearchAction","target":{"@type":"EntryPoint","urlTemplate":"https:\/\/visitnavarra.info\/visitnavarra\/?s={search_term_string}"},"query-input":{"@type":"PropertyValueSpecification","valueRequired":true,"valueName":"search_term_string"}}],"inLanguage":"es"}]}},"_links":{"self":[{"href":"https:\/\/visitnavarra.info\/visitnavarra\/wp-json\/wp\/v2\/pages\/8116","targetHints":{"allow":["GET"]}}],"collection":[{"href":"https:\/\/visitnavarra.info\/visitnavarra\/wp-json\/wp\/v2\/pages"}],"about":[{"href":"https:\/\/visitnavarra.info\/visitnavarra\/wp-json\/wp\/v2\/types\/page"}],"author":[{"embeddable":true,"href":"https:\/\/visitnavarra.info\/visitnavarra\/wp-json\/wp\/v2\/users\/1"}],"replies":[{"embeddable":true,"href":"https:\/\/visitnavarra.info\/visitnavarra\/wp-json\/wp\/v2\/comments?post=8116"}],"version-history":[{"count":24,"href":"https:\/\/visitnavarra.info\/visitnavarra\/wp-json\/wp\/v2\/pages\/8116\/revisions"}],"predecessor-version":[{"id":9799,"href":"https:\/\/visitnavarra.info\/visitnavarra\/wp-json\/wp\/v2\/pages\/8116\/revisions\/9799"}],"wp:attachment":[{"href":"https:\/\/visitnavarra.info\/visitnavarra\/wp-json\/wp\/v2\/media?parent=8116"}],"curies":[{"name":"wp","href":"https:\/\/api.w.org\/{rel}","templated":true}]}}