{"id":8224,"date":"2020-12-15T15:11:48","date_gmt":"2020-12-15T15:11:48","guid":{"rendered":"https:\/\/visitnavarra.info\/visitnavarra\/?page_id=8224"},"modified":"2024-05-20T13:31:43","modified_gmt":"2024-05-20T13:31:43","slug":"museo-de-navarra","status":"publish","type":"page","link":"https:\/\/visitnavarra.info\/visitnavarra\/museo-de-navarra\/","title":{"rendered":"Museo de Navarra"},"content":{"rendered":"<p>[vc_row][vc_column width=&#8221;1\/1&#8243;][vc_column_text]<\/p>\n<h1><strong>Museo de Navarra<\/strong><\/h1>\n<p>[\/vc_column_text][vc_column_text][\/vc_column_text][\/vc_column][\/vc_row][vc_row][vc_column width=&#8221;1\/2&#8243;]<div class=\"single_image wpb_content_element align-left    \" data-animation=\"none\" data-delay=\"0\"><img loading=\"lazy\" decoding=\"async\" width=\"1024\" height=\"575\" src=\"https:\/\/visitnavarra.info\/visitnavarra\/wp-content\/uploads\/2020\/12\/Museo_de_Navarra_Pamplona_Portada.jpg\" class=\"attachment-full\" alt=\"\" srcset=\"https:\/\/visitnavarra.info\/visitnavarra\/wp-content\/uploads\/2020\/12\/Museo_de_Navarra_Pamplona_Portada.jpg 1024w, https:\/\/visitnavarra.info\/visitnavarra\/wp-content\/uploads\/2020\/12\/Museo_de_Navarra_Pamplona_Portada-300x168.jpg 300w, https:\/\/visitnavarra.info\/visitnavarra\/wp-content\/uploads\/2020\/12\/Museo_de_Navarra_Pamplona_Portada-768x431.jpg 768w, https:\/\/visitnavarra.info\/visitnavarra\/wp-content\/uploads\/2020\/12\/Museo_de_Navarra_Pamplona_Portada-1000x563.jpg 1000w\" sizes=\"auto, (max-width: 1024px) 100vw, 1024px\" \/><\/div>[vc_column_text][\/vc_column_text][\/vc_column][vc_column width=&#8221;1\/2&#8243;][vc_column_text]<\/p>\n<p>C\/ Santo Domingo, 47<br \/>\n31001 Pamplona<br \/>\n<strong>Tel\u00e9fono oficinas:<\/strong> 848 426492 \/ 848 426493<br \/>\n<strong>Tel\u00e9fono taquilla:<\/strong> 848 428926<br \/>\n<strong>Correo electr\u00f3nico:<\/strong> <a href=\"mailto:museo@navarra.es\">museo@navarra.es<\/a>[\/vc_column_text][vc_column_text][\/vc_column_text][\/vc_column][\/vc_row][vc_row][vc_column width=&#8221;1\/1&#8243;][vc_column_text]<strong>TARIFAS<\/strong><\/p>\n<p><strong>General y <\/strong><strong>Reducida, <\/strong>esta \u00faltima previa acreditaci\u00f3n, titulares del carn\u00e9 joven, titulares del carn\u00e9 de estudiante y grupos culturales (a partir de 8 personas).<\/p>\n<p><strong>Gratuita:<\/strong><\/p>\n<ul>\n<li>Exposiciones temporales.<\/li>\n<li>S\u00e1bados tarde, domingos y los d\u00edas: D\u00eda Internacional del Museo (18 de mayo) , D\u00eda Internacional del Turismo (27 de septiembre), Fiesta Nacional de Espa\u00f1a (12 de octubre), D\u00eda de Navarra (3 de diciembre) y D\u00eda de la Constituci\u00f3n (6 de diciembre).<\/li>\n<li>Previa acreditaci\u00f3n: menores de edad civil, mayores de 65 a\u00f1os, jubilados, personas con discapacidad de la UE, desempleados (tarjeta del INEM) y peregrinos (tarjeta compostelana), miembros de ICOM (carn\u00e9 actualizado), Amigos del Museo de Navarra (carn\u00e9 actualizado) y profesorado (acreditaci\u00f3n de la direcci\u00f3n del centro).<\/li>\n<li>Grupos culturales con reserva.<\/li>\n<\/ul>\n<p>[\/vc_column_text][\/vc_column][\/vc_row][vc_row][vc_column width=&#8221;1\/1&#8243;][vc_column_text]<\/p>\n<h3><strong>DESCRIPCI\u00d3N<\/strong><\/h3>\n<p>Instalado en el antiguo Hospital de Nuestra Se\u00f1ora de la Misericordia, del que conserva su portada y capilla, ambas del siglo XVI, fue convertido en Museo seg\u00fan el proyecto de Jos\u00e9 Y\u00e1rnoz y reinaugurado en 1990 tras la remodelaci\u00f3n de los arquitectos Garc\u00e9s y Soria.<\/p>\n<p>Alberga colecciones arqueol\u00f3gicas y art\u00edsticas relacionadas con el pasado y presente de la Comunidad Foral de Navarra.<\/p>\n<p>Entre las primeras destacan las:<\/p>\n<ul>\n<li>Series romana: mosaicos y epigraf\u00edas<\/li>\n<li>\u00c1rabe: la excepcional arqueta hispano\u00e1rabe de marfil procedente de Leire y ejecutada en el taller de Medina-Zahara, 1005<\/li>\n<li>Rom\u00e1nica: capiteles de la primitiva Catedral de Pamplona.<\/li>\n<\/ul>\n<p>Es llamativo tambi\u00e9n el conjunto de pinturas murales g\u00f3ticas y sobre tabla del mismo estilo, adem\u00e1s de las grisallas renacentistas sobre la Guerra de Sajonia del emperador Carlos V, procedentes del Palacio de Oriz, y la serie de pinturas barrocas acerca del G\u00e9nesis del flamenco lacob Bottats.<\/p>\n<p>El conjunto se completa con tallas religiosas, retablos y orfebrer\u00eda.<\/p>\n<p>Sobresalen los extraordinarios retratos del Marqu\u00e9s de San Adri\u00e1n (pintado por Francisco de Goya) y Morat\u00edn (obra de Luis Paret).[\/vc_column_text][\/vc_column][\/vc_row]<\/p>\n","protected":false},"excerpt":{"rendered":"<p>[vc_row][vc_column width=&#8221;1\/1&#8243;][vc_column_text] Museo de Navarra [\/vc_column_text][vc_column_text][\/vc_column_text][\/vc_column][\/vc_row][vc_row][vc_column width=&#8221;1\/2&#8243;][vc_column_text][\/vc_column_text][\/vc_column][vc_column width=&#8221;1\/2&#8243;][vc_column_text] C\/ Santo Domingo, 47 31001 Pamplona Tel\u00e9fono oficinas: 848 426492 \/ 848 426493 Tel\u00e9fono taquilla: 848 428926 Correo electr\u00f3nico: museo@navarra.es[\/vc_column_text][vc_column_text][\/vc_column_text][\/vc_column][\/vc_row][vc_row][vc_column width=&#8221;1\/1&#8243;][vc_column_text]TARIFAS General y Reducida, esta \u00faltima previa acreditaci\u00f3n, titulares del carn\u00e9 joven, titulares del carn\u00e9 de estudiante y grupos culturales (a partir de 8 personas). Gratuita: Exposiciones temporales. S\u00e1bados tarde, domingos y los d\u00edas: D\u00eda Internacional del Museo (18 de mayo) , D\u00eda Internacional del Turismo (27 de septiembre), Fiesta Nacional de Espa\u00f1a (12 de octubre), D\u00eda de Navarra (3 de diciembre) y D\u00eda de la Constituci\u00f3n (6 de diciembre). Previa acreditaci\u00f3n: menores de edad civil, mayores de 65 a\u00f1os, jubilados, personas con discapacidad de la UE, desempleados (tarjeta del INEM) y peregrinos (tarjeta compostelana), miembros de ICOM (carn\u00e9 actualizado), Amigos del Museo de Navarra (carn\u00e9 actualizado) y profesorado (acreditaci\u00f3n de la direcci\u00f3n del centro). Grupos culturales con reserva. [\/vc_column_text][\/vc_column][\/vc_row][vc_row][vc_column width=&#8221;1\/1&#8243;][vc_column_text] DESCRIPCI\u00d3N Instalado en el antiguo Hospital de Nuestra Se\u00f1ora de la Misericordia, del que conserva su portada y capilla, ambas del siglo XVI, fue convertido en Museo seg\u00fan el proyecto de Jos\u00e9 Y\u00e1rnoz y reinaugurado en 1990 tras la remodelaci\u00f3n de los arquitectos Garc\u00e9s y Soria. Alberga colecciones arqueol\u00f3gicas y art\u00edsticas [&hellip;]<\/p>\n","protected":false},"author":1,"featured_media":0,"parent":0,"menu_order":0,"comment_status":"closed","ping_status":"closed","template":"","meta":{"footnotes":""},"class_list":["post-8224","page","type-page","status-publish","hentry"],"yoast_head":"<!-- This site is optimized with the Yoast SEO plugin v23.5 - https:\/\/yoast.com\/wordpress\/plugins\/seo\/ -->\n<title>Museo de NavarraMuseo de Navarra - VisitNavarra<\/title>\n<meta name=\"description\" content=\"Instalado en el antiguo Hospital de Nuestra Se\u00f1ora de la Misericordia, del que conserva su portada y capilla, ambas del siglo XVI.\" \/>\n<meta name=\"robots\" content=\"index, follow, max-snippet:-1, max-image-preview:large, max-video-preview:-1\" \/>\n<link rel=\"canonical\" href=\"https:\/\/visitnavarra.info\/visitnavarra\/museo-de-navarra\/\" \/>\n<meta property=\"og:locale\" content=\"es_ES\" \/>\n<meta property=\"og:type\" content=\"article\" \/>\n<meta property=\"og:title\" content=\"Museo de NavarraMuseo de Navarra - VisitNavarra\" \/>\n<meta property=\"og:description\" content=\"Instalado en el antiguo Hospital de Nuestra Se\u00f1ora de la Misericordia, del que conserva su portada y capilla, ambas del siglo XVI.\" \/>\n<meta property=\"og:url\" content=\"https:\/\/visitnavarra.info\/visitnavarra\/museo-de-navarra\/\" \/>\n<meta property=\"og:site_name\" content=\"VisitNavarra\" \/>\n<meta property=\"article:modified_time\" content=\"2024-05-20T13:31:43+00:00\" \/>\n<meta name=\"twitter:card\" content=\"summary_large_image\" \/>\n<meta name=\"twitter:label1\" content=\"Tiempo de lectura\" \/>\n\t<meta name=\"twitter:data1\" content=\"2 minutos\" \/>\n<script type=\"application\/ld+json\" class=\"yoast-schema-graph\">{\"@context\":\"https:\/\/schema.org\",\"@graph\":[{\"@type\":\"WebPage\",\"@id\":\"https:\/\/visitnavarra.info\/visitnavarra\/museo-de-navarra\/\",\"url\":\"https:\/\/visitnavarra.info\/visitnavarra\/museo-de-navarra\/\",\"name\":\"Museo de NavarraMuseo de Navarra - VisitNavarra\",\"isPartOf\":{\"@id\":\"https:\/\/visitnavarra.info\/visitnavarra\/#website\"},\"datePublished\":\"2020-12-15T15:11:48+00:00\",\"dateModified\":\"2024-05-20T13:31:43+00:00\",\"description\":\"Instalado en el antiguo Hospital de Nuestra Se\u00f1ora de la Misericordia, del que conserva su portada y capilla, ambas del siglo XVI.\",\"breadcrumb\":{\"@id\":\"https:\/\/visitnavarra.info\/visitnavarra\/museo-de-navarra\/#breadcrumb\"},\"inLanguage\":\"es\",\"potentialAction\":[{\"@type\":\"ReadAction\",\"target\":[\"https:\/\/visitnavarra.info\/visitnavarra\/museo-de-navarra\/\"]}]},{\"@type\":\"BreadcrumbList\",\"@id\":\"https:\/\/visitnavarra.info\/visitnavarra\/museo-de-navarra\/#breadcrumb\",\"itemListElement\":[{\"@type\":\"ListItem\",\"position\":1,\"name\":\"Portada\",\"item\":\"https:\/\/visitnavarra.info\/visitnavarra\/\"},{\"@type\":\"ListItem\",\"position\":2,\"name\":\"Museo de Navarra\"}]},{\"@type\":\"WebSite\",\"@id\":\"https:\/\/visitnavarra.info\/visitnavarra\/#website\",\"url\":\"https:\/\/visitnavarra.info\/visitnavarra\/\",\"name\":\"VisitNavarra\",\"description\":\"Alojamiento y experiencias tur\u00edsticas en Navarra; qu\u00e9 visitar en Navarra; comer en Navarra\",\"potentialAction\":[{\"@type\":\"SearchAction\",\"target\":{\"@type\":\"EntryPoint\",\"urlTemplate\":\"https:\/\/visitnavarra.info\/visitnavarra\/?s={search_term_string}\"},\"query-input\":{\"@type\":\"PropertyValueSpecification\",\"valueRequired\":true,\"valueName\":\"search_term_string\"}}],\"inLanguage\":\"es\"}]}<\/script>\n<!-- \/ Yoast SEO plugin. -->","yoast_head_json":{"title":"Museo de NavarraMuseo de Navarra - VisitNavarra","description":"Instalado en el antiguo Hospital de Nuestra Se\u00f1ora de la Misericordia, del que conserva su portada y capilla, ambas del siglo XVI.","robots":{"index":"index","follow":"follow","max-snippet":"max-snippet:-1","max-image-preview":"max-image-preview:large","max-video-preview":"max-video-preview:-1"},"canonical":"https:\/\/visitnavarra.info\/visitnavarra\/museo-de-navarra\/","og_locale":"es_ES","og_type":"article","og_title":"Museo de NavarraMuseo de Navarra - VisitNavarra","og_description":"Instalado en el antiguo Hospital de Nuestra Se\u00f1ora de la Misericordia, del que conserva su portada y capilla, ambas del siglo XVI.","og_url":"https:\/\/visitnavarra.info\/visitnavarra\/museo-de-navarra\/","og_site_name":"VisitNavarra","article_modified_time":"2024-05-20T13:31:43+00:00","twitter_card":"summary_large_image","twitter_misc":{"Tiempo de lectura":"2 minutos"},"schema":{"@context":"https:\/\/schema.org","@graph":[{"@type":"WebPage","@id":"https:\/\/visitnavarra.info\/visitnavarra\/museo-de-navarra\/","url":"https:\/\/visitnavarra.info\/visitnavarra\/museo-de-navarra\/","name":"Museo de NavarraMuseo de Navarra - VisitNavarra","isPartOf":{"@id":"https:\/\/visitnavarra.info\/visitnavarra\/#website"},"datePublished":"2020-12-15T15:11:48+00:00","dateModified":"2024-05-20T13:31:43+00:00","description":"Instalado en el antiguo Hospital de Nuestra Se\u00f1ora de la Misericordia, del que conserva su portada y capilla, ambas del siglo XVI.","breadcrumb":{"@id":"https:\/\/visitnavarra.info\/visitnavarra\/museo-de-navarra\/#breadcrumb"},"inLanguage":"es","potentialAction":[{"@type":"ReadAction","target":["https:\/\/visitnavarra.info\/visitnavarra\/museo-de-navarra\/"]}]},{"@type":"BreadcrumbList","@id":"https:\/\/visitnavarra.info\/visitnavarra\/museo-de-navarra\/#breadcrumb","itemListElement":[{"@type":"ListItem","position":1,"name":"Portada","item":"https:\/\/visitnavarra.info\/visitnavarra\/"},{"@type":"ListItem","position":2,"name":"Museo de Navarra"}]},{"@type":"WebSite","@id":"https:\/\/visitnavarra.info\/visitnavarra\/#website","url":"https:\/\/visitnavarra.info\/visitnavarra\/","name":"VisitNavarra","description":"Alojamiento y experiencias tur\u00edsticas en Navarra; qu\u00e9 visitar en Navarra; comer en Navarra","potentialAction":[{"@type":"SearchAction","target":{"@type":"EntryPoint","urlTemplate":"https:\/\/visitnavarra.info\/visitnavarra\/?s={search_term_string}"},"query-input":{"@type":"PropertyValueSpecification","valueRequired":true,"valueName":"search_term_string"}}],"inLanguage":"es"}]}},"_links":{"self":[{"href":"https:\/\/visitnavarra.info\/visitnavarra\/wp-json\/wp\/v2\/pages\/8224","targetHints":{"allow":["GET"]}}],"collection":[{"href":"https:\/\/visitnavarra.info\/visitnavarra\/wp-json\/wp\/v2\/pages"}],"about":[{"href":"https:\/\/visitnavarra.info\/visitnavarra\/wp-json\/wp\/v2\/types\/page"}],"author":[{"embeddable":true,"href":"https:\/\/visitnavarra.info\/visitnavarra\/wp-json\/wp\/v2\/users\/1"}],"replies":[{"embeddable":true,"href":"https:\/\/visitnavarra.info\/visitnavarra\/wp-json\/wp\/v2\/comments?post=8224"}],"version-history":[{"count":6,"href":"https:\/\/visitnavarra.info\/visitnavarra\/wp-json\/wp\/v2\/pages\/8224\/revisions"}],"predecessor-version":[{"id":13530,"href":"https:\/\/visitnavarra.info\/visitnavarra\/wp-json\/wp\/v2\/pages\/8224\/revisions\/13530"}],"wp:attachment":[{"href":"https:\/\/visitnavarra.info\/visitnavarra\/wp-json\/wp\/v2\/media?parent=8224"}],"curies":[{"name":"wp","href":"https:\/\/api.w.org\/{rel}","templated":true}]}}