{"id":8229,"date":"2020-12-15T15:25:19","date_gmt":"2020-12-15T15:25:19","guid":{"rendered":"https:\/\/visitnavarra.info\/visitnavarra\/?page_id=8229"},"modified":"2024-05-20T13:35:02","modified_gmt":"2024-05-20T13:35:02","slug":"museo-gustavo-de-maeztu","status":"publish","type":"page","link":"https:\/\/visitnavarra.info\/visitnavarra\/museo-gustavo-de-maeztu\/","title":{"rendered":"Museo Gustavo de Maeztu"},"content":{"rendered":"<p>[vc_row][vc_column width=&#8221;1\/1&#8243;][vc_column_text]<\/p>\n<h1><strong>Museo Gustavo de Maeztu<\/strong><\/h1>\n<p>[\/vc_column_text][vc_column_text][\/vc_column_text][\/vc_column][\/vc_row][vc_row][vc_column width=&#8221;1\/2&#8243;]<div class=\"single_image wpb_content_element align-left    \" data-animation=\"none\" data-delay=\"0\"><img loading=\"lazy\" decoding=\"async\" width=\"939\" height=\"913\" src=\"https:\/\/visitnavarra.info\/visitnavarra\/wp-content\/uploads\/2020\/12\/edificio-museo-gustavo-maeztu-1.jpg\" class=\"attachment-full\" alt=\"\" srcset=\"https:\/\/visitnavarra.info\/visitnavarra\/wp-content\/uploads\/2020\/12\/edificio-museo-gustavo-maeztu-1.jpg 939w, https:\/\/visitnavarra.info\/visitnavarra\/wp-content\/uploads\/2020\/12\/edificio-museo-gustavo-maeztu-1-300x292.jpg 300w, https:\/\/visitnavarra.info\/visitnavarra\/wp-content\/uploads\/2020\/12\/edificio-museo-gustavo-maeztu-1-768x747.jpg 768w\" sizes=\"auto, (max-width: 939px) 100vw, 939px\" \/><\/div>[vc_column_text][\/vc_column_text][\/vc_column][vc_column width=&#8221;1\/2&#8243;][vc_column_text]<\/p>\n<p>San Nicol\u00e1s, 1<br \/>\n31200 ESTELLA &#8211; LIZARRA<br \/>\nNavarra, Espa\u00f1a<br \/>\n948 546 037<br \/>\n<a href=\"mailto:museogmaeztu@estella-lizarra.com\">museogmaeztu@estella-lizarra.com<\/a><br \/>\n<a href=\"http:\/\/www.museogustavodemaeztu.com\">www.museogustavodemaeztu.com<\/a>[\/vc_column_text][\/vc_column][\/vc_row][vc_row][vc_column width=&#8221;1\/1&#8243;][vc_column_text]<\/p>\n<h3><strong>DESCRIPCI\u00d3N<\/strong><\/h3>\n<p>Ubicado en el antiguo Palacio de los Reyes de Navarra, tambi\u00e9n llamado Palacio de los Duques de Granada de Ega, es un edificio rom\u00e1nico de car\u00e1cter civil, con capiteles historiados, uno de los cuales, el ejecutado por Mart\u00edn de Logro\u00f1o, narra la lucha de Rold\u00e1n con el gigante Ferragut.<\/p>\n<p>El edificio fue reabierto en 1991, tras la remodelaci\u00f3n del arquitecto Miguel A. Alonso del Val. Se centra en la figura del escritor y pintor Gustavo de Maeztu y Whitney (1887-1947), vitoriano de nacimiento, pero avecindado en Estella hasta su muerte.<\/p>\n<p>Contiene una parte importante de su obra pl\u00e1stica y gr\u00e1fica que se articula en torno a la figura femenina, los retratos, bodegones y paisajes, adem\u00e1s de en torno a tres facetas peculiares de su estilo: lo cosmopolita, lo pintoresco y lo marginal, junto a una selecci\u00f3n de dibujos de varios g\u00e9neros y t\u00e9cnicas, tambi\u00e9n se muestran las investigaciones realizadas por Maeztu en el mundo de la pl\u00e1stica, aludi\u00e9ndose a su vertiente literaria.[\/vc_column_text][\/vc_column][\/vc_row]<\/p>\n","protected":false},"excerpt":{"rendered":"<p>[vc_row][vc_column width=&#8221;1\/1&#8243;][vc_column_text] Museo Gustavo de Maeztu [\/vc_column_text][vc_column_text][\/vc_column_text][\/vc_column][\/vc_row][vc_row][vc_column width=&#8221;1\/2&#8243;][vc_column_text][\/vc_column_text][\/vc_column][vc_column width=&#8221;1\/2&#8243;][vc_column_text] San Nicol\u00e1s, 1 31200 ESTELLA &#8211; LIZARRA Navarra, Espa\u00f1a 948 546 037 museogmaeztu@estella-lizarra.com www.museogustavodemaeztu.com[\/vc_column_text][\/vc_column][\/vc_row][vc_row][vc_column width=&#8221;1\/1&#8243;][vc_column_text] DESCRIPCI\u00d3N Ubicado en el antiguo Palacio de los Reyes de Navarra, tambi\u00e9n llamado Palacio de los Duques de Granada de Ega, es un edificio rom\u00e1nico de car\u00e1cter civil, con capiteles historiados, uno de los cuales, el ejecutado por Mart\u00edn de Logro\u00f1o, narra la lucha de Rold\u00e1n con el gigante Ferragut. El edificio fue reabierto en 1991, tras la remodelaci\u00f3n del arquitecto Miguel A. Alonso del Val. Se centra en la figura del escritor y pintor Gustavo de Maeztu y Whitney (1887-1947), vitoriano de nacimiento, pero avecindado en Estella hasta su muerte. Contiene una parte importante de su obra pl\u00e1stica y gr\u00e1fica que se articula en torno a la figura femenina, los retratos, bodegones y paisajes, adem\u00e1s de en torno a tres facetas peculiares de su estilo: lo cosmopolita, lo pintoresco y lo marginal, junto a una selecci\u00f3n de dibujos de varios g\u00e9neros y t\u00e9cnicas, tambi\u00e9n se muestran las investigaciones realizadas por Maeztu en el mundo de la pl\u00e1stica, aludi\u00e9ndose a su vertiente literaria.[\/vc_column_text][\/vc_column][\/vc_row]<\/p>\n","protected":false},"author":1,"featured_media":0,"parent":0,"menu_order":0,"comment_status":"closed","ping_status":"closed","template":"","meta":{"footnotes":""},"class_list":["post-8229","page","type-page","status-publish","hentry"],"yoast_head":"<!-- This site is optimized with the Yoast SEO plugin v23.5 - https:\/\/yoast.com\/wordpress\/plugins\/seo\/ -->\n<title>Museo Gustavo de MaeztuMuseo Gustavo de Maeztu - VisitNavarra<\/title>\n<meta name=\"description\" content=\"Armonioso edificio de estilo protog\u00f3tico, quiz\u00e1s antiguo hospital sanjuanista o iglesia cementerial a servicio del Camino de Santiago.\" \/>\n<meta name=\"robots\" content=\"index, follow, max-snippet:-1, max-image-preview:large, max-video-preview:-1\" \/>\n<link rel=\"canonical\" href=\"https:\/\/visitnavarra.info\/visitnavarra\/museo-gustavo-de-maeztu\/\" \/>\n<meta property=\"og:locale\" content=\"es_ES\" \/>\n<meta property=\"og:type\" content=\"article\" \/>\n<meta property=\"og:title\" content=\"Museo Gustavo de MaeztuMuseo Gustavo de Maeztu - VisitNavarra\" \/>\n<meta property=\"og:description\" content=\"Armonioso edificio de estilo protog\u00f3tico, quiz\u00e1s antiguo hospital sanjuanista o iglesia cementerial a servicio del Camino de Santiago.\" \/>\n<meta property=\"og:url\" content=\"https:\/\/visitnavarra.info\/visitnavarra\/museo-gustavo-de-maeztu\/\" \/>\n<meta property=\"og:site_name\" content=\"VisitNavarra\" \/>\n<meta property=\"article:modified_time\" content=\"2024-05-20T13:35:02+00:00\" \/>\n<meta name=\"twitter:card\" content=\"summary_large_image\" \/>\n<meta name=\"twitter:label1\" content=\"Tiempo de lectura\" \/>\n\t<meta name=\"twitter:data1\" content=\"1 minuto\" \/>\n<script type=\"application\/ld+json\" class=\"yoast-schema-graph\">{\"@context\":\"https:\/\/schema.org\",\"@graph\":[{\"@type\":\"WebPage\",\"@id\":\"https:\/\/visitnavarra.info\/visitnavarra\/museo-gustavo-de-maeztu\/\",\"url\":\"https:\/\/visitnavarra.info\/visitnavarra\/museo-gustavo-de-maeztu\/\",\"name\":\"Museo Gustavo de MaeztuMuseo Gustavo de Maeztu - VisitNavarra\",\"isPartOf\":{\"@id\":\"https:\/\/visitnavarra.info\/visitnavarra\/#website\"},\"datePublished\":\"2020-12-15T15:25:19+00:00\",\"dateModified\":\"2024-05-20T13:35:02+00:00\",\"description\":\"Armonioso edificio de estilo protog\u00f3tico, quiz\u00e1s antiguo hospital sanjuanista o iglesia cementerial a servicio del Camino de Santiago.\",\"breadcrumb\":{\"@id\":\"https:\/\/visitnavarra.info\/visitnavarra\/museo-gustavo-de-maeztu\/#breadcrumb\"},\"inLanguage\":\"es\",\"potentialAction\":[{\"@type\":\"ReadAction\",\"target\":[\"https:\/\/visitnavarra.info\/visitnavarra\/museo-gustavo-de-maeztu\/\"]}]},{\"@type\":\"BreadcrumbList\",\"@id\":\"https:\/\/visitnavarra.info\/visitnavarra\/museo-gustavo-de-maeztu\/#breadcrumb\",\"itemListElement\":[{\"@type\":\"ListItem\",\"position\":1,\"name\":\"Portada\",\"item\":\"https:\/\/visitnavarra.info\/visitnavarra\/\"},{\"@type\":\"ListItem\",\"position\":2,\"name\":\"Museo Gustavo de Maeztu\"}]},{\"@type\":\"WebSite\",\"@id\":\"https:\/\/visitnavarra.info\/visitnavarra\/#website\",\"url\":\"https:\/\/visitnavarra.info\/visitnavarra\/\",\"name\":\"VisitNavarra\",\"description\":\"Alojamiento y experiencias tur\u00edsticas en Navarra; qu\u00e9 visitar en Navarra; comer en Navarra\",\"potentialAction\":[{\"@type\":\"SearchAction\",\"target\":{\"@type\":\"EntryPoint\",\"urlTemplate\":\"https:\/\/visitnavarra.info\/visitnavarra\/?s={search_term_string}\"},\"query-input\":{\"@type\":\"PropertyValueSpecification\",\"valueRequired\":true,\"valueName\":\"search_term_string\"}}],\"inLanguage\":\"es\"}]}<\/script>\n<!-- \/ Yoast SEO plugin. -->","yoast_head_json":{"title":"Museo Gustavo de MaeztuMuseo Gustavo de Maeztu - VisitNavarra","description":"Armonioso edificio de estilo protog\u00f3tico, quiz\u00e1s antiguo hospital sanjuanista o iglesia cementerial a servicio del Camino de Santiago.","robots":{"index":"index","follow":"follow","max-snippet":"max-snippet:-1","max-image-preview":"max-image-preview:large","max-video-preview":"max-video-preview:-1"},"canonical":"https:\/\/visitnavarra.info\/visitnavarra\/museo-gustavo-de-maeztu\/","og_locale":"es_ES","og_type":"article","og_title":"Museo Gustavo de MaeztuMuseo Gustavo de Maeztu - VisitNavarra","og_description":"Armonioso edificio de estilo protog\u00f3tico, quiz\u00e1s antiguo hospital sanjuanista o iglesia cementerial a servicio del Camino de Santiago.","og_url":"https:\/\/visitnavarra.info\/visitnavarra\/museo-gustavo-de-maeztu\/","og_site_name":"VisitNavarra","article_modified_time":"2024-05-20T13:35:02+00:00","twitter_card":"summary_large_image","twitter_misc":{"Tiempo de lectura":"1 minuto"},"schema":{"@context":"https:\/\/schema.org","@graph":[{"@type":"WebPage","@id":"https:\/\/visitnavarra.info\/visitnavarra\/museo-gustavo-de-maeztu\/","url":"https:\/\/visitnavarra.info\/visitnavarra\/museo-gustavo-de-maeztu\/","name":"Museo Gustavo de MaeztuMuseo Gustavo de Maeztu - VisitNavarra","isPartOf":{"@id":"https:\/\/visitnavarra.info\/visitnavarra\/#website"},"datePublished":"2020-12-15T15:25:19+00:00","dateModified":"2024-05-20T13:35:02+00:00","description":"Armonioso edificio de estilo protog\u00f3tico, quiz\u00e1s antiguo hospital sanjuanista o iglesia cementerial a servicio del Camino de Santiago.","breadcrumb":{"@id":"https:\/\/visitnavarra.info\/visitnavarra\/museo-gustavo-de-maeztu\/#breadcrumb"},"inLanguage":"es","potentialAction":[{"@type":"ReadAction","target":["https:\/\/visitnavarra.info\/visitnavarra\/museo-gustavo-de-maeztu\/"]}]},{"@type":"BreadcrumbList","@id":"https:\/\/visitnavarra.info\/visitnavarra\/museo-gustavo-de-maeztu\/#breadcrumb","itemListElement":[{"@type":"ListItem","position":1,"name":"Portada","item":"https:\/\/visitnavarra.info\/visitnavarra\/"},{"@type":"ListItem","position":2,"name":"Museo Gustavo de Maeztu"}]},{"@type":"WebSite","@id":"https:\/\/visitnavarra.info\/visitnavarra\/#website","url":"https:\/\/visitnavarra.info\/visitnavarra\/","name":"VisitNavarra","description":"Alojamiento y experiencias tur\u00edsticas en Navarra; qu\u00e9 visitar en Navarra; comer en Navarra","potentialAction":[{"@type":"SearchAction","target":{"@type":"EntryPoint","urlTemplate":"https:\/\/visitnavarra.info\/visitnavarra\/?s={search_term_string}"},"query-input":{"@type":"PropertyValueSpecification","valueRequired":true,"valueName":"search_term_string"}}],"inLanguage":"es"}]}},"_links":{"self":[{"href":"https:\/\/visitnavarra.info\/visitnavarra\/wp-json\/wp\/v2\/pages\/8229","targetHints":{"allow":["GET"]}}],"collection":[{"href":"https:\/\/visitnavarra.info\/visitnavarra\/wp-json\/wp\/v2\/pages"}],"about":[{"href":"https:\/\/visitnavarra.info\/visitnavarra\/wp-json\/wp\/v2\/types\/page"}],"author":[{"embeddable":true,"href":"https:\/\/visitnavarra.info\/visitnavarra\/wp-json\/wp\/v2\/users\/1"}],"replies":[{"embeddable":true,"href":"https:\/\/visitnavarra.info\/visitnavarra\/wp-json\/wp\/v2\/comments?post=8229"}],"version-history":[{"count":4,"href":"https:\/\/visitnavarra.info\/visitnavarra\/wp-json\/wp\/v2\/pages\/8229\/revisions"}],"predecessor-version":[{"id":13534,"href":"https:\/\/visitnavarra.info\/visitnavarra\/wp-json\/wp\/v2\/pages\/8229\/revisions\/13534"}],"wp:attachment":[{"href":"https:\/\/visitnavarra.info\/visitnavarra\/wp-json\/wp\/v2\/media?parent=8229"}],"curies":[{"name":"wp","href":"https:\/\/api.w.org\/{rel}","templated":true}]}}