{"id":8242,"date":"2020-12-15T15:56:07","date_gmt":"2020-12-15T15:56:07","guid":{"rendered":"https:\/\/visitnavarra.info\/visitnavarra\/?page_id=8242"},"modified":"2024-05-20T13:38:43","modified_gmt":"2024-05-20T13:38:43","slug":"museo-del-carlismo","status":"publish","type":"page","link":"https:\/\/visitnavarra.info\/visitnavarra\/museo-del-carlismo\/","title":{"rendered":"Museo del Carlismo"},"content":{"rendered":"<p>[vc_row][vc_column width=&#8221;1\/1&#8243;][vc_column_text]<\/p>\n<h1><strong>Museo del Carlismo<\/strong><\/h1>\n<p>[\/vc_column_text][vc_column_text][\/vc_column_text][\/vc_column][\/vc_row][vc_row][vc_column width=&#8221;1\/2&#8243;]<div class=\"single_image wpb_content_element align-left    \" data-animation=\"none\" data-delay=\"0\"><img loading=\"lazy\" decoding=\"async\" width=\"597\" height=\"468\" src=\"https:\/\/visitnavarra.info\/visitnavarra\/wp-content\/uploads\/2020\/12\/Museo-del-Carlismo-1.jpg\" class=\"attachment-full\" alt=\"\" srcset=\"https:\/\/visitnavarra.info\/visitnavarra\/wp-content\/uploads\/2020\/12\/Museo-del-Carlismo-1.jpg 597w, https:\/\/visitnavarra.info\/visitnavarra\/wp-content\/uploads\/2020\/12\/Museo-del-Carlismo-1-300x235.jpg 300w\" sizes=\"auto, (max-width: 597px) 100vw, 597px\" \/><\/div>[vc_column_text][\/vc_column_text][\/vc_column][vc_column width=&#8221;1\/2&#8243;][vc_column_text]Calle de la R\u00faa, 27-29 \u2013 Palacio del Gobernador<br \/>\n31200 Estella-Lizarra (Navarra)<br \/>\nTel\u00e9fono: 948 552 111<br \/>\nCorreo electr\u00f3nico: <a href=\"mailto:museo.carlismo@navarra.es\">museo.carlismo@navarra.es<\/a>[\/vc_column_text][\/vc_column][\/vc_row][vc_row][vc_column width=&#8221;1\/1&#8243;][vc_column_text]<\/p>\n<h3><\/h3>\n<h3><strong>DESCRIPCI\u00d3N<\/strong><\/h3>\n<p>La misi\u00f3n del Museo del Carlismo es preservar y difundir la historia del Carlismo en Navarra y en Espa\u00f1a, en el contexto de la historia de los siglos XIX y XX, entendido como un proceso pol\u00edtico y social similar a otros en Europa y en el mundo. Este objetivo se realiza a trav\u00e9s de la adquisici\u00f3n, documentaci\u00f3n y conservaci\u00f3n de sus fondos, as\u00ed como a trav\u00e9s de la investigaci\u00f3n, la exposici\u00f3n y la difusi\u00f3n de sus colecciones.[\/vc_column_text][\/vc_column][\/vc_row]<\/p>\n","protected":false},"excerpt":{"rendered":"<p>[vc_row][vc_column width=&#8221;1\/1&#8243;][vc_column_text] Museo del Carlismo [\/vc_column_text][vc_column_text][\/vc_column_text][\/vc_column][\/vc_row][vc_row][vc_column width=&#8221;1\/2&#8243;][vc_column_text][\/vc_column_text][\/vc_column][vc_column width=&#8221;1\/2&#8243;][vc_column_text]Calle de la R\u00faa, 27-29 \u2013 Palacio del Gobernador 31200 Estella-Lizarra (Navarra) Tel\u00e9fono: 948 552 111 Correo electr\u00f3nico: museo.carlismo@navarra.es[\/vc_column_text][\/vc_column][\/vc_row][vc_row][vc_column width=&#8221;1\/1&#8243;][vc_column_text] DESCRIPCI\u00d3N La misi\u00f3n del Museo del Carlismo es preservar y difundir la historia del Carlismo en Navarra y en Espa\u00f1a, en el contexto de la historia de los siglos XIX y XX, entendido como un proceso pol\u00edtico y social similar a otros en Europa y en el mundo. Este objetivo se realiza a trav\u00e9s de la adquisici\u00f3n, documentaci\u00f3n y conservaci\u00f3n de sus fondos, as\u00ed como a trav\u00e9s de la investigaci\u00f3n, la exposici\u00f3n y la difusi\u00f3n de sus colecciones.[\/vc_column_text][\/vc_column][\/vc_row]<\/p>\n","protected":false},"author":1,"featured_media":0,"parent":0,"menu_order":0,"comment_status":"closed","ping_status":"closed","template":"","meta":{"footnotes":""},"class_list":["post-8242","page","type-page","status-publish","hentry"],"yoast_head":"<!-- This site is optimized with the Yoast SEO plugin v23.5 - https:\/\/yoast.com\/wordpress\/plugins\/seo\/ -->\n<title>Museo del CarlismoMuseo del Carlismo - VisitNavarra<\/title>\n<meta name=\"description\" content=\"La misi\u00f3n del Museo del Carlismo es preservar y difundir la historia del Carlismo en Navarra y en Espa\u00f1a, en el contexto de la historia\" \/>\n<meta name=\"robots\" content=\"index, follow, max-snippet:-1, max-image-preview:large, max-video-preview:-1\" \/>\n<link rel=\"canonical\" href=\"https:\/\/visitnavarra.info\/visitnavarra\/museo-del-carlismo\/\" \/>\n<meta property=\"og:locale\" content=\"es_ES\" \/>\n<meta property=\"og:type\" content=\"article\" \/>\n<meta property=\"og:title\" content=\"Museo del CarlismoMuseo del Carlismo - VisitNavarra\" \/>\n<meta property=\"og:description\" content=\"La misi\u00f3n del Museo del Carlismo es preservar y difundir la historia del Carlismo en Navarra y en Espa\u00f1a, en el contexto de la historia\" \/>\n<meta property=\"og:url\" content=\"https:\/\/visitnavarra.info\/visitnavarra\/museo-del-carlismo\/\" \/>\n<meta property=\"og:site_name\" content=\"VisitNavarra\" \/>\n<meta property=\"article:modified_time\" content=\"2024-05-20T13:38:43+00:00\" \/>\n<meta name=\"twitter:card\" content=\"summary_large_image\" \/>\n<meta name=\"twitter:label1\" content=\"Tiempo de lectura\" \/>\n\t<meta name=\"twitter:data1\" content=\"1 minuto\" \/>\n<script type=\"application\/ld+json\" class=\"yoast-schema-graph\">{\"@context\":\"https:\/\/schema.org\",\"@graph\":[{\"@type\":\"WebPage\",\"@id\":\"https:\/\/visitnavarra.info\/visitnavarra\/museo-del-carlismo\/\",\"url\":\"https:\/\/visitnavarra.info\/visitnavarra\/museo-del-carlismo\/\",\"name\":\"Museo del CarlismoMuseo del Carlismo - VisitNavarra\",\"isPartOf\":{\"@id\":\"https:\/\/visitnavarra.info\/visitnavarra\/#website\"},\"datePublished\":\"2020-12-15T15:56:07+00:00\",\"dateModified\":\"2024-05-20T13:38:43+00:00\",\"description\":\"La misi\u00f3n del Museo del Carlismo es preservar y difundir la historia del Carlismo en Navarra y en Espa\u00f1a, en el contexto de la historia\",\"breadcrumb\":{\"@id\":\"https:\/\/visitnavarra.info\/visitnavarra\/museo-del-carlismo\/#breadcrumb\"},\"inLanguage\":\"es\",\"potentialAction\":[{\"@type\":\"ReadAction\",\"target\":[\"https:\/\/visitnavarra.info\/visitnavarra\/museo-del-carlismo\/\"]}]},{\"@type\":\"BreadcrumbList\",\"@id\":\"https:\/\/visitnavarra.info\/visitnavarra\/museo-del-carlismo\/#breadcrumb\",\"itemListElement\":[{\"@type\":\"ListItem\",\"position\":1,\"name\":\"Portada\",\"item\":\"https:\/\/visitnavarra.info\/visitnavarra\/\"},{\"@type\":\"ListItem\",\"position\":2,\"name\":\"Museo del Carlismo\"}]},{\"@type\":\"WebSite\",\"@id\":\"https:\/\/visitnavarra.info\/visitnavarra\/#website\",\"url\":\"https:\/\/visitnavarra.info\/visitnavarra\/\",\"name\":\"VisitNavarra\",\"description\":\"Alojamiento y experiencias tur\u00edsticas en Navarra; qu\u00e9 visitar en Navarra; comer en Navarra\",\"potentialAction\":[{\"@type\":\"SearchAction\",\"target\":{\"@type\":\"EntryPoint\",\"urlTemplate\":\"https:\/\/visitnavarra.info\/visitnavarra\/?s={search_term_string}\"},\"query-input\":{\"@type\":\"PropertyValueSpecification\",\"valueRequired\":true,\"valueName\":\"search_term_string\"}}],\"inLanguage\":\"es\"}]}<\/script>\n<!-- \/ Yoast SEO plugin. -->","yoast_head_json":{"title":"Museo del CarlismoMuseo del Carlismo - VisitNavarra","description":"La misi\u00f3n del Museo del Carlismo es preservar y difundir la historia del Carlismo en Navarra y en Espa\u00f1a, en el contexto de la historia","robots":{"index":"index","follow":"follow","max-snippet":"max-snippet:-1","max-image-preview":"max-image-preview:large","max-video-preview":"max-video-preview:-1"},"canonical":"https:\/\/visitnavarra.info\/visitnavarra\/museo-del-carlismo\/","og_locale":"es_ES","og_type":"article","og_title":"Museo del CarlismoMuseo del Carlismo - VisitNavarra","og_description":"La misi\u00f3n del Museo del Carlismo es preservar y difundir la historia del Carlismo en Navarra y en Espa\u00f1a, en el contexto de la historia","og_url":"https:\/\/visitnavarra.info\/visitnavarra\/museo-del-carlismo\/","og_site_name":"VisitNavarra","article_modified_time":"2024-05-20T13:38:43+00:00","twitter_card":"summary_large_image","twitter_misc":{"Tiempo de lectura":"1 minuto"},"schema":{"@context":"https:\/\/schema.org","@graph":[{"@type":"WebPage","@id":"https:\/\/visitnavarra.info\/visitnavarra\/museo-del-carlismo\/","url":"https:\/\/visitnavarra.info\/visitnavarra\/museo-del-carlismo\/","name":"Museo del CarlismoMuseo del Carlismo - VisitNavarra","isPartOf":{"@id":"https:\/\/visitnavarra.info\/visitnavarra\/#website"},"datePublished":"2020-12-15T15:56:07+00:00","dateModified":"2024-05-20T13:38:43+00:00","description":"La misi\u00f3n del Museo del Carlismo es preservar y difundir la historia del Carlismo en Navarra y en Espa\u00f1a, en el contexto de la historia","breadcrumb":{"@id":"https:\/\/visitnavarra.info\/visitnavarra\/museo-del-carlismo\/#breadcrumb"},"inLanguage":"es","potentialAction":[{"@type":"ReadAction","target":["https:\/\/visitnavarra.info\/visitnavarra\/museo-del-carlismo\/"]}]},{"@type":"BreadcrumbList","@id":"https:\/\/visitnavarra.info\/visitnavarra\/museo-del-carlismo\/#breadcrumb","itemListElement":[{"@type":"ListItem","position":1,"name":"Portada","item":"https:\/\/visitnavarra.info\/visitnavarra\/"},{"@type":"ListItem","position":2,"name":"Museo del Carlismo"}]},{"@type":"WebSite","@id":"https:\/\/visitnavarra.info\/visitnavarra\/#website","url":"https:\/\/visitnavarra.info\/visitnavarra\/","name":"VisitNavarra","description":"Alojamiento y experiencias tur\u00edsticas en Navarra; qu\u00e9 visitar en Navarra; comer en Navarra","potentialAction":[{"@type":"SearchAction","target":{"@type":"EntryPoint","urlTemplate":"https:\/\/visitnavarra.info\/visitnavarra\/?s={search_term_string}"},"query-input":{"@type":"PropertyValueSpecification","valueRequired":true,"valueName":"search_term_string"}}],"inLanguage":"es"}]}},"_links":{"self":[{"href":"https:\/\/visitnavarra.info\/visitnavarra\/wp-json\/wp\/v2\/pages\/8242","targetHints":{"allow":["GET"]}}],"collection":[{"href":"https:\/\/visitnavarra.info\/visitnavarra\/wp-json\/wp\/v2\/pages"}],"about":[{"href":"https:\/\/visitnavarra.info\/visitnavarra\/wp-json\/wp\/v2\/types\/page"}],"author":[{"embeddable":true,"href":"https:\/\/visitnavarra.info\/visitnavarra\/wp-json\/wp\/v2\/users\/1"}],"replies":[{"embeddable":true,"href":"https:\/\/visitnavarra.info\/visitnavarra\/wp-json\/wp\/v2\/comments?post=8242"}],"version-history":[{"count":3,"href":"https:\/\/visitnavarra.info\/visitnavarra\/wp-json\/wp\/v2\/pages\/8242\/revisions"}],"predecessor-version":[{"id":13542,"href":"https:\/\/visitnavarra.info\/visitnavarra\/wp-json\/wp\/v2\/pages\/8242\/revisions\/13542"}],"wp:attachment":[{"href":"https:\/\/visitnavarra.info\/visitnavarra\/wp-json\/wp\/v2\/media?parent=8242"}],"curies":[{"name":"wp","href":"https:\/\/api.w.org\/{rel}","templated":true}]}}