{"id":8251,"date":"2020-12-16T12:13:51","date_gmt":"2020-12-16T12:13:51","guid":{"rendered":"https:\/\/visitnavarra.info\/visitnavarra\/?page_id=8251"},"modified":"2021-04-07T10:31:11","modified_gmt":"2021-04-07T10:31:11","slug":"museo-etnologico-de-navarra-julio-caro-baroja","status":"publish","type":"page","link":"https:\/\/visitnavarra.info\/visitnavarra\/museo-etnologico-de-navarra-julio-caro-baroja\/","title":{"rendered":"Museo Etnol\u00f3gico de Navarra Julio Caro Baroja"},"content":{"rendered":"<p>[vc_row][vc_column width=&#8221;1\/1&#8243;][vc_column_text]<\/p>\n<h2><strong>Museo Etnol\u00f3gico de Navarra Julio Caro Baroja<\/strong><\/h2>\n<p>[\/vc_column_text][vc_column_text][\/vc_column_text][\/vc_column][\/vc_row][vc_row][vc_column width=&#8221;1\/2&#8243;]<div class=\"single_image wpb_content_element align-left    \" data-animation=\"none\" data-delay=\"0\"><img loading=\"lazy\" decoding=\"async\" width=\"597\" height=\"468\" src=\"https:\/\/visitnavarra.info\/visitnavarra\/wp-content\/uploads\/2020\/12\/Museo-Julio-Caro-Baroja-Estella-1.jpg\" class=\"attachment-full\" alt=\"\" srcset=\"https:\/\/visitnavarra.info\/visitnavarra\/wp-content\/uploads\/2020\/12\/Museo-Julio-Caro-Baroja-Estella-1.jpg 597w, https:\/\/visitnavarra.info\/visitnavarra\/wp-content\/uploads\/2020\/12\/Museo-Julio-Caro-Baroja-Estella-1-300x235.jpg 300w\" sizes=\"auto, (max-width: 597px) 100vw, 597px\" \/><\/div>[vc_column_text][\/vc_column_text][\/vc_column][vc_column width=&#8221;1\/2&#8243;][vc_column_text]Calle Merkatondoa n\u00ba 13, nave 4<br \/>\n31200-Estella (Navarra)<br \/>\nTel\u00e9fono y fax: 948 553 556<br \/>\nCorreo electr\u00f3nico: <a href=\"mailto:museo.etnologico.navarra@navarra.es\">museo.etnologico.navarra@navarra.es<\/a>[\/vc_column_text][\/vc_column][\/vc_row][vc_row][vc_column width=&#8221;1\/1&#8243;][vc_column_text]El Museo Etnol\u00f3gico de Navarra &#8220;Julio Caro Baroja&#8221; est\u00e1 pendiente de concretar su ubicaci\u00f3n definitiva en la ciudad de Estella.<br \/>\nEntre tanto, la colecci\u00f3n etnogr\u00e1fica y el centro de documentaci\u00f3n est\u00e1n alojados en una sede provisional, por lo que no es posible el acceso del p\u00fablico general.<br \/>\nLos investigadores pueden concertar una cita con los responsables con fines de estudio y documentaci\u00f3n.[\/vc_column_text][\/vc_column][\/vc_row]<\/p>\n","protected":false},"excerpt":{"rendered":"<p>[vc_row][vc_column width=&#8221;1\/1&#8243;][vc_column_text] Museo Etnol\u00f3gico de Navarra Julio Caro Baroja [\/vc_column_text][vc_column_text][\/vc_column_text][\/vc_column][\/vc_row][vc_row][vc_column width=&#8221;1\/2&#8243;][vc_column_text][\/vc_column_text][\/vc_column][vc_column width=&#8221;1\/2&#8243;][vc_column_text]Calle Merkatondoa n\u00ba 13, nave 4 31200-Estella (Navarra) Tel\u00e9fono y fax: 948 553 556 Correo electr\u00f3nico: museo.etnologico.navarra@navarra.es[\/vc_column_text][\/vc_column][\/vc_row][vc_row][vc_column width=&#8221;1\/1&#8243;][vc_column_text]El Museo Etnol\u00f3gico de Navarra &#8220;Julio Caro Baroja&#8221; est\u00e1 pendiente de concretar su ubicaci\u00f3n definitiva en la ciudad de Estella. Entre tanto, la colecci\u00f3n etnogr\u00e1fica y el centro de documentaci\u00f3n est\u00e1n alojados en una sede provisional, por lo que no es posible el acceso del p\u00fablico general. Los investigadores pueden concertar una cita con los responsables con fines de estudio y documentaci\u00f3n.[\/vc_column_text][\/vc_column][\/vc_row]<\/p>\n","protected":false},"author":1,"featured_media":0,"parent":0,"menu_order":0,"comment_status":"closed","ping_status":"closed","template":"","meta":{"footnotes":""},"class_list":["post-8251","page","type-page","status-publish","hentry"],"yoast_head":"<!-- This site is optimized with the Yoast SEO plugin v23.5 - https:\/\/yoast.com\/wordpress\/plugins\/seo\/ -->\n<title>Museo Etnol\u00f3gico de Navarra Julio Caro Baroja - VisitNavarra<\/title>\n<meta name=\"description\" content=\"El Museo Etnol\u00f3gico de Navarra &#039;Julio Caro Baroja&#039; es un museo creado en 1994 por el Gobierno de Navarra sobre etnolog\u00eda.\" \/>\n<meta name=\"robots\" content=\"index, follow, max-snippet:-1, max-image-preview:large, max-video-preview:-1\" \/>\n<link rel=\"canonical\" href=\"https:\/\/visitnavarra.info\/visitnavarra\/museo-etnologico-de-navarra-julio-caro-baroja\/\" \/>\n<meta property=\"og:locale\" content=\"es_ES\" \/>\n<meta property=\"og:type\" content=\"article\" \/>\n<meta property=\"og:title\" content=\"Museo Etnol\u00f3gico de Navarra Julio Caro Baroja - VisitNavarra\" \/>\n<meta property=\"og:description\" content=\"El Museo Etnol\u00f3gico de Navarra &#039;Julio Caro Baroja&#039; es un museo creado en 1994 por el Gobierno de Navarra sobre etnolog\u00eda.\" \/>\n<meta property=\"og:url\" content=\"https:\/\/visitnavarra.info\/visitnavarra\/museo-etnologico-de-navarra-julio-caro-baroja\/\" \/>\n<meta property=\"og:site_name\" content=\"VisitNavarra\" \/>\n<meta property=\"article:modified_time\" content=\"2021-04-07T10:31:11+00:00\" \/>\n<meta name=\"twitter:card\" content=\"summary_large_image\" \/>\n<meta name=\"twitter:label1\" content=\"Tiempo de lectura\" \/>\n\t<meta name=\"twitter:data1\" content=\"1 minuto\" \/>\n<script type=\"application\/ld+json\" class=\"yoast-schema-graph\">{\"@context\":\"https:\/\/schema.org\",\"@graph\":[{\"@type\":\"WebPage\",\"@id\":\"https:\/\/visitnavarra.info\/visitnavarra\/museo-etnologico-de-navarra-julio-caro-baroja\/\",\"url\":\"https:\/\/visitnavarra.info\/visitnavarra\/museo-etnologico-de-navarra-julio-caro-baroja\/\",\"name\":\"Museo Etnol\u00f3gico de Navarra Julio Caro Baroja - VisitNavarra\",\"isPartOf\":{\"@id\":\"https:\/\/visitnavarra.info\/visitnavarra\/#website\"},\"datePublished\":\"2020-12-16T12:13:51+00:00\",\"dateModified\":\"2021-04-07T10:31:11+00:00\",\"description\":\"El Museo Etnol\u00f3gico de Navarra 'Julio Caro Baroja' es un museo creado en 1994 por el Gobierno de Navarra sobre etnolog\u00eda.\",\"breadcrumb\":{\"@id\":\"https:\/\/visitnavarra.info\/visitnavarra\/museo-etnologico-de-navarra-julio-caro-baroja\/#breadcrumb\"},\"inLanguage\":\"es\",\"potentialAction\":[{\"@type\":\"ReadAction\",\"target\":[\"https:\/\/visitnavarra.info\/visitnavarra\/museo-etnologico-de-navarra-julio-caro-baroja\/\"]}]},{\"@type\":\"BreadcrumbList\",\"@id\":\"https:\/\/visitnavarra.info\/visitnavarra\/museo-etnologico-de-navarra-julio-caro-baroja\/#breadcrumb\",\"itemListElement\":[{\"@type\":\"ListItem\",\"position\":1,\"name\":\"Portada\",\"item\":\"https:\/\/visitnavarra.info\/visitnavarra\/\"},{\"@type\":\"ListItem\",\"position\":2,\"name\":\"Museo Etnol\u00f3gico de Navarra Julio Caro Baroja\"}]},{\"@type\":\"WebSite\",\"@id\":\"https:\/\/visitnavarra.info\/visitnavarra\/#website\",\"url\":\"https:\/\/visitnavarra.info\/visitnavarra\/\",\"name\":\"VisitNavarra\",\"description\":\"Alojamiento y experiencias tur\u00edsticas en Navarra; qu\u00e9 visitar en Navarra; comer en Navarra\",\"potentialAction\":[{\"@type\":\"SearchAction\",\"target\":{\"@type\":\"EntryPoint\",\"urlTemplate\":\"https:\/\/visitnavarra.info\/visitnavarra\/?s={search_term_string}\"},\"query-input\":{\"@type\":\"PropertyValueSpecification\",\"valueRequired\":true,\"valueName\":\"search_term_string\"}}],\"inLanguage\":\"es\"}]}<\/script>\n<!-- \/ Yoast SEO plugin. -->","yoast_head_json":{"title":"Museo Etnol\u00f3gico de Navarra Julio Caro Baroja - VisitNavarra","description":"El Museo Etnol\u00f3gico de Navarra 'Julio Caro Baroja' es un museo creado en 1994 por el Gobierno de Navarra sobre etnolog\u00eda.","robots":{"index":"index","follow":"follow","max-snippet":"max-snippet:-1","max-image-preview":"max-image-preview:large","max-video-preview":"max-video-preview:-1"},"canonical":"https:\/\/visitnavarra.info\/visitnavarra\/museo-etnologico-de-navarra-julio-caro-baroja\/","og_locale":"es_ES","og_type":"article","og_title":"Museo Etnol\u00f3gico de Navarra Julio Caro Baroja - VisitNavarra","og_description":"El Museo Etnol\u00f3gico de Navarra 'Julio Caro Baroja' es un museo creado en 1994 por el Gobierno de Navarra sobre etnolog\u00eda.","og_url":"https:\/\/visitnavarra.info\/visitnavarra\/museo-etnologico-de-navarra-julio-caro-baroja\/","og_site_name":"VisitNavarra","article_modified_time":"2021-04-07T10:31:11+00:00","twitter_card":"summary_large_image","twitter_misc":{"Tiempo de lectura":"1 minuto"},"schema":{"@context":"https:\/\/schema.org","@graph":[{"@type":"WebPage","@id":"https:\/\/visitnavarra.info\/visitnavarra\/museo-etnologico-de-navarra-julio-caro-baroja\/","url":"https:\/\/visitnavarra.info\/visitnavarra\/museo-etnologico-de-navarra-julio-caro-baroja\/","name":"Museo Etnol\u00f3gico de Navarra Julio Caro Baroja - VisitNavarra","isPartOf":{"@id":"https:\/\/visitnavarra.info\/visitnavarra\/#website"},"datePublished":"2020-12-16T12:13:51+00:00","dateModified":"2021-04-07T10:31:11+00:00","description":"El Museo Etnol\u00f3gico de Navarra 'Julio Caro Baroja' es un museo creado en 1994 por el Gobierno de Navarra sobre etnolog\u00eda.","breadcrumb":{"@id":"https:\/\/visitnavarra.info\/visitnavarra\/museo-etnologico-de-navarra-julio-caro-baroja\/#breadcrumb"},"inLanguage":"es","potentialAction":[{"@type":"ReadAction","target":["https:\/\/visitnavarra.info\/visitnavarra\/museo-etnologico-de-navarra-julio-caro-baroja\/"]}]},{"@type":"BreadcrumbList","@id":"https:\/\/visitnavarra.info\/visitnavarra\/museo-etnologico-de-navarra-julio-caro-baroja\/#breadcrumb","itemListElement":[{"@type":"ListItem","position":1,"name":"Portada","item":"https:\/\/visitnavarra.info\/visitnavarra\/"},{"@type":"ListItem","position":2,"name":"Museo Etnol\u00f3gico de Navarra Julio Caro Baroja"}]},{"@type":"WebSite","@id":"https:\/\/visitnavarra.info\/visitnavarra\/#website","url":"https:\/\/visitnavarra.info\/visitnavarra\/","name":"VisitNavarra","description":"Alojamiento y experiencias tur\u00edsticas en Navarra; qu\u00e9 visitar en Navarra; comer en Navarra","potentialAction":[{"@type":"SearchAction","target":{"@type":"EntryPoint","urlTemplate":"https:\/\/visitnavarra.info\/visitnavarra\/?s={search_term_string}"},"query-input":{"@type":"PropertyValueSpecification","valueRequired":true,"valueName":"search_term_string"}}],"inLanguage":"es"}]}},"_links":{"self":[{"href":"https:\/\/visitnavarra.info\/visitnavarra\/wp-json\/wp\/v2\/pages\/8251","targetHints":{"allow":["GET"]}}],"collection":[{"href":"https:\/\/visitnavarra.info\/visitnavarra\/wp-json\/wp\/v2\/pages"}],"about":[{"href":"https:\/\/visitnavarra.info\/visitnavarra\/wp-json\/wp\/v2\/types\/page"}],"author":[{"embeddable":true,"href":"https:\/\/visitnavarra.info\/visitnavarra\/wp-json\/wp\/v2\/users\/1"}],"replies":[{"embeddable":true,"href":"https:\/\/visitnavarra.info\/visitnavarra\/wp-json\/wp\/v2\/comments?post=8251"}],"version-history":[{"count":2,"href":"https:\/\/visitnavarra.info\/visitnavarra\/wp-json\/wp\/v2\/pages\/8251\/revisions"}],"predecessor-version":[{"id":9934,"href":"https:\/\/visitnavarra.info\/visitnavarra\/wp-json\/wp\/v2\/pages\/8251\/revisions\/9934"}],"wp:attachment":[{"href":"https:\/\/visitnavarra.info\/visitnavarra\/wp-json\/wp\/v2\/media?parent=8251"}],"curies":[{"name":"wp","href":"https:\/\/api.w.org\/{rel}","templated":true}]}}