{"id":8256,"date":"2020-12-16T12:22:49","date_gmt":"2020-12-16T12:22:49","guid":{"rendered":"https:\/\/visitnavarra.info\/visitnavarra\/?page_id=8256"},"modified":"2024-05-20T13:40:58","modified_gmt":"2024-05-20T13:40:58","slug":"museo-munoz-sola-de-arte-moderno","status":"publish","type":"page","link":"https:\/\/visitnavarra.info\/visitnavarra\/museo-munoz-sola-de-arte-moderno\/","title":{"rendered":"Museo Mu\u00f1oz Sola de Arte Moderno"},"content":{"rendered":"<p>[vc_row][vc_column width=&#8221;1\/1&#8243;][vc_column_text]<\/p>\n<h1><strong>Museo Mu\u00f1oz Sola de Arte Moderno<\/strong><\/h1>\n<p>[\/vc_column_text][vc_column_text][\/vc_column_text][\/vc_column][\/vc_row][vc_row][vc_column width=&#8221;1\/2&#8243;]<div class=\"single_image wpb_content_element align-left    \" data-animation=\"none\" data-delay=\"0\"><img loading=\"lazy\" decoding=\"async\" width=\"1248\" height=\"832\" src=\"https:\/\/visitnavarra.info\/visitnavarra\/wp-content\/uploads\/2020\/12\/Museo-Munoz-Sola-Arte-Moderno-Tudela.jpg\" class=\"attachment-full\" alt=\"\" srcset=\"https:\/\/visitnavarra.info\/visitnavarra\/wp-content\/uploads\/2020\/12\/Museo-Munoz-Sola-Arte-Moderno-Tudela.jpg 1248w, https:\/\/visitnavarra.info\/visitnavarra\/wp-content\/uploads\/2020\/12\/Museo-Munoz-Sola-Arte-Moderno-Tudela-300x200.jpg 300w, https:\/\/visitnavarra.info\/visitnavarra\/wp-content\/uploads\/2020\/12\/Museo-Munoz-Sola-Arte-Moderno-Tudela-1024x683.jpg 1024w, https:\/\/visitnavarra.info\/visitnavarra\/wp-content\/uploads\/2020\/12\/Museo-Munoz-Sola-Arte-Moderno-Tudela-768x512.jpg 768w, https:\/\/visitnavarra.info\/visitnavarra\/wp-content\/uploads\/2020\/12\/Museo-Munoz-Sola-Arte-Moderno-Tudela-600x400.jpg 600w\" sizes=\"auto, (max-width: 1248px) 100vw, 1248px\" \/><\/div>[vc_column_text][\/vc_column_text][\/vc_column][vc_column width=&#8221;1\/2&#8243;][vc_column_text]Plaza Vieja, 2 \/ 31500 Tudela (Navarra)<br \/>\nTel\u00e9fono: 948 402 640<br \/>\nEmail: <a href=\"mailto:museomunozsola@castelruiz.es\">museomunozsola@castelruiz.es <\/a>[\/vc_column_text][\/vc_column][\/vc_row][vc_row][vc_column width=&#8221;1\/1&#8243;][vc_column_text]<\/p>\n<h3><strong>Venta de entradas<\/strong><\/h3>\n<p>General: consultar<\/p>\n<p>Gratuita:<\/p>\n<ul>\n<li>Personas de la Uni\u00f3n Europea menores de 18 a\u00f1os.<\/li>\n<li>Personas de la Uni\u00f3n Europea mayores de 65 y jubilados.<\/li>\n<li>Personas de la Uni\u00f3n Europea afectadas por al menos el 33 % de minusval\u00eda.<\/li>\n<li>Miembros del profesorado.<\/li>\n<li>El D\u00eda Nacional de Espa\u00f1a.<\/li>\n<li>El D\u00eda de la Constituci\u00f3n.<\/li>\n<li>El D\u00eda de Navarra.<\/li>\n<li>El D\u00eda Internacional de los Museos.<\/li>\n<li>El D\u00eda Internacional del Turismo<\/li>\n<\/ul>\n<h3>Visitas de grupos<\/h3>\n<p>Consultar disponibilidad y tarifa del servicio<\/p>\n<h3>Visitas para grupos escolares<\/h3>\n<p>Disponemos de un amplio servicio de visitas guiadas gratuitas para escolares. Es necesario programar la visita con antelaci\u00f3n.[\/vc_column_text][\/vc_column][\/vc_row][vc_row][vc_column width=&#8221;1\/1&#8243;][vc_column_text]<\/p>\n<h3><strong>DESCRIPCI\u00d3N<\/strong><\/h3>\n<p>Este Museo recoge una variada colecci\u00f3n de pintura francesa del siglo XIX que el pintor tudelano C\u00c9SAR MU\u00d1OZ SOLA (1921-2000), fue reuniendo a lo largo de toda su vida, cuyas inclinaciones est\u00e9ticas estaban vinculadas a ese tipo de pintura figurativa.<\/p>\n<p>Se compone de una rica colecci\u00f3n de retratos, bodegones, paisajes y escenas de g\u00e9nero con notables ejemplos de pintura naturalista y rom\u00e1ntica, impresionista y simbolista, salidos de los pinceles de Girodet de Roucy, Carolus Duran, Goupil, Isabey o L\u2019Hermitte entre otros, no faltando ejemplos de pintura espa\u00f1ola como Jos\u00e9 Villegas o L\u00f3pez Mezquita.<\/p>\n<p>&nbsp;<\/p>\n<p>[\/vc_column_text][\/vc_column][\/vc_row]<\/p>\n","protected":false},"excerpt":{"rendered":"<p>[vc_row][vc_column width=&#8221;1\/1&#8243;][vc_column_text] Museo Mu\u00f1oz Sola de Arte Moderno [\/vc_column_text][vc_column_text][\/vc_column_text][\/vc_column][\/vc_row][vc_row][vc_column width=&#8221;1\/2&#8243;][vc_column_text][\/vc_column_text][\/vc_column][vc_column width=&#8221;1\/2&#8243;][vc_column_text]Plaza Vieja, 2 \/ 31500 Tudela (Navarra) Tel\u00e9fono: 948 402 640 Email: museomunozsola@castelruiz.es [\/vc_column_text][\/vc_column][\/vc_row][vc_row][vc_column width=&#8221;1\/1&#8243;][vc_column_text] Venta de entradas General: consultar Gratuita: Personas de la Uni\u00f3n Europea menores de 18 a\u00f1os. Personas de la Uni\u00f3n Europea mayores de 65 y jubilados. Personas de la Uni\u00f3n Europea afectadas por al menos el 33 % de minusval\u00eda. Miembros del profesorado. El D\u00eda Nacional de Espa\u00f1a. El D\u00eda de la Constituci\u00f3n. El D\u00eda de Navarra. El D\u00eda Internacional de los Museos. El D\u00eda Internacional del Turismo Visitas de grupos Consultar disponibilidad y tarifa del servicio Visitas para grupos escolares Disponemos de un amplio servicio de visitas guiadas gratuitas para escolares. Es necesario programar la visita con antelaci\u00f3n.[\/vc_column_text][\/vc_column][\/vc_row][vc_row][vc_column width=&#8221;1\/1&#8243;][vc_column_text] DESCRIPCI\u00d3N Este Museo recoge una variada colecci\u00f3n de pintura francesa del siglo XIX que el pintor tudelano C\u00c9SAR MU\u00d1OZ SOLA (1921-2000), fue reuniendo a lo largo de toda su vida, cuyas inclinaciones est\u00e9ticas estaban vinculadas a ese tipo de pintura figurativa. Se compone de una rica colecci\u00f3n de retratos, bodegones, paisajes y escenas de g\u00e9nero con notables ejemplos de pintura naturalista y rom\u00e1ntica, impresionista y simbolista, salidos de los pinceles de Girodet de Roucy, Carolus Duran, [&hellip;]<\/p>\n","protected":false},"author":1,"featured_media":0,"parent":0,"menu_order":0,"comment_status":"closed","ping_status":"closed","template":"","meta":{"footnotes":""},"class_list":["post-8256","page","type-page","status-publish","hentry"],"yoast_head":"<!-- This site is optimized with the Yoast SEO plugin v23.5 - https:\/\/yoast.com\/wordpress\/plugins\/seo\/ -->\n<title>Museo Mu\u00f1oz Sola de Arte Moderno - VisitNavarra<\/title>\n<meta name=\"description\" content=\"Este Museo recoge una variada colecci\u00f3n de pintura francesa del siglo XIX que el pintor tudelano C\u00c9SAR MU\u00d1OZ SOLA (1921-2000),\" \/>\n<meta name=\"robots\" content=\"index, follow, max-snippet:-1, max-image-preview:large, max-video-preview:-1\" \/>\n<link rel=\"canonical\" href=\"https:\/\/visitnavarra.info\/visitnavarra\/museo-munoz-sola-de-arte-moderno\/\" \/>\n<meta property=\"og:locale\" content=\"es_ES\" \/>\n<meta property=\"og:type\" content=\"article\" \/>\n<meta property=\"og:title\" content=\"Museo Mu\u00f1oz Sola de Arte Moderno - VisitNavarra\" \/>\n<meta property=\"og:description\" content=\"Este Museo recoge una variada colecci\u00f3n de pintura francesa del siglo XIX que el pintor tudelano C\u00c9SAR MU\u00d1OZ SOLA (1921-2000),\" \/>\n<meta property=\"og:url\" content=\"https:\/\/visitnavarra.info\/visitnavarra\/museo-munoz-sola-de-arte-moderno\/\" \/>\n<meta property=\"og:site_name\" content=\"VisitNavarra\" \/>\n<meta property=\"article:modified_time\" content=\"2024-05-20T13:40:58+00:00\" \/>\n<meta name=\"twitter:card\" content=\"summary_large_image\" \/>\n<meta name=\"twitter:label1\" content=\"Tiempo de lectura\" \/>\n\t<meta name=\"twitter:data1\" content=\"2 minutos\" \/>\n<script type=\"application\/ld+json\" class=\"yoast-schema-graph\">{\"@context\":\"https:\/\/schema.org\",\"@graph\":[{\"@type\":\"WebPage\",\"@id\":\"https:\/\/visitnavarra.info\/visitnavarra\/museo-munoz-sola-de-arte-moderno\/\",\"url\":\"https:\/\/visitnavarra.info\/visitnavarra\/museo-munoz-sola-de-arte-moderno\/\",\"name\":\"Museo Mu\u00f1oz Sola de Arte Moderno - VisitNavarra\",\"isPartOf\":{\"@id\":\"https:\/\/visitnavarra.info\/visitnavarra\/#website\"},\"datePublished\":\"2020-12-16T12:22:49+00:00\",\"dateModified\":\"2024-05-20T13:40:58+00:00\",\"description\":\"Este Museo recoge una variada colecci\u00f3n de pintura francesa del siglo XIX que el pintor tudelano C\u00c9SAR MU\u00d1OZ SOLA (1921-2000),\",\"breadcrumb\":{\"@id\":\"https:\/\/visitnavarra.info\/visitnavarra\/museo-munoz-sola-de-arte-moderno\/#breadcrumb\"},\"inLanguage\":\"es\",\"potentialAction\":[{\"@type\":\"ReadAction\",\"target\":[\"https:\/\/visitnavarra.info\/visitnavarra\/museo-munoz-sola-de-arte-moderno\/\"]}]},{\"@type\":\"BreadcrumbList\",\"@id\":\"https:\/\/visitnavarra.info\/visitnavarra\/museo-munoz-sola-de-arte-moderno\/#breadcrumb\",\"itemListElement\":[{\"@type\":\"ListItem\",\"position\":1,\"name\":\"Portada\",\"item\":\"https:\/\/visitnavarra.info\/visitnavarra\/\"},{\"@type\":\"ListItem\",\"position\":2,\"name\":\"Museo Mu\u00f1oz Sola de Arte Moderno\"}]},{\"@type\":\"WebSite\",\"@id\":\"https:\/\/visitnavarra.info\/visitnavarra\/#website\",\"url\":\"https:\/\/visitnavarra.info\/visitnavarra\/\",\"name\":\"VisitNavarra\",\"description\":\"Alojamiento y experiencias tur\u00edsticas en Navarra; qu\u00e9 visitar en Navarra; comer en Navarra\",\"potentialAction\":[{\"@type\":\"SearchAction\",\"target\":{\"@type\":\"EntryPoint\",\"urlTemplate\":\"https:\/\/visitnavarra.info\/visitnavarra\/?s={search_term_string}\"},\"query-input\":{\"@type\":\"PropertyValueSpecification\",\"valueRequired\":true,\"valueName\":\"search_term_string\"}}],\"inLanguage\":\"es\"}]}<\/script>\n<!-- \/ Yoast SEO plugin. -->","yoast_head_json":{"title":"Museo Mu\u00f1oz Sola de Arte Moderno - VisitNavarra","description":"Este Museo recoge una variada colecci\u00f3n de pintura francesa del siglo XIX que el pintor tudelano C\u00c9SAR MU\u00d1OZ SOLA (1921-2000),","robots":{"index":"index","follow":"follow","max-snippet":"max-snippet:-1","max-image-preview":"max-image-preview:large","max-video-preview":"max-video-preview:-1"},"canonical":"https:\/\/visitnavarra.info\/visitnavarra\/museo-munoz-sola-de-arte-moderno\/","og_locale":"es_ES","og_type":"article","og_title":"Museo Mu\u00f1oz Sola de Arte Moderno - VisitNavarra","og_description":"Este Museo recoge una variada colecci\u00f3n de pintura francesa del siglo XIX que el pintor tudelano C\u00c9SAR MU\u00d1OZ SOLA (1921-2000),","og_url":"https:\/\/visitnavarra.info\/visitnavarra\/museo-munoz-sola-de-arte-moderno\/","og_site_name":"VisitNavarra","article_modified_time":"2024-05-20T13:40:58+00:00","twitter_card":"summary_large_image","twitter_misc":{"Tiempo de lectura":"2 minutos"},"schema":{"@context":"https:\/\/schema.org","@graph":[{"@type":"WebPage","@id":"https:\/\/visitnavarra.info\/visitnavarra\/museo-munoz-sola-de-arte-moderno\/","url":"https:\/\/visitnavarra.info\/visitnavarra\/museo-munoz-sola-de-arte-moderno\/","name":"Museo Mu\u00f1oz Sola de Arte Moderno - VisitNavarra","isPartOf":{"@id":"https:\/\/visitnavarra.info\/visitnavarra\/#website"},"datePublished":"2020-12-16T12:22:49+00:00","dateModified":"2024-05-20T13:40:58+00:00","description":"Este Museo recoge una variada colecci\u00f3n de pintura francesa del siglo XIX que el pintor tudelano C\u00c9SAR MU\u00d1OZ SOLA (1921-2000),","breadcrumb":{"@id":"https:\/\/visitnavarra.info\/visitnavarra\/museo-munoz-sola-de-arte-moderno\/#breadcrumb"},"inLanguage":"es","potentialAction":[{"@type":"ReadAction","target":["https:\/\/visitnavarra.info\/visitnavarra\/museo-munoz-sola-de-arte-moderno\/"]}]},{"@type":"BreadcrumbList","@id":"https:\/\/visitnavarra.info\/visitnavarra\/museo-munoz-sola-de-arte-moderno\/#breadcrumb","itemListElement":[{"@type":"ListItem","position":1,"name":"Portada","item":"https:\/\/visitnavarra.info\/visitnavarra\/"},{"@type":"ListItem","position":2,"name":"Museo Mu\u00f1oz Sola de Arte Moderno"}]},{"@type":"WebSite","@id":"https:\/\/visitnavarra.info\/visitnavarra\/#website","url":"https:\/\/visitnavarra.info\/visitnavarra\/","name":"VisitNavarra","description":"Alojamiento y experiencias tur\u00edsticas en Navarra; qu\u00e9 visitar en Navarra; comer en Navarra","potentialAction":[{"@type":"SearchAction","target":{"@type":"EntryPoint","urlTemplate":"https:\/\/visitnavarra.info\/visitnavarra\/?s={search_term_string}"},"query-input":{"@type":"PropertyValueSpecification","valueRequired":true,"valueName":"search_term_string"}}],"inLanguage":"es"}]}},"_links":{"self":[{"href":"https:\/\/visitnavarra.info\/visitnavarra\/wp-json\/wp\/v2\/pages\/8256","targetHints":{"allow":["GET"]}}],"collection":[{"href":"https:\/\/visitnavarra.info\/visitnavarra\/wp-json\/wp\/v2\/pages"}],"about":[{"href":"https:\/\/visitnavarra.info\/visitnavarra\/wp-json\/wp\/v2\/types\/page"}],"author":[{"embeddable":true,"href":"https:\/\/visitnavarra.info\/visitnavarra\/wp-json\/wp\/v2\/users\/1"}],"replies":[{"embeddable":true,"href":"https:\/\/visitnavarra.info\/visitnavarra\/wp-json\/wp\/v2\/comments?post=8256"}],"version-history":[{"count":2,"href":"https:\/\/visitnavarra.info\/visitnavarra\/wp-json\/wp\/v2\/pages\/8256\/revisions"}],"predecessor-version":[{"id":13546,"href":"https:\/\/visitnavarra.info\/visitnavarra\/wp-json\/wp\/v2\/pages\/8256\/revisions\/13546"}],"wp:attachment":[{"href":"https:\/\/visitnavarra.info\/visitnavarra\/wp-json\/wp\/v2\/media?parent=8256"}],"curies":[{"name":"wp","href":"https:\/\/api.w.org\/{rel}","templated":true}]}}