{"id":8259,"date":"2020-12-16T12:36:19","date_gmt":"2020-12-16T12:36:19","guid":{"rendered":"https:\/\/visitnavarra.info\/visitnavarra\/?page_id=8259"},"modified":"2024-05-20T13:46:04","modified_gmt":"2024-05-20T13:46:04","slug":"museo-universidad-de-navarra","status":"publish","type":"page","link":"https:\/\/visitnavarra.info\/visitnavarra\/museo-universidad-de-navarra\/","title":{"rendered":"Museo Universidad de Navarra"},"content":{"rendered":"<p>[vc_row][vc_column width=&#8221;1\/2&#8243;][vc_column_text]<\/p>\n<h1><strong>Museo Universidad de Navarra<\/strong><\/h1>\n<p>[\/vc_column_text][vc_column_text][\/vc_column_text][\/vc_column][vc_column width=&#8221;1\/2&#8243;][\/vc_column][\/vc_row][vc_row][vc_column width=&#8221;1\/2&#8243;]<div class=\"single_image wpb_content_element align-left    \" data-animation=\"none\" data-delay=\"0\"><img loading=\"lazy\" decoding=\"async\" width=\"597\" height=\"468\" src=\"https:\/\/visitnavarra.info\/visitnavarra\/wp-content\/uploads\/2020\/12\/Museo-Universidad-Navarra-Foto-RafaelMoneo.jpg\" class=\"attachment-full\" alt=\"\" srcset=\"https:\/\/visitnavarra.info\/visitnavarra\/wp-content\/uploads\/2020\/12\/Museo-Universidad-Navarra-Foto-RafaelMoneo.jpg 597w, https:\/\/visitnavarra.info\/visitnavarra\/wp-content\/uploads\/2020\/12\/Museo-Universidad-Navarra-Foto-RafaelMoneo-300x235.jpg 300w\" sizes=\"auto, (max-width: 597px) 100vw, 597px\" \/><\/div>[vc_column_text][\/vc_column_text][\/vc_column][vc_column width=&#8221;1\/2&#8243;][vc_column_text]Campus Universitario<br \/>\n31009. PAMPLONA<br \/>\nTel\u00e9fono: 948 42 57 00.<br \/>\nGPS: 42\u00b0-48&#8242;-4&#8243; N Y 1\u00b0-39&#8242;-38&#8243; W<br \/>\nWeb:\u00a0<a href=\"https:\/\/museo.unav.edu\/\" target=\"_blank\" rel=\"noopener\">https:\/\/museo.unav.edu\/<\/a>[\/vc_column_text][\/vc_column][\/vc_row][vc_row][vc_column width=&#8221;1\/1&#8243;][vc_column_text]<\/p>\n<h3>DESCRIPCI\u00d3N<\/h3>\n<p>El Museo Universidad de Navarra es un centro internacional de inter\u00e9s p\u00fablico, para la creaci\u00f3n y reflexi\u00f3n art\u00edstica, con car\u00e1cter interdisciplinar, investigador, docente y social.<\/p>\n<h3><strong>INVESTIGACI\u00d3N<\/strong><\/h3>\n<p>El Museo estar\u00e1 caracterizado por un acercamiento multidisciplinar al arte. Al nacer en el coraz\u00f3n de un centro acad\u00e9mico, estar\u00e1 rodeado de multitud de \u00e1reas de conocimiento, dando lugar a la investigaci\u00f3n basada en sinergias. El Museo Universidad de Navarra buscar\u00e1 puntos de encuentro entre las diferentes Facultades, Departamentos y Escuelas, y representar\u00e1 un nuevo centro de referencia para la Universidad.<\/p>\n<h3><strong>DOCENCIA<\/strong><\/h3>\n<p>El Museo nace con vocaci\u00f3n docente, como canal de formaci\u00f3n de la comunidad universitaria y para dar un nuevo servicio a la comunidad de Navarra. La presencia del Museo en el campus mejorar\u00e1 la calidad educativa en las aulas y ayudar\u00e1 a expandir el arte en todas las facultades y en la vida universitaria de los alumnos.<\/p>\n<h3><strong>DIFUSI\u00d3N<\/strong><\/h3>\n<p>A trav\u00e9s de exposiciones temporales, exposiciones de dibujo en la colecci\u00f3n del museo permanente, programas p\u00fablicos y otros eventos art\u00edsticos y actuaciones, el Museo participar\u00e1 en un di\u00e1logo entre su propia actividad art\u00edstica y la vida cultural y creativa de la regi\u00f3n de Navarra, Espa\u00f1a y el resto del mundo. Como centro de la cultura visual contempor\u00e1nea, el Museo de Arte Contempor\u00e1neo perfeccionar\u00e1 y ampliar\u00e1 los horizontes culturales, art\u00edsticos y acad\u00e9micos de la Universidad de Navarra.[\/vc_column_text][\/vc_column][\/vc_row]<\/p>\n","protected":false},"excerpt":{"rendered":"<p>[vc_row][vc_column width=&#8221;1\/2&#8243;][vc_column_text] Museo Universidad de Navarra [\/vc_column_text][vc_column_text][\/vc_column_text][\/vc_column][vc_column width=&#8221;1\/2&#8243;][\/vc_column][\/vc_row][vc_row][vc_column width=&#8221;1\/2&#8243;][vc_column_text][\/vc_column_text][\/vc_column][vc_column width=&#8221;1\/2&#8243;][vc_column_text]Campus Universitario 31009. PAMPLONA Tel\u00e9fono: 948 42 57 00. GPS: 42\u00b0-48&#8242;-4&#8243; N Y 1\u00b0-39&#8242;-38&#8243; W Web:\u00a0https:\/\/museo.unav.edu\/[\/vc_column_text][\/vc_column][\/vc_row][vc_row][vc_column width=&#8221;1\/1&#8243;][vc_column_text] DESCRIPCI\u00d3N El Museo Universidad de Navarra es un centro internacional de inter\u00e9s p\u00fablico, para la creaci\u00f3n y reflexi\u00f3n art\u00edstica, con car\u00e1cter interdisciplinar, investigador, docente y social. INVESTIGACI\u00d3N El Museo estar\u00e1 caracterizado por un acercamiento multidisciplinar al arte. Al nacer en el coraz\u00f3n de un centro acad\u00e9mico, estar\u00e1 rodeado de multitud de \u00e1reas de conocimiento, dando lugar a la investigaci\u00f3n basada en sinergias. El Museo Universidad de Navarra buscar\u00e1 puntos de encuentro entre las diferentes Facultades, Departamentos y Escuelas, y representar\u00e1 un nuevo centro de referencia para la Universidad. DOCENCIA El Museo nace con vocaci\u00f3n docente, como canal de formaci\u00f3n de la comunidad universitaria y para dar un nuevo servicio a la comunidad de Navarra. La presencia del Museo en el campus mejorar\u00e1 la calidad educativa en las aulas y ayudar\u00e1 a expandir el arte en todas las facultades y en la vida universitaria de los alumnos. DIFUSI\u00d3N A trav\u00e9s de exposiciones temporales, exposiciones de dibujo en la colecci\u00f3n del museo permanente, programas p\u00fablicos y otros eventos art\u00edsticos y actuaciones, el Museo participar\u00e1 en un [&hellip;]<\/p>\n","protected":false},"author":1,"featured_media":0,"parent":0,"menu_order":0,"comment_status":"closed","ping_status":"closed","template":"","meta":{"footnotes":""},"class_list":["post-8259","page","type-page","status-publish","hentry"],"yoast_head":"<!-- This site is optimized with the Yoast SEO plugin v23.5 - https:\/\/yoast.com\/wordpress\/plugins\/seo\/ -->\n<title>Museo Universidad de Navarra - VisitNavarra<\/title>\n<meta name=\"robots\" content=\"index, follow, max-snippet:-1, max-image-preview:large, max-video-preview:-1\" \/>\n<link rel=\"canonical\" href=\"https:\/\/visitnavarra.info\/visitnavarra\/museo-universidad-de-navarra\/\" \/>\n<meta property=\"og:locale\" content=\"es_ES\" \/>\n<meta property=\"og:type\" content=\"article\" \/>\n<meta property=\"og:title\" content=\"Museo Universidad de Navarra - VisitNavarra\" \/>\n<meta property=\"og:description\" content=\"[vc_row][vc_column width=&#8221;1\/2&#8243;][vc_column_text] Museo Universidad de Navarra [\/vc_column_text][vc_column_text][\/vc_column_text][\/vc_column][vc_column width=&#8221;1\/2&#8243;][\/vc_column][\/vc_row][vc_row][vc_column width=&#8221;1\/2&#8243;][vc_column_text][\/vc_column_text][\/vc_column][vc_column width=&#8221;1\/2&#8243;][vc_column_text]Campus Universitario 31009. PAMPLONA Tel\u00e9fono: 948 42 57 00. GPS: 42\u00b0-48&#8242;-4&#8243; N Y 1\u00b0-39&#8242;-38&#8243; W Web:\u00a0https:\/\/museo.unav.edu\/[\/vc_column_text][\/vc_column][\/vc_row][vc_row][vc_column width=&#8221;1\/1&#8243;][vc_column_text] DESCRIPCI\u00d3N El Museo Universidad de Navarra es un centro internacional de inter\u00e9s p\u00fablico, para la creaci\u00f3n y reflexi\u00f3n art\u00edstica, con car\u00e1cter interdisciplinar, investigador, docente y social. INVESTIGACI\u00d3N El Museo estar\u00e1 caracterizado por un acercamiento multidisciplinar al arte. Al nacer en el coraz\u00f3n de un centro acad\u00e9mico, estar\u00e1 rodeado de multitud de \u00e1reas de conocimiento, dando lugar a la investigaci\u00f3n basada en sinergias. El Museo Universidad de Navarra buscar\u00e1 puntos de encuentro entre las diferentes Facultades, Departamentos y Escuelas, y representar\u00e1 un nuevo centro de referencia para la Universidad. DOCENCIA El Museo nace con vocaci\u00f3n docente, como canal de formaci\u00f3n de la comunidad universitaria y para dar un nuevo servicio a la comunidad de Navarra. La presencia del Museo en el campus mejorar\u00e1 la calidad educativa en las aulas y ayudar\u00e1 a expandir el arte en todas las facultades y en la vida universitaria de los alumnos. DIFUSI\u00d3N A trav\u00e9s de exposiciones temporales, exposiciones de dibujo en la colecci\u00f3n del museo permanente, programas p\u00fablicos y otros eventos art\u00edsticos y actuaciones, el Museo participar\u00e1 en un [&hellip;]\" \/>\n<meta property=\"og:url\" content=\"https:\/\/visitnavarra.info\/visitnavarra\/museo-universidad-de-navarra\/\" \/>\n<meta property=\"og:site_name\" content=\"VisitNavarra\" \/>\n<meta property=\"article:modified_time\" content=\"2024-05-20T13:46:04+00:00\" \/>\n<meta name=\"twitter:card\" content=\"summary_large_image\" \/>\n<meta name=\"twitter:label1\" content=\"Tiempo de lectura\" \/>\n\t<meta name=\"twitter:data1\" content=\"2 minutos\" \/>\n<script type=\"application\/ld+json\" class=\"yoast-schema-graph\">{\"@context\":\"https:\/\/schema.org\",\"@graph\":[{\"@type\":\"WebPage\",\"@id\":\"https:\/\/visitnavarra.info\/visitnavarra\/museo-universidad-de-navarra\/\",\"url\":\"https:\/\/visitnavarra.info\/visitnavarra\/museo-universidad-de-navarra\/\",\"name\":\"Museo Universidad de Navarra - VisitNavarra\",\"isPartOf\":{\"@id\":\"https:\/\/visitnavarra.info\/visitnavarra\/#website\"},\"datePublished\":\"2020-12-16T12:36:19+00:00\",\"dateModified\":\"2024-05-20T13:46:04+00:00\",\"breadcrumb\":{\"@id\":\"https:\/\/visitnavarra.info\/visitnavarra\/museo-universidad-de-navarra\/#breadcrumb\"},\"inLanguage\":\"es\",\"potentialAction\":[{\"@type\":\"ReadAction\",\"target\":[\"https:\/\/visitnavarra.info\/visitnavarra\/museo-universidad-de-navarra\/\"]}]},{\"@type\":\"BreadcrumbList\",\"@id\":\"https:\/\/visitnavarra.info\/visitnavarra\/museo-universidad-de-navarra\/#breadcrumb\",\"itemListElement\":[{\"@type\":\"ListItem\",\"position\":1,\"name\":\"Portada\",\"item\":\"https:\/\/visitnavarra.info\/visitnavarra\/\"},{\"@type\":\"ListItem\",\"position\":2,\"name\":\"Museo Universidad de Navarra\"}]},{\"@type\":\"WebSite\",\"@id\":\"https:\/\/visitnavarra.info\/visitnavarra\/#website\",\"url\":\"https:\/\/visitnavarra.info\/visitnavarra\/\",\"name\":\"VisitNavarra\",\"description\":\"Alojamiento y experiencias tur\u00edsticas en Navarra; qu\u00e9 visitar en Navarra; comer en Navarra\",\"potentialAction\":[{\"@type\":\"SearchAction\",\"target\":{\"@type\":\"EntryPoint\",\"urlTemplate\":\"https:\/\/visitnavarra.info\/visitnavarra\/?s={search_term_string}\"},\"query-input\":{\"@type\":\"PropertyValueSpecification\",\"valueRequired\":true,\"valueName\":\"search_term_string\"}}],\"inLanguage\":\"es\"}]}<\/script>\n<!-- \/ Yoast SEO plugin. -->","yoast_head_json":{"title":"Museo Universidad de Navarra - VisitNavarra","robots":{"index":"index","follow":"follow","max-snippet":"max-snippet:-1","max-image-preview":"max-image-preview:large","max-video-preview":"max-video-preview:-1"},"canonical":"https:\/\/visitnavarra.info\/visitnavarra\/museo-universidad-de-navarra\/","og_locale":"es_ES","og_type":"article","og_title":"Museo Universidad de Navarra - VisitNavarra","og_description":"[vc_row][vc_column width=&#8221;1\/2&#8243;][vc_column_text] Museo Universidad de Navarra [\/vc_column_text][vc_column_text][\/vc_column_text][\/vc_column][vc_column width=&#8221;1\/2&#8243;][\/vc_column][\/vc_row][vc_row][vc_column width=&#8221;1\/2&#8243;][vc_column_text][\/vc_column_text][\/vc_column][vc_column width=&#8221;1\/2&#8243;][vc_column_text]Campus Universitario 31009. PAMPLONA Tel\u00e9fono: 948 42 57 00. GPS: 42\u00b0-48&#8242;-4&#8243; N Y 1\u00b0-39&#8242;-38&#8243; W Web:\u00a0https:\/\/museo.unav.edu\/[\/vc_column_text][\/vc_column][\/vc_row][vc_row][vc_column width=&#8221;1\/1&#8243;][vc_column_text] DESCRIPCI\u00d3N El Museo Universidad de Navarra es un centro internacional de inter\u00e9s p\u00fablico, para la creaci\u00f3n y reflexi\u00f3n art\u00edstica, con car\u00e1cter interdisciplinar, investigador, docente y social. INVESTIGACI\u00d3N El Museo estar\u00e1 caracterizado por un acercamiento multidisciplinar al arte. Al nacer en el coraz\u00f3n de un centro acad\u00e9mico, estar\u00e1 rodeado de multitud de \u00e1reas de conocimiento, dando lugar a la investigaci\u00f3n basada en sinergias. El Museo Universidad de Navarra buscar\u00e1 puntos de encuentro entre las diferentes Facultades, Departamentos y Escuelas, y representar\u00e1 un nuevo centro de referencia para la Universidad. DOCENCIA El Museo nace con vocaci\u00f3n docente, como canal de formaci\u00f3n de la comunidad universitaria y para dar un nuevo servicio a la comunidad de Navarra. La presencia del Museo en el campus mejorar\u00e1 la calidad educativa en las aulas y ayudar\u00e1 a expandir el arte en todas las facultades y en la vida universitaria de los alumnos. DIFUSI\u00d3N A trav\u00e9s de exposiciones temporales, exposiciones de dibujo en la colecci\u00f3n del museo permanente, programas p\u00fablicos y otros eventos art\u00edsticos y actuaciones, el Museo participar\u00e1 en un [&hellip;]","og_url":"https:\/\/visitnavarra.info\/visitnavarra\/museo-universidad-de-navarra\/","og_site_name":"VisitNavarra","article_modified_time":"2024-05-20T13:46:04+00:00","twitter_card":"summary_large_image","twitter_misc":{"Tiempo de lectura":"2 minutos"},"schema":{"@context":"https:\/\/schema.org","@graph":[{"@type":"WebPage","@id":"https:\/\/visitnavarra.info\/visitnavarra\/museo-universidad-de-navarra\/","url":"https:\/\/visitnavarra.info\/visitnavarra\/museo-universidad-de-navarra\/","name":"Museo Universidad de Navarra - VisitNavarra","isPartOf":{"@id":"https:\/\/visitnavarra.info\/visitnavarra\/#website"},"datePublished":"2020-12-16T12:36:19+00:00","dateModified":"2024-05-20T13:46:04+00:00","breadcrumb":{"@id":"https:\/\/visitnavarra.info\/visitnavarra\/museo-universidad-de-navarra\/#breadcrumb"},"inLanguage":"es","potentialAction":[{"@type":"ReadAction","target":["https:\/\/visitnavarra.info\/visitnavarra\/museo-universidad-de-navarra\/"]}]},{"@type":"BreadcrumbList","@id":"https:\/\/visitnavarra.info\/visitnavarra\/museo-universidad-de-navarra\/#breadcrumb","itemListElement":[{"@type":"ListItem","position":1,"name":"Portada","item":"https:\/\/visitnavarra.info\/visitnavarra\/"},{"@type":"ListItem","position":2,"name":"Museo Universidad de Navarra"}]},{"@type":"WebSite","@id":"https:\/\/visitnavarra.info\/visitnavarra\/#website","url":"https:\/\/visitnavarra.info\/visitnavarra\/","name":"VisitNavarra","description":"Alojamiento y experiencias tur\u00edsticas en Navarra; qu\u00e9 visitar en Navarra; comer en Navarra","potentialAction":[{"@type":"SearchAction","target":{"@type":"EntryPoint","urlTemplate":"https:\/\/visitnavarra.info\/visitnavarra\/?s={search_term_string}"},"query-input":{"@type":"PropertyValueSpecification","valueRequired":true,"valueName":"search_term_string"}}],"inLanguage":"es"}]}},"_links":{"self":[{"href":"https:\/\/visitnavarra.info\/visitnavarra\/wp-json\/wp\/v2\/pages\/8259","targetHints":{"allow":["GET"]}}],"collection":[{"href":"https:\/\/visitnavarra.info\/visitnavarra\/wp-json\/wp\/v2\/pages"}],"about":[{"href":"https:\/\/visitnavarra.info\/visitnavarra\/wp-json\/wp\/v2\/types\/page"}],"author":[{"embeddable":true,"href":"https:\/\/visitnavarra.info\/visitnavarra\/wp-json\/wp\/v2\/users\/1"}],"replies":[{"embeddable":true,"href":"https:\/\/visitnavarra.info\/visitnavarra\/wp-json\/wp\/v2\/comments?post=8259"}],"version-history":[{"count":3,"href":"https:\/\/visitnavarra.info\/visitnavarra\/wp-json\/wp\/v2\/pages\/8259\/revisions"}],"predecessor-version":[{"id":13551,"href":"https:\/\/visitnavarra.info\/visitnavarra\/wp-json\/wp\/v2\/pages\/8259\/revisions\/13551"}],"wp:attachment":[{"href":"https:\/\/visitnavarra.info\/visitnavarra\/wp-json\/wp\/v2\/media?parent=8259"}],"curies":[{"name":"wp","href":"https:\/\/api.w.org\/{rel}","templated":true}]}}