{"id":8425,"date":"2020-12-24T12:41:30","date_gmt":"2020-12-24T12:41:30","guid":{"rendered":"https:\/\/visitnavarra.info\/visitnavarra\/?page_id=8425"},"modified":"2021-04-12T14:19:51","modified_gmt":"2021-04-12T14:19:51","slug":"rutas-de-senderismo-la-cuenca-de-pamplona","status":"publish","type":"page","link":"https:\/\/visitnavarra.info\/visitnavarra\/rutas-de-senderismo-la-cuenca-de-pamplona\/","title":{"rendered":"Rutas de Senderismo la Cuenca de Pamplona"},"content":{"rendered":"<p>[vc_row][vc_column width=&#8221;1\/1&#8243;][vc_column_text]<\/p>\n<h1 style=\"text-align: center;\"><strong>Rutas de Senderismo la Cuenca de Pamplona<\/strong><\/h1>\n<p>[\/vc_column_text]<h1 class=\"headline font-inherit fontsize-inherit fontweight-inherit lh-inherit align-center transform-inherit \" style=\"margin: 0 0 20px 0;\"><\/h1>[\/vc_column][\/vc_row][vc_row][vc_column width=&#8221;1\/1&#8243;]<div class=\"single_image wpb_content_element align-center    \" data-animation=\"none\" data-delay=\"0\"><img loading=\"lazy\" decoding=\"async\" width=\"1000\" height=\"667\" src=\"https:\/\/visitnavarra.info\/visitnavarra\/wp-content\/uploads\/2020\/12\/parque-fluvial-arga-pamplonaes.jpg\" class=\"attachment-full\" alt=\"\" srcset=\"https:\/\/visitnavarra.info\/visitnavarra\/wp-content\/uploads\/2020\/12\/parque-fluvial-arga-pamplonaes.jpg 1000w, https:\/\/visitnavarra.info\/visitnavarra\/wp-content\/uploads\/2020\/12\/parque-fluvial-arga-pamplonaes-300x200.jpg 300w, https:\/\/visitnavarra.info\/visitnavarra\/wp-content\/uploads\/2020\/12\/parque-fluvial-arga-pamplonaes-768x512.jpg 768w, https:\/\/visitnavarra.info\/visitnavarra\/wp-content\/uploads\/2020\/12\/parque-fluvial-arga-pamplonaes-600x400.jpg 600w\" sizes=\"auto, (max-width: 1000px) 100vw, 1000px\" \/><span class=\"single_image_caption\">Fotograf\u00eda cedida por Ayuntamiento de Pamplona<\/span><\/div><h1 class=\"headline font-inherit fontsize-inherit fontweight-inherit lh-inherit align-center transform-inherit \" style=\"margin: 0 0 20px 0;\"><\/h1>[\/vc_column][\/vc_row][vc_row][vc_column width=&#8221;1\/1&#8243;][vc_column_text el_id=&#8221;ruta28&#8243;]<\/p>\n<h2>Ruta 28 Sendero fluvial del Arga<\/h2>\n<p>[\/vc_column_text][\/vc_column][\/vc_row][vc_row][vc_column width=&#8221;1\/1&#8243;][vc_column_text]<\/p>\n<ul>\n<li>Salida Burlada<\/li>\n<li>Distancia 7,45 km<\/li>\n<li>Desnivel 50 m<\/li>\n<\/ul>\n<p><em>SENDERO POR LAS ORILLAS DEL R\u00cdO ARGA A SU PASO POR PAMPLONA. EN ESTE PASEO PEATONAL, RESULTADO DE LA RECUPERACI\u00d3N DE IMPORTANTES TRAMOS DE RIBERA, CONVIVEN VARIADAS ESPECIES ARB\u00d3REAS, AVES RIBERE\u00d1AS Y UNA PUJANTE ACTIVIDAD AGR\u00cdCOLA. S<\/em>ENDERO NO BALIZADO, PERO DE F\u00c1CIL TRAZADO.<\/p>\n<p>El inicio se sit\u00faa en el puente de Beloso, a la entrada de Burlada. Por la orilla derecha del r\u00edo y siguiendo el camino peatonal se alcanza el meandro de la Magdalena, con f\u00e9rtiles huertas y granjas de ganado. Llegamos as\u00ed a los pies de la Vieja Iru\u00f1a y la silueta de sus murallas y la torre de la catedral. El itinerario ofrece dos variantes: la margen derecha o la margen izquierda, cruzando el r\u00edo por unas pasarelas. Ambas variantes se juntan en la margen izquierda del puente medieval de la Magdalena, por donde el Camino de Santiago (GR-65, balizas rojiblancas y amarillas) asciende al Casco antiguo de la ciudad. El sendero fluvial, sin embargo, se dirige por un nuevo meandro, el de Aranzadi, pasando junto al Parque de las Ca\u00f1adas. Tras un tramo de huertas y cruzar el puente de San Pedro nos acercamos nuevamente a los pies de la ciudad amurallada. El paseo contin\u00faa por la margen derecha del Arga, junto al embarcadero de Oblatas, alej\u00e1ndose del casco antiguo de Pamplona. Tras cruzar el puente medieval de Santa Engracia y el m\u00e1s moderno de Cuatro Vientos, se interna en una zona ajardinada con una presa y molino a orillas del r\u00edo, para alcanzar el puente de San Jorge, final del recorrido.<\/p>\n<h3>de Inter\u00e9s<\/h3>\n<h3>El Casco antiguo de Pamplona<\/h3>\n<p>Desde el puente de la Magdalena podemos subir a la parte antigua de la ciudad siguiendo las flechas amarillas del Camino de Santiago. El casco hist\u00f3rico es un barrio lleno de vida en sus estrechas calles peatonalizadas. Los monumentos salpican cada calle del Casco antiguo, destacando la Catedral, el Ayuntamiento, la iglesia de San Saturnino o las murallas.<\/p>\n<h3>C\u00f3mo llegar<\/h3>\n<p>Pamplona, por la Cuesta y Puente de Beloso (direcci\u00f3n Ir\u00fan por la N-121 A) hasta la rotonda situada en la entrada de Burlada.[\/vc_column_text]<h1 class=\"headline font-inherit fontsize-inherit fontweight-inherit lh-inherit align-center transform-inherit \" style=\"margin: 0 0 20px 0;\"><\/h1>[\/vc_column][\/vc_row][vc_row][vc_column width=&#8221;1\/1&#8243;][vc_column_text el_id=&#8221;ruta29&#8243;]<\/p>\n<h2>Ruta 29 Vuelta a Valle de Ollo<\/h2>\n<p>[\/vc_column_text][\/vc_column][\/vc_row][vc_row][vc_column width=&#8221;1\/1&#8243;][vc_column_text]<\/p>\n<ul>\n<li>Salida Ollo<\/li>\n<li>Distancia 19,92 km<\/li>\n<li>Desnivel 480 m<\/li>\n<\/ul>\n<p><em>SENDERO CIRCULAR QUE ENLAZA LAS LOCALIDADES DEL VALLE DE OLLO, ALTERNANDO TRAMOS DE SENDAS POR BOSQUES Y CAMINOS AGR\u00cdCOLAS. A DESTACAR EL MANANTIAL DE ARTETA Y EL MUSEO DE INTERPRETACI\u00d3N DEL AGUA, ADEM\u00c1S DEL MUSEO ETNOGR\u00c1FICO, LAS SALERAS DE ARTETA (ABANDONADAS) Y LAS RECIAS CASONAS BLASONADAS EN TODOS LOS PUEBLOS DEL VALLE.<\/em><\/p>\n<p>El sendero se inicia en Ollo, junto a la plaza del albergue. Una senda nos conduce a Senosiain y, por camino agr\u00edcola, se alcanza Arteta (Museo Etnogr\u00e1fico). El camino, amplio al principio y m\u00e1s estrecho despu\u00e9s, pasa junto a unas abandonadas salinas y cruza el r\u00edo Udarbe para ascender al Centro de Acogida e Interpretaci\u00f3n del Manantial de Arteta. La tuber\u00eda soterrada que proviene del manantial dirige nuestros pasos hasta Ultzurrun y la carretera del pueblo de Saldise (desde aqu\u00ed se puede acortar el sendero por Iltzarbe), desde donde cruzamos un hermoso robledal y descendemos a Eg\u00edllor y Beasoain. Por las orillas del r\u00edo Arakil y su afluente el Udarbe, llegamos cerca de Anotz. Un empinado ascenso por un denso robledal nos permite disfrutar de una bella panor\u00e1mica del valle antes de descender hacia Iltzarbe (enlace con el sendero corto), por donde una pista y una senda por bosque conducen a la localidad de Ollo, punto de inicio y final del recorrido que nos ocupa.<\/p>\n<h3>de Inter\u00e9s<\/h3>\n<h3>Nacedero de Arteta<\/h3>\n<p>Urbasa y And\u00eda albergan en su interior grandes cantidades de agua debido a las abundantes precipitaciones. El agua se filtra en su interior gracias a la porosidad del suelo calizo. El manantial de Arteta es uno de los m\u00e1s importantes, con un caudal medio de tres mil litros por segundo, aunque con grandes variaciones estacionales.<\/p>\n<h3>C\u00f3mo llegar<\/h3>\n<p>Ronda Oeste de Pamplona, desv\u00edo por la NA-700 a Arazuri y Ororbia. NA-7010 hasta el cruce con la NA-7020 a los valles de Ollo y Go\u00f1i.[\/vc_column_text]<h1 class=\"headline font-inherit fontsize-inherit fontweight-inherit lh-inherit align-center transform-inherit \" style=\"margin: 0 0 20px 0;\"><\/h1>[\/vc_column][\/vc_row]<\/p>\n","protected":false},"excerpt":{"rendered":"<p>[vc_row][vc_column width=&#8221;1\/1&#8243;][vc_column_text] Rutas de Senderismo la Cuenca de Pamplona [\/vc_column_text][\/vc_column][\/vc_row][vc_row][vc_column width=&#8221;1\/1&#8243;][\/vc_column][\/vc_row][vc_row][vc_column width=&#8221;1\/1&#8243;][vc_column_text el_id=&#8221;ruta28&#8243;] Ruta 28 Sendero fluvial del Arga [\/vc_column_text][\/vc_column][\/vc_row][vc_row][vc_column width=&#8221;1\/1&#8243;][vc_column_text] Salida Burlada Distancia 7,45 km Desnivel 50 m SENDERO POR LAS ORILLAS DEL R\u00cdO ARGA A SU PASO POR PAMPLONA. EN ESTE PASEO PEATONAL, RESULTADO DE LA RECUPERACI\u00d3N DE IMPORTANTES TRAMOS DE RIBERA, CONVIVEN VARIADAS ESPECIES ARB\u00d3REAS, AVES RIBERE\u00d1AS Y UNA PUJANTE ACTIVIDAD AGR\u00cdCOLA. SENDERO NO BALIZADO, PERO DE F\u00c1CIL TRAZADO. El inicio se sit\u00faa en el puente de Beloso, a la entrada de Burlada. Por la orilla derecha del r\u00edo y siguiendo el camino peatonal se alcanza el meandro de la Magdalena, con f\u00e9rtiles huertas y granjas de ganado. Llegamos as\u00ed a los pies de la Vieja Iru\u00f1a y la silueta de sus murallas y la torre de la catedral. El itinerario ofrece dos variantes: la margen derecha o la margen izquierda, cruzando el r\u00edo por unas pasarelas. Ambas variantes se juntan en la margen izquierda del puente medieval de la Magdalena, por donde el Camino de Santiago (GR-65, balizas rojiblancas y amarillas) asciende al Casco antiguo de la ciudad. El sendero fluvial, sin embargo, se dirige por un nuevo meandro, el de Aranzadi, pasando junto al Parque [&hellip;]<\/p>\n","protected":false},"author":1,"featured_media":0,"parent":0,"menu_order":0,"comment_status":"closed","ping_status":"closed","template":"","meta":{"footnotes":""},"class_list":["post-8425","page","type-page","status-publish","hentry"],"yoast_head":"<!-- This site is optimized with the Yoast SEO plugin v23.5 - https:\/\/yoast.com\/wordpress\/plugins\/seo\/ -->\n<title>Senderismo Rutas de Senderismo la Cuenca de Pamplona - VisitNavarra<\/title>\n<meta name=\"description\" content=\"Rutas de senderismo por la cuenca de navarra, ruta por el parque fluvial del arga, vuelta al Valle de Ollo,\" \/>\n<meta name=\"robots\" content=\"index, follow, max-snippet:-1, max-image-preview:large, max-video-preview:-1\" \/>\n<link rel=\"canonical\" href=\"https:\/\/visitnavarra.info\/visitnavarra\/rutas-de-senderismo-la-cuenca-de-pamplona\/\" \/>\n<meta property=\"og:locale\" content=\"es_ES\" \/>\n<meta property=\"og:type\" content=\"article\" \/>\n<meta property=\"og:title\" content=\"Senderismo Rutas de Senderismo la Cuenca de Pamplona - VisitNavarra\" \/>\n<meta property=\"og:description\" content=\"Rutas de senderismo por la cuenca de navarra, ruta por el parque fluvial del arga, vuelta al Valle de Ollo,\" \/>\n<meta property=\"og:url\" content=\"https:\/\/visitnavarra.info\/visitnavarra\/rutas-de-senderismo-la-cuenca-de-pamplona\/\" \/>\n<meta property=\"og:site_name\" content=\"VisitNavarra\" \/>\n<meta property=\"article:modified_time\" content=\"2021-04-12T14:19:51+00:00\" \/>\n<meta name=\"twitter:card\" content=\"summary_large_image\" \/>\n<meta name=\"twitter:label1\" content=\"Tiempo de lectura\" \/>\n\t<meta name=\"twitter:data1\" content=\"4 minutos\" \/>\n<script type=\"application\/ld+json\" class=\"yoast-schema-graph\">{\"@context\":\"https:\/\/schema.org\",\"@graph\":[{\"@type\":\"WebPage\",\"@id\":\"https:\/\/visitnavarra.info\/visitnavarra\/rutas-de-senderismo-la-cuenca-de-pamplona\/\",\"url\":\"https:\/\/visitnavarra.info\/visitnavarra\/rutas-de-senderismo-la-cuenca-de-pamplona\/\",\"name\":\"Senderismo Rutas de Senderismo la Cuenca de Pamplona - VisitNavarra\",\"isPartOf\":{\"@id\":\"https:\/\/visitnavarra.info\/visitnavarra\/#website\"},\"datePublished\":\"2020-12-24T12:41:30+00:00\",\"dateModified\":\"2021-04-12T14:19:51+00:00\",\"description\":\"Rutas de senderismo por la cuenca de navarra, ruta por el parque fluvial del arga, vuelta al Valle de Ollo,\",\"breadcrumb\":{\"@id\":\"https:\/\/visitnavarra.info\/visitnavarra\/rutas-de-senderismo-la-cuenca-de-pamplona\/#breadcrumb\"},\"inLanguage\":\"es\",\"potentialAction\":[{\"@type\":\"ReadAction\",\"target\":[\"https:\/\/visitnavarra.info\/visitnavarra\/rutas-de-senderismo-la-cuenca-de-pamplona\/\"]}]},{\"@type\":\"BreadcrumbList\",\"@id\":\"https:\/\/visitnavarra.info\/visitnavarra\/rutas-de-senderismo-la-cuenca-de-pamplona\/#breadcrumb\",\"itemListElement\":[{\"@type\":\"ListItem\",\"position\":1,\"name\":\"Portada\",\"item\":\"https:\/\/visitnavarra.info\/visitnavarra\/\"},{\"@type\":\"ListItem\",\"position\":2,\"name\":\"Rutas de Senderismo la Cuenca de Pamplona\"}]},{\"@type\":\"WebSite\",\"@id\":\"https:\/\/visitnavarra.info\/visitnavarra\/#website\",\"url\":\"https:\/\/visitnavarra.info\/visitnavarra\/\",\"name\":\"VisitNavarra\",\"description\":\"Alojamiento y experiencias tur\u00edsticas en Navarra; qu\u00e9 visitar en Navarra; comer en Navarra\",\"potentialAction\":[{\"@type\":\"SearchAction\",\"target\":{\"@type\":\"EntryPoint\",\"urlTemplate\":\"https:\/\/visitnavarra.info\/visitnavarra\/?s={search_term_string}\"},\"query-input\":{\"@type\":\"PropertyValueSpecification\",\"valueRequired\":true,\"valueName\":\"search_term_string\"}}],\"inLanguage\":\"es\"}]}<\/script>\n<!-- \/ Yoast SEO plugin. -->","yoast_head_json":{"title":"Senderismo Rutas de Senderismo la Cuenca de Pamplona - VisitNavarra","description":"Rutas de senderismo por la cuenca de navarra, ruta por el parque fluvial del arga, vuelta al Valle de Ollo,","robots":{"index":"index","follow":"follow","max-snippet":"max-snippet:-1","max-image-preview":"max-image-preview:large","max-video-preview":"max-video-preview:-1"},"canonical":"https:\/\/visitnavarra.info\/visitnavarra\/rutas-de-senderismo-la-cuenca-de-pamplona\/","og_locale":"es_ES","og_type":"article","og_title":"Senderismo Rutas de Senderismo la Cuenca de Pamplona - VisitNavarra","og_description":"Rutas de senderismo por la cuenca de navarra, ruta por el parque fluvial del arga, vuelta al Valle de Ollo,","og_url":"https:\/\/visitnavarra.info\/visitnavarra\/rutas-de-senderismo-la-cuenca-de-pamplona\/","og_site_name":"VisitNavarra","article_modified_time":"2021-04-12T14:19:51+00:00","twitter_card":"summary_large_image","twitter_misc":{"Tiempo de lectura":"4 minutos"},"schema":{"@context":"https:\/\/schema.org","@graph":[{"@type":"WebPage","@id":"https:\/\/visitnavarra.info\/visitnavarra\/rutas-de-senderismo-la-cuenca-de-pamplona\/","url":"https:\/\/visitnavarra.info\/visitnavarra\/rutas-de-senderismo-la-cuenca-de-pamplona\/","name":"Senderismo Rutas de Senderismo la Cuenca de Pamplona - VisitNavarra","isPartOf":{"@id":"https:\/\/visitnavarra.info\/visitnavarra\/#website"},"datePublished":"2020-12-24T12:41:30+00:00","dateModified":"2021-04-12T14:19:51+00:00","description":"Rutas de senderismo por la cuenca de navarra, ruta por el parque fluvial del arga, vuelta al Valle de Ollo,","breadcrumb":{"@id":"https:\/\/visitnavarra.info\/visitnavarra\/rutas-de-senderismo-la-cuenca-de-pamplona\/#breadcrumb"},"inLanguage":"es","potentialAction":[{"@type":"ReadAction","target":["https:\/\/visitnavarra.info\/visitnavarra\/rutas-de-senderismo-la-cuenca-de-pamplona\/"]}]},{"@type":"BreadcrumbList","@id":"https:\/\/visitnavarra.info\/visitnavarra\/rutas-de-senderismo-la-cuenca-de-pamplona\/#breadcrumb","itemListElement":[{"@type":"ListItem","position":1,"name":"Portada","item":"https:\/\/visitnavarra.info\/visitnavarra\/"},{"@type":"ListItem","position":2,"name":"Rutas de Senderismo la Cuenca de Pamplona"}]},{"@type":"WebSite","@id":"https:\/\/visitnavarra.info\/visitnavarra\/#website","url":"https:\/\/visitnavarra.info\/visitnavarra\/","name":"VisitNavarra","description":"Alojamiento y experiencias tur\u00edsticas en Navarra; qu\u00e9 visitar en Navarra; comer en Navarra","potentialAction":[{"@type":"SearchAction","target":{"@type":"EntryPoint","urlTemplate":"https:\/\/visitnavarra.info\/visitnavarra\/?s={search_term_string}"},"query-input":{"@type":"PropertyValueSpecification","valueRequired":true,"valueName":"search_term_string"}}],"inLanguage":"es"}]}},"_links":{"self":[{"href":"https:\/\/visitnavarra.info\/visitnavarra\/wp-json\/wp\/v2\/pages\/8425","targetHints":{"allow":["GET"]}}],"collection":[{"href":"https:\/\/visitnavarra.info\/visitnavarra\/wp-json\/wp\/v2\/pages"}],"about":[{"href":"https:\/\/visitnavarra.info\/visitnavarra\/wp-json\/wp\/v2\/types\/page"}],"author":[{"embeddable":true,"href":"https:\/\/visitnavarra.info\/visitnavarra\/wp-json\/wp\/v2\/users\/1"}],"replies":[{"embeddable":true,"href":"https:\/\/visitnavarra.info\/visitnavarra\/wp-json\/wp\/v2\/comments?post=8425"}],"version-history":[{"count":9,"href":"https:\/\/visitnavarra.info\/visitnavarra\/wp-json\/wp\/v2\/pages\/8425\/revisions"}],"predecessor-version":[{"id":10130,"href":"https:\/\/visitnavarra.info\/visitnavarra\/wp-json\/wp\/v2\/pages\/8425\/revisions\/10130"}],"wp:attachment":[{"href":"https:\/\/visitnavarra.info\/visitnavarra\/wp-json\/wp\/v2\/media?parent=8425"}],"curies":[{"name":"wp","href":"https:\/\/api.w.org\/{rel}","templated":true}]}}