{"id":8443,"date":"2020-12-24T13:44:40","date_gmt":"2020-12-24T13:44:40","guid":{"rendered":"https:\/\/visitnavarra.info\/visitnavarra\/?page_id=8443"},"modified":"2020-12-24T13:44:40","modified_gmt":"2020-12-24T13:44:40","slug":"rutas-de-senderismo-la-ribera","status":"publish","type":"page","link":"https:\/\/visitnavarra.info\/visitnavarra\/rutas-de-senderismo-la-ribera\/","title":{"rendered":"Rutas de Senderismo | La Ribera"},"content":{"rendered":"<p>[vc_row][vc_column width=&#8221;1\/1&#8243;][vc_column_text]<\/p>\n<h1 style=\"text-align: center;\">Rutas de Senderismo | La Ribera<\/h1>\n<p>[\/vc_column_text]<h1 class=\"headline font-inherit fontsize-inherit fontweight-inherit lh-inherit align-center transform-inherit \" style=\"margin: 0 0 20px 0;\"><\/h1>[\/vc_column][\/vc_row][vc_row][vc_column width=&#8221;1\/1&#8243;]<div class=\"single_image wpb_content_element align-center    \" data-animation=\"none\" data-delay=\"0\"><img loading=\"lazy\" decoding=\"async\" width=\"1000\" height=\"723\" src=\"https:\/\/visitnavarra.info\/visitnavarra\/wp-content\/uploads\/2020\/12\/circuito-roscas-turismo-fitero.jpg\" class=\"attachment-full\" alt=\"\" srcset=\"https:\/\/visitnavarra.info\/visitnavarra\/wp-content\/uploads\/2020\/12\/circuito-roscas-turismo-fitero.jpg 1000w, https:\/\/visitnavarra.info\/visitnavarra\/wp-content\/uploads\/2020\/12\/circuito-roscas-turismo-fitero-300x217.jpg 300w, https:\/\/visitnavarra.info\/visitnavarra\/wp-content\/uploads\/2020\/12\/circuito-roscas-turismo-fitero-768x555.jpg 768w\" sizes=\"auto, (max-width: 1000px) 100vw, 1000px\" \/><span class=\"single_image_caption\">Fotograf\u00eda cedida por Turismo de Fitero<\/span><\/div><h1 class=\"headline font-inherit fontsize-inherit fontweight-inherit lh-inherit align-center transform-inherit \" style=\"margin: 0 0 20px 0;\"><\/h1>[\/vc_column][\/vc_row][vc_row][vc_column width=&#8221;1\/1&#8243;][vc_column_text el_id=&#8221;ruta46&#8243;]<\/p>\n<h2><strong>Ruta 46 Atalaya de Peralta<\/strong><\/h2>\n<p>[\/vc_column_text][\/vc_column][\/vc_row][vc_row][vc_column width=&#8221;1\/1&#8243;][vc_column_text]<\/p>\n<ul>\n<li>Salida Peralta<\/li>\n<li>Distancia 6,40 km<\/li>\n<li>Desnivel130 m<\/li>\n<\/ul>\n<p><em>SENDERO CIRCULAR POR LOS ALREDEDORES DE PERALTA QUE, TRAS UN BREVE TRAMO A ORILLAS DEL ARGA, REMONTA POR EL BARRANCO DE VALLACUERA PARA ASCENDER FINALMENTE A UN ESTRAT\u00c9GICO CORDAL, ENCLAVE DEL ANTIGUO CASTILLO MEDIEVAL<\/em><\/p>\n<p>El sendero se inicia en Peralta, junto al puente sobre el r\u00edo Arga y un parque-zona verde. Tras casi un kil\u00f3metro por un tramo pr\u00f3ximo al r\u00edo Arga nos desviamos a la izquierda para ascender suavemente por pista el Barranco de Vallacuera, hasta un desv\u00edo a la izquierda para cruzar el barranco y remontar la sierra por un antiguo camino con fuerte desnivel, hasta que se alcanza una zona de pinares. Por trazado m\u00e1s suave el camino llega al emplazamiento del antiguo castillo medieval de la Atalaya, en una zona de afloramientos yes\u00edferos, y al que se accede por un bonito sendero y original arco de entrada. El lugar ofrece unas magn\u00edficas panor\u00e1micas. Unas escaleras y estrecho sendero descienden hasta el visible casco urbano, pasando por las ruinas de la ermita de Santa Luc\u00eda y, en las estrechas calles de la localidad, por la vieja parroquia de San Juan Evangelista.<\/p>\n<h3>de Inter\u00e9s<\/h3>\n<h3>La Atalaya<\/h3>\n<p>Nadie sabe exactamente cu\u00e1l es la antig\u00fcedad de la Atalaya. Probablemente, estuvo habitada en tiempos anteriores a los romanos. Lo que se conoce con certeza es que fue arrebatada a los moros por Sancho Garc\u00e9s en el siglo X. Posteriormente, el rey Garc\u00eda el Restaurador otorg\u00f3 a los peralteses el fuero de repoblaci\u00f3n, pero ellos prefirieron bajar a vivir m\u00e1s cerca del llano.<\/p>\n<h3>C\u00f3mo llegar<\/h3>\n<p>A-15 hacia Zaragoza, salida Marcilla. Seguir la NA-128 hasta Peralta[\/vc_column_text]<h1 class=\"headline font-inherit fontsize-inherit fontweight-inherit lh-inherit align-center transform-inherit \" style=\"margin: 0 0 20px 0;\"><\/h1>[\/vc_column][\/vc_row][vc_row][vc_column width=&#8221;1\/1&#8243;][vc_column_text el_id=&#8221;ruta47&#8243;]<\/p>\n<h2><strong>Ruta 47 Desolado de Rada<\/strong><\/h2>\n<p>[\/vc_column_text][\/vc_column][\/vc_row][vc_row][vc_column width=&#8221;1\/1&#8243;][vc_column_text]<\/p>\n<ul>\n<li>Salida Caparroso<\/li>\n<li>Distancia 5,30 km<\/li>\n<li>Desnivel 120 m<\/li>\n<\/ul>\n<p><em>SENDERO DE TRAZADO CIRCULAR POR EL QUE SE ALCANZAN LOS RESTOS DE LA ATALAYA FORTIFICADA DE RADA, QUE NOS TRASLADAN A UN PASADO DEFENSIVO. DESDE ALL\u00cd SE DOMINA UN PAISAJE DE CONTRASTES ENTRE LA ARIDEZ DE LAS BARDENAS REALES Y LA VEGA<\/em> DEL R\u00cdO ARAG\u00d3N.<\/p>\n<p>El sendero se inicia saliendo de la localidad de Caparroso hacia M\u00e9lida, en un pinar, en el primer tramo atraviesa la Ca\u00f1ada Real de Tauste a Urbasa-And\u00eda y discurre entre pinos para salir a terreno despejado y entre campos de cultivos llega hasta el cerro y ruinas de la fortificaci\u00f3n de Rada. Desde este desolado se dispone de amplias y contrastadas panor\u00e1micas, entre las que destacan los parajes des\u00e9rticos de las Bardenas la f\u00e9rtil vega del Arag\u00f3n y la bella silueta del Monasterio de la Oliva (ver columna de al lado). Para el regreso se desciende un tramo corto por la carretera y pasado el Corral de Villar, se desv\u00eda a la derecha, por pista entre terrenos agr\u00edcolas hasta cruzar una canaleta de conducci\u00f3n de aguas y confluir con la Ca\u00f1ada Real de Tauste a Urbasa-And\u00eda, para abandonarla a los pocos metros intern\u00e1ndose a la izquierda por un pinar que nos conduce al punto de inicio, en la localidad de Caparroso.<\/p>\n<h3>de Inter\u00e9s<\/h3>\n<h3>Belleza cisterciense<\/h3>\n<p>El Monasterio de la Oliva es uno de los mejores ejemplos de arquitectura cisterciense de Espa\u00f1a. El rey Garc\u00eda Ram\u00edrez lo fund\u00f3 en 1143, y vivi\u00f3 su m\u00e1ximo esplendor en los siglos XII y XIII, cuando contaba con un elevado n\u00famero de posesiones. Tras la guerra de la Independencia fue desvalijado, aunque en el siglo XX se reanud\u00f3 la vida on\u00e1stica. Su hermoso claustro g\u00f3tico del siglo XIV y la sala Capitular son dos de sus principales atractivos.<\/p>\n<h3>C\u00f3mo llegar<\/h3>\n<p>Autopista AP-15 hacia Tudela, salida Caparroso. Continuar hasta la localidad (NA-128). Salir por la NA-5500, hacia M\u00e9lida[\/vc_column_text]<h1 class=\"headline font-inherit fontsize-inherit fontweight-inherit lh-inherit align-center transform-inherit \" style=\"margin: 0 0 20px 0;\"><\/h1>[\/vc_column][\/vc_row][vc_row][vc_column width=&#8221;1\/1&#8243;][vc_column_text el_id=&#8221;ruta48&#8243;]<\/p>\n<h2><strong>Ruta 48 Circuito de Roscas<\/strong><\/h2>\n<p>[\/vc_column_text][\/vc_column][\/vc_row][vc_row][vc_column width=&#8221;1\/1&#8243;][vc_column_text]<\/p>\n<ul>\n<li>Salida Fitero<\/li>\n<li>Distancia 8,20 km<\/li>\n<li>Desnivel 120 m<\/li>\n<\/ul>\n<p><em>SENDERO DE TRAZADO TRIANGULAR Y GRAN ATRACTIVO POR LA VEGA DEL R\u00cdO ALHAMA Y AL PIE DEL SORPRENDENTE MACIZO DE ROSCAS, AL QUE SE ASCIENDE EN MEDIO DE UN PAISAJE DOMINADO POR LA VEGETACI\u00d3N MEDITERR\u00c1NEA.<\/em><\/p>\n<p>El puente que cruza el r\u00edo Alhama es el punto de partida del sendero, que sigue la carretera de Valverde hasta llegar a un camino a la derecha que se adentra en campos de regad\u00edo. Tras las huertas pasamos cerca de la cueva de la Mora, y al girar a la izquierda se inicia un ascenso suave por terreno despejado. Dejamos a la izquierda una caba\u00f1a con hermosas vistas a las ruinas del castillo de Tudej\u00e9n y las Roscas. Este macizo debe su original aspecto a la erosi\u00f3n de las areniscas, arcillas y conglomerados. Algunos de sus promontorios albergan el lugar de cr\u00eda de aves rapaces. Seguimos el recorrido sin abandonar la pista principal hasta el collado situado a una altitud de 555 m, y aqu\u00ed se inicia el descenso hasta un cruce de pistas. En este punto giramos a la izquierda y seguimos por pista agr\u00edcola entre campos de cultivo hasta atravesar el puente del Barranco de los Blancares y confluir con la carretera de Valverde (Soria), donde continuamos a la izquierda en direcci\u00f3n a Fitero hasta llegar al punto inicial.<\/p>\n<h3>de Inter\u00e9s<\/h3>\n<h3>El Monasterio de Fitero<\/h3>\n<p>El Monasterio de Fitero puede presumir de ser el primer monasterio cisterciense de la pen\u00ednsula ya que su fundaci\u00f3n data de 1140, aunque bien es cierto que las edificaciones actuales son de la \u00e9poca comprendida entre 1185 hasta 1247. Destacan la iglesia abacial y las dependencias conventuales. Adem\u00e1s, son admirables las pinturas, retablos e im\u00e1genes que guarda en su interior.<\/p>\n<h3>C\u00f3mo llegar<\/h3>\n<p>N-121 y N-113 hasta Cintru\u00e9nigo. Girar por NA-160 hasta Fitero. Gasolinera y NA-6991 hacia Valverde. Tras 2,4 km se coge el camino de la derecha.[\/vc_column_text]<h1 class=\"headline font-inherit fontsize-inherit fontweight-inherit lh-inherit align-center transform-inherit \" style=\"margin: 0 0 20px 0;\"><\/h1>[\/vc_column][\/vc_row][vc_row][vc_column width=&#8221;1\/1&#8243;][vc_column_text el_id=&#8221;ruta49&#8243;]<\/p>\n<h2><strong>Ruta 49 Laguna de Lor<\/strong><\/h2>\n<p>[\/vc_column_text][\/vc_column][\/vc_row][vc_row][vc_column width=&#8221;1\/1&#8243;][vc_column_text]<\/p>\n<ul>\n<li>Salida Barillas<\/li>\n<li>Distancia 5,20 km<\/li>\n<li>Desnivel 30 m<\/li>\n<\/ul>\n<p><em>BARILLAS ES EL PUNTO DE PARTIDA DE ESTE SENDERO CIRCULAR QUE ALCANZA LA LAGUNA DE LOR, LUGAR DONDE SE PUEDE OBSERVAR UNA VARIADA POBLACI\u00d3N DE AVES ACU\u00c1TICAS. TRAS RODEAR LA LAGUNA, EL SENDERO RE GRESA POR CAMINOS AGR\u00cdCOLAS ENTRE CAMP<\/em>OS CULTIVADOS Y OLIVOS CENTENARIOS.<\/p>\n<p>El inicio del sendero discurre por una pista agr\u00edcola de vi\u00f1as y olivos, en \u2018La Plana\u2019. Al cruzar la carretera de Cascante a Ablitas llegamos a la orilla de la laguna. A partir de este momento, el recorrido por una pista elevada bordea esta balsa en la que se puede contemplar, seg\u00fan la \u00e9poca del a\u00f1o, especies como la focha, el somormujo lavanco, la garza real, el pato colorado, el porr\u00f3n europeo, etc. Conviene guardar silencio y no salirse del camino para no ahuyentar a estas aves. Al llegar a la construcci\u00f3n que regula la salida del agua de la laguna, podemos apreciar la estupenda vista del valle del Queiles: la localidad de Ablitas, con su castillo e iglesia en la parte m\u00e1s elevada, y Barillas. La ruta prosigue por una zona de plantas acu\u00e1ticas. Mirando al agua, se contempla a la izquierda la localidad de Ablitas, con su castillo e iglesia en la parte m\u00e1s elevada; enfrente se sit\u00faa Barillas, y a la derecha la bas\u00edlica de Nuestra Se\u00f1ora del Romero. M\u00e1s adelante se puede observar una zona de plantas acu\u00e1ticas, similar al estanque de un jard\u00edn japon\u00e9s. Para regresar, se cruza nuevamente la carretera y a trav\u00e9s de los campos de cultivo llegamos a Barillas<\/p>\n<h3>de Inter\u00e9s<\/h3>\n<h3>Monasterio de Tulebras<\/h3>\n<p>Fundado hacia 1149 en Tudela y trasladado definitivamente a orillas del r\u00edo Queiles en 1157, este monasterio presume de ser el primer monasterio femenino cisterciense en Espa\u00f1a. Desde su fundaci\u00f3n, se ha mantenido la vida mon\u00e1stica en este monasterio de estilo rom\u00e1nico y renacentista. Destacan en \u00e9l la iglesia, el palacio abacial y el claustro. Adem\u00e1s, en el museo se conservan diversas piezas de orfebrer\u00eda, escultura y pintura.<\/p>\n<h3>C\u00f3mo llegar<\/h3>\n<p>Por la autopista AP-15 hasta Tudela y continuar por la N-121 C hasta el cruce de Barillas, por la NA-3040[\/vc_column_text]<h1 class=\"headline font-inherit fontsize-inherit fontweight-inherit lh-inherit align-center transform-inherit \" style=\"margin: 0 0 20px 0;\"><\/h1>[\/vc_column][\/vc_row][vc_row][vc_column width=&#8221;1\/1&#8243;][vc_column_text el_id=&#8221;ruta50&#8243;]<\/p>\n<h2><strong>Ruta 50 Cabezo del Fraile<\/strong><\/h2>\n<p>[\/vc_column_text][\/vc_column][\/vc_row][vc_row][vc_column width=&#8221;1\/1&#8243;][vc_column_text]<\/p>\n<ul>\n<li>Salida Bardenas Reales<\/li>\n<li>Distancia 4,60 km<\/li>\n<li>Desnivel 200 m<\/li>\n<\/ul>\n<p><em>ASCENSO AL CABEZO DEL FRAILE, EN EL EXTREMO SUR DE LAS BARDENAS, CON TRAMOS DE SENDERO CON ESPECTACULAR PANOR\u00c1MICA DE PARAJES DES\u00c9RTICOS. AUSENCIA DE AGUA POTABLE.<\/em><\/p>\n<p>La ruta comienza en la explanada del corral de Bea, lugar apropiado para aparcar. Tomamos direcci\u00f3n oeste, bordeando los campos de cultivo y siguiendo siempre con la vista la silueta del Fraile (565 m). En esta primera fase el camino no se halla bien definido, aunque existen abundantes sendas de ganado. Tras atravesar barrancos y alguna loma, recorremos una antigua pista que asciende hasta unos amplios campos de cultivo abandonados. Se sigue subiendo por la cada vez mejor delineada senda, hasta alcanzar una zona rocosa que hay que bordear para llegar a la cumbre. Aqu\u00ed quedan escasos vestigios del que fuera un castillo fronterizo del Reyno de Navarra, que Sancho El Fuerte orden\u00f3 edificar en el siglo XIII para defender la frontera entre Navarra y Arag\u00f3n y combatir a los bandidos. Cuenta la leyenda que en estas ruinas se halla la cueva de una mora, a la que alude B\u00e9cquer en uno de sus poemas. La cima cuenta con una vista imponente.<\/p>\n<h3>de Inter\u00e9s<\/h3>\n<h3>La reserva negra<\/h3>\n<p>En las laderas meridionales de la Plana de la Negra se extiende la reserva natural de \u2018Ca\u00eddas de la Negra\u2019, segunda en extensi\u00f3n de Navarra. En este apacible lugar los cultivos se intercalan entre los matorrales, las \u00e1reas boscosas y los barrancos. Predomina una vegetaci\u00f3n des\u00e9rtica con ejemplares de coscoja, enebro o romero, mientras que en el apartado de la fauna abunda el jabal\u00ed, el gato mont\u00e9s o el \u00e1guila culebrera.<\/p>\n<h3>C\u00f3mo llegar<\/h3>\n<p>AP-15 a Tudela y por la NA-126 en direcci\u00f3n Tauste hasta el km 22, con desv\u00edo a la izquierda por pista durante 4,5 km al corral de Bea[\/vc_column_text]<h1 class=\"headline font-inherit fontsize-inherit fontweight-inherit lh-inherit align-center transform-inherit \" style=\"margin: 0 0 20px 0;\"><\/h1>[\/vc_column][\/vc_row]<\/p>\n","protected":false},"excerpt":{"rendered":"<p>[vc_row][vc_column width=&#8221;1\/1&#8243;][vc_column_text] Rutas de Senderismo | La Ribera [\/vc_column_text][\/vc_column][\/vc_row][vc_row][vc_column width=&#8221;1\/1&#8243;][\/vc_column][\/vc_row][vc_row][vc_column width=&#8221;1\/1&#8243;][vc_column_text el_id=&#8221;ruta46&#8243;] Ruta 46 Atalaya de Peralta [\/vc_column_text][\/vc_column][\/vc_row][vc_row][vc_column width=&#8221;1\/1&#8243;][vc_column_text] Salida Peralta Distancia 6,40 km Desnivel130 m SENDERO CIRCULAR POR LOS ALREDEDORES DE PERALTA QUE, TRAS UN BREVE TRAMO A ORILLAS DEL ARGA, REMONTA POR EL BARRANCO DE VALLACUERA PARA ASCENDER FINALMENTE A UN ESTRAT\u00c9GICO CORDAL, ENCLAVE DEL ANTIGUO CASTILLO MEDIEVAL El sendero se inicia en Peralta, junto al puente sobre el r\u00edo Arga y un parque-zona verde. Tras casi un kil\u00f3metro por un tramo pr\u00f3ximo al r\u00edo Arga nos desviamos a la izquierda para ascender suavemente por pista el Barranco de Vallacuera, hasta un desv\u00edo a la izquierda para cruzar el barranco y remontar la sierra por un antiguo camino con fuerte desnivel, hasta que se alcanza una zona de pinares. Por trazado m\u00e1s suave el camino llega al emplazamiento del antiguo castillo medieval de la Atalaya, en una zona de afloramientos yes\u00edferos, y al que se accede por un bonito sendero y original arco de entrada. El lugar ofrece unas magn\u00edficas panor\u00e1micas. Unas escaleras y estrecho sendero descienden hasta el visible casco urbano, pasando por las ruinas de la ermita de Santa Luc\u00eda y, en las estrechas calles de [&hellip;]<\/p>\n","protected":false},"author":1,"featured_media":0,"parent":0,"menu_order":0,"comment_status":"closed","ping_status":"closed","template":"","meta":{"footnotes":""},"class_list":["post-8443","page","type-page","status-publish","hentry"],"yoast_head":"<!-- This site is optimized with the Yoast SEO plugin v23.5 - https:\/\/yoast.com\/wordpress\/plugins\/seo\/ -->\n<title>Rutas de senderismo en la Ribera de Navarra - VisitNavarra<\/title>\n<meta name=\"description\" content=\"Rutas de senderismo en la Ribera de Navarra. Atalaya de Peralta, Desolado de Rada, Circuito de Roscas, Laguna de Lor. Cabezo de fraile.\" \/>\n<meta name=\"robots\" content=\"index, follow, max-snippet:-1, max-image-preview:large, max-video-preview:-1\" \/>\n<link rel=\"canonical\" href=\"https:\/\/visitnavarra.info\/visitnavarra\/rutas-de-senderismo-la-ribera\/\" \/>\n<meta property=\"og:locale\" content=\"es_ES\" \/>\n<meta property=\"og:type\" content=\"article\" \/>\n<meta property=\"og:title\" content=\"Rutas de senderismo en la Ribera de Navarra - VisitNavarra\" \/>\n<meta property=\"og:description\" content=\"Rutas de senderismo en la Ribera de Navarra. Atalaya de Peralta, Desolado de Rada, Circuito de Roscas, Laguna de Lor. Cabezo de fraile.\" \/>\n<meta property=\"og:url\" content=\"https:\/\/visitnavarra.info\/visitnavarra\/rutas-de-senderismo-la-ribera\/\" \/>\n<meta property=\"og:site_name\" content=\"VisitNavarra\" \/>\n<meta name=\"twitter:card\" content=\"summary_large_image\" \/>\n<meta name=\"twitter:label1\" content=\"Tiempo de lectura\" \/>\n\t<meta name=\"twitter:data1\" content=\"9 minutos\" \/>\n<script type=\"application\/ld+json\" class=\"yoast-schema-graph\">{\"@context\":\"https:\/\/schema.org\",\"@graph\":[{\"@type\":\"WebPage\",\"@id\":\"https:\/\/visitnavarra.info\/visitnavarra\/rutas-de-senderismo-la-ribera\/\",\"url\":\"https:\/\/visitnavarra.info\/visitnavarra\/rutas-de-senderismo-la-ribera\/\",\"name\":\"Rutas de senderismo en la Ribera de Navarra - VisitNavarra\",\"isPartOf\":{\"@id\":\"https:\/\/visitnavarra.info\/visitnavarra\/#website\"},\"datePublished\":\"2020-12-24T13:44:40+00:00\",\"dateModified\":\"2020-12-24T13:44:40+00:00\",\"description\":\"Rutas de senderismo en la Ribera de Navarra. Atalaya de Peralta, Desolado de Rada, Circuito de Roscas, Laguna de Lor. Cabezo de fraile.\",\"breadcrumb\":{\"@id\":\"https:\/\/visitnavarra.info\/visitnavarra\/rutas-de-senderismo-la-ribera\/#breadcrumb\"},\"inLanguage\":\"es\",\"potentialAction\":[{\"@type\":\"ReadAction\",\"target\":[\"https:\/\/visitnavarra.info\/visitnavarra\/rutas-de-senderismo-la-ribera\/\"]}]},{\"@type\":\"BreadcrumbList\",\"@id\":\"https:\/\/visitnavarra.info\/visitnavarra\/rutas-de-senderismo-la-ribera\/#breadcrumb\",\"itemListElement\":[{\"@type\":\"ListItem\",\"position\":1,\"name\":\"Portada\",\"item\":\"https:\/\/visitnavarra.info\/visitnavarra\/\"},{\"@type\":\"ListItem\",\"position\":2,\"name\":\"Rutas de Senderismo | La Ribera\"}]},{\"@type\":\"WebSite\",\"@id\":\"https:\/\/visitnavarra.info\/visitnavarra\/#website\",\"url\":\"https:\/\/visitnavarra.info\/visitnavarra\/\",\"name\":\"VisitNavarra\",\"description\":\"Alojamiento y experiencias tur\u00edsticas en Navarra; qu\u00e9 visitar en Navarra; comer en Navarra\",\"potentialAction\":[{\"@type\":\"SearchAction\",\"target\":{\"@type\":\"EntryPoint\",\"urlTemplate\":\"https:\/\/visitnavarra.info\/visitnavarra\/?s={search_term_string}\"},\"query-input\":{\"@type\":\"PropertyValueSpecification\",\"valueRequired\":true,\"valueName\":\"search_term_string\"}}],\"inLanguage\":\"es\"}]}<\/script>\n<!-- \/ Yoast SEO plugin. -->","yoast_head_json":{"title":"Rutas de senderismo en la Ribera de Navarra - VisitNavarra","description":"Rutas de senderismo en la Ribera de Navarra. Atalaya de Peralta, Desolado de Rada, Circuito de Roscas, Laguna de Lor. Cabezo de fraile.","robots":{"index":"index","follow":"follow","max-snippet":"max-snippet:-1","max-image-preview":"max-image-preview:large","max-video-preview":"max-video-preview:-1"},"canonical":"https:\/\/visitnavarra.info\/visitnavarra\/rutas-de-senderismo-la-ribera\/","og_locale":"es_ES","og_type":"article","og_title":"Rutas de senderismo en la Ribera de Navarra - VisitNavarra","og_description":"Rutas de senderismo en la Ribera de Navarra. Atalaya de Peralta, Desolado de Rada, Circuito de Roscas, Laguna de Lor. Cabezo de fraile.","og_url":"https:\/\/visitnavarra.info\/visitnavarra\/rutas-de-senderismo-la-ribera\/","og_site_name":"VisitNavarra","twitter_card":"summary_large_image","twitter_misc":{"Tiempo de lectura":"9 minutos"},"schema":{"@context":"https:\/\/schema.org","@graph":[{"@type":"WebPage","@id":"https:\/\/visitnavarra.info\/visitnavarra\/rutas-de-senderismo-la-ribera\/","url":"https:\/\/visitnavarra.info\/visitnavarra\/rutas-de-senderismo-la-ribera\/","name":"Rutas de senderismo en la Ribera de Navarra - VisitNavarra","isPartOf":{"@id":"https:\/\/visitnavarra.info\/visitnavarra\/#website"},"datePublished":"2020-12-24T13:44:40+00:00","dateModified":"2020-12-24T13:44:40+00:00","description":"Rutas de senderismo en la Ribera de Navarra. Atalaya de Peralta, Desolado de Rada, Circuito de Roscas, Laguna de Lor. Cabezo de fraile.","breadcrumb":{"@id":"https:\/\/visitnavarra.info\/visitnavarra\/rutas-de-senderismo-la-ribera\/#breadcrumb"},"inLanguage":"es","potentialAction":[{"@type":"ReadAction","target":["https:\/\/visitnavarra.info\/visitnavarra\/rutas-de-senderismo-la-ribera\/"]}]},{"@type":"BreadcrumbList","@id":"https:\/\/visitnavarra.info\/visitnavarra\/rutas-de-senderismo-la-ribera\/#breadcrumb","itemListElement":[{"@type":"ListItem","position":1,"name":"Portada","item":"https:\/\/visitnavarra.info\/visitnavarra\/"},{"@type":"ListItem","position":2,"name":"Rutas de Senderismo | La Ribera"}]},{"@type":"WebSite","@id":"https:\/\/visitnavarra.info\/visitnavarra\/#website","url":"https:\/\/visitnavarra.info\/visitnavarra\/","name":"VisitNavarra","description":"Alojamiento y experiencias tur\u00edsticas en Navarra; qu\u00e9 visitar en Navarra; comer en Navarra","potentialAction":[{"@type":"SearchAction","target":{"@type":"EntryPoint","urlTemplate":"https:\/\/visitnavarra.info\/visitnavarra\/?s={search_term_string}"},"query-input":{"@type":"PropertyValueSpecification","valueRequired":true,"valueName":"search_term_string"}}],"inLanguage":"es"}]}},"_links":{"self":[{"href":"https:\/\/visitnavarra.info\/visitnavarra\/wp-json\/wp\/v2\/pages\/8443","targetHints":{"allow":["GET"]}}],"collection":[{"href":"https:\/\/visitnavarra.info\/visitnavarra\/wp-json\/wp\/v2\/pages"}],"about":[{"href":"https:\/\/visitnavarra.info\/visitnavarra\/wp-json\/wp\/v2\/types\/page"}],"author":[{"embeddable":true,"href":"https:\/\/visitnavarra.info\/visitnavarra\/wp-json\/wp\/v2\/users\/1"}],"replies":[{"embeddable":true,"href":"https:\/\/visitnavarra.info\/visitnavarra\/wp-json\/wp\/v2\/comments?post=8443"}],"version-history":[{"count":1,"href":"https:\/\/visitnavarra.info\/visitnavarra\/wp-json\/wp\/v2\/pages\/8443\/revisions"}],"predecessor-version":[{"id":8444,"href":"https:\/\/visitnavarra.info\/visitnavarra\/wp-json\/wp\/v2\/pages\/8443\/revisions\/8444"}],"wp:attachment":[{"href":"https:\/\/visitnavarra.info\/visitnavarra\/wp-json\/wp\/v2\/media?parent=8443"}],"curies":[{"name":"wp","href":"https:\/\/api.w.org\/{rel}","templated":true}]}}