{"id":9575,"date":"2020-12-10T10:01:54","date_gmt":"2020-12-10T10:01:54","guid":{"rendered":"https:\/\/visitnavarra.info\/visitnavarra\/monasterio-de-tulebras\/"},"modified":"2020-12-10T10:01:54","modified_gmt":"2020-12-10T10:01:54","slug":"monasterio-de-tulebras","status":"publish","type":"page","link":"https:\/\/visitnavarra.info\/visitnavarra\/monasterio-de-tulebras\/","title":{"rendered":"Monasterio de Tulebras"},"content":{"rendered":"<p>[vc_row][vc_column width=&#8221;1\/2&#8243;][vc_column_text]<\/p>\n<h1 style=\"text-align: center;\">Monasterio de Tulebras<\/h1>\n<p>[\/vc_column_text]<div class=\"single_image wpb_content_element align-center  image_box_circle image_box_border  \" data-animation=\"none\" data-delay=\"0\"><img loading=\"lazy\" decoding=\"async\" width=\"217\" height=\"155\" src=\"https:\/\/visitnavarra.info\/visitnavarra\/wp-content\/uploads\/2020\/12\/Monasterio-Tulebras.jpg\" class=\"attachment-medium\" alt=\"\" \/><\/div>[\/vc_column][vc_column width=&#8221;1\/2&#8243;][vc_column_text]<strong>Localidad<\/strong>: TULEBRAS (31522)<br \/>\n<strong>Direcci\u00f3n<\/strong>: Calle San Bernardo s\/n<br \/>\n<strong>Zona<\/strong>: La Ribera<br \/>\n<strong>Estilo<\/strong>: Rom\u00e1nico<br \/>\n<strong>Siglos de construcci\u00f3n:<\/strong> XII<br \/>\n<strong>Horario de visita:<\/strong> Fines de semana de 16:00 a 18:00.<br \/>\n<strong>Precio visita:<\/strong> La voluntad<br \/>\n<strong>Tel\u00e9fonos<\/strong>: 948851475 &#8211; 676186734<br \/>\n<strong>Fax:<\/strong> 948850012[\/vc_column_text][\/vc_column][\/vc_row][vc_row][vc_column width=&#8221;1\/1&#8243;][vc_column_text]<\/p>\n<h3>Descripci\u00f3n<\/h3>\n<p>Entre campos de regad\u00edo, a orillas del r\u00edo Queiles y junto a las casas que conforman el peque\u00f1o pueblo de Tulebras, en la Ribera navarra, se encuentra el monasterio de Santa Mar\u00eda de la Caridad, el primer cenobio femenino que el Cister fund\u00f3 en Espa\u00f1a. Desde su construcci\u00f3n, en el siglo XII, se ha mantenido sin interrupci\u00f3n la vida mon\u00e1stica de las religiosas, que se encargaron de su restauraci\u00f3n hace unos a\u00f1os.<\/p>\n<p>La b\u00fasqueda de la pureza y de lo imprescindible a trav\u00e9s del despojo de cualquier adorno superfluo es norma del Cister y se cumple a la perfecci\u00f3n en este monasterio. La iglesia, el claustro, el palacio abacial, el museo y los restos de una antigua torre romana son partes importantes del patrimonio conservado.<\/p>\n<p>Recorrerlo en silencio le producir\u00e1 una agradable sensaci\u00f3n de serenidad y recogimiento, al tiempo que le permitir\u00e1 descubrir una interesante colecci\u00f3n de arte sacro. El primer cenobio femenino de Espa\u00f1a, dedicado a Santa Mar\u00eda de la Caridad, se fund\u00f3 inicialmente en Tudela en 1149 con el nombre de Santa Mar\u00eda de las Due\u00f1as y en 1157 se traslad\u00f3 a Tulebras, una localidad de apenas 100 habitantes situada a 3 kil\u00f3metros de Cascante. Su etapa de esplendor coincidi\u00f3 con el siglo XII y el declive lleg\u00f3 entre el XIV y el XV con la destrucci\u00f3n del pueblo por los castellanos, incluido el monasterio.<\/p>\n<h3>La Visita guiada<\/h3>\n<p>La visita guiada al monasterio le permitir\u00e1 conocer la iglesia, el claustro y el palacio abacial. La iglesia cisterciense, del siglo XII, es de nave \u00fanica y \u00e1bside semicircular con cubierta de b\u00f3vedas estrelladas, construidas en el siglo XVI en sustituci\u00f3n de las primitivas. F\u00edjese en una gran mesa de altar del siglo XIII y en la imagen de la Virgen de la Caridad, de estilo g\u00f3tico (XIV), y en el exterior, observe con detalle la peque\u00f1a portada rom\u00e1nica del lado del Evangelio.<\/p>\n<p>Pasee tranquilamente y en silencio por el claustro, construido en el siglo XVI, que conserva b\u00f3vedas de crucer\u00eda. El palacio abacial, construido en el siglo XVIII, de estilo barroco y con fachada de ladrillo, exhibe encima de la puerta principal un bonito escudo de alabastro. El museo, situado junto a la iglesia, posee una interesante colecci\u00f3n de arte sacro de los siglos XVI, XVII y XVIII. Entre los tesoros que guarda hay valiosas tallas, pinturas, retablos, mobiliarios y piezas de orfebrer\u00eda, una pintura sobre la Sant\u00edsima Trinidad, de Jer\u00f3nimo C\u00f3sida, y el retablo pintado acerca de la Dormici\u00f3n de la Virgen, una curiosa y original manera de representar este pasaje b\u00edblico.<\/p>\n<p>Las religiosas, que gu\u00edan la visita al monasterio, elaboran exquisitas pastas caseras que venden all\u00ed mismo junto con miel artesana y productos de cosm\u00e9tica natural.[\/vc_column_text][\/vc_column][\/vc_row]<\/p>\n","protected":false},"excerpt":{"rendered":"<p>[vc_row][vc_column width=&#8221;1\/2&#8243;][vc_column_text] Monasterio de Tulebras [\/vc_column_text][\/vc_column][vc_column width=&#8221;1\/2&#8243;][vc_column_text]Localidad: TULEBRAS (31522) Direcci\u00f3n: Calle San Bernardo s\/n Zona: La Ribera Estilo: Rom\u00e1nico Siglos de construcci\u00f3n: XII Horario de visita: Fines de semana de 16:00 a 18:00. Precio visita: La voluntad Tel\u00e9fonos: 948851475 &#8211; 676186734 Fax: 948850012[\/vc_column_text][\/vc_column][\/vc_row][vc_row][vc_column width=&#8221;1\/1&#8243;][vc_column_text] Descripci\u00f3n Entre campos de regad\u00edo, a orillas del r\u00edo Queiles y junto a las casas que conforman el peque\u00f1o pueblo de Tulebras, en la Ribera navarra, se encuentra el monasterio de Santa Mar\u00eda de la Caridad, el primer cenobio femenino que el Cister fund\u00f3 en Espa\u00f1a. Desde su construcci\u00f3n, en el siglo XII, se ha mantenido sin interrupci\u00f3n la vida mon\u00e1stica de las religiosas, que se encargaron de su restauraci\u00f3n hace unos a\u00f1os. La b\u00fasqueda de la pureza y de lo imprescindible a trav\u00e9s del despojo de cualquier adorno superfluo es norma del Cister y se cumple a la perfecci\u00f3n en este monasterio. La iglesia, el claustro, el palacio abacial, el museo y los restos de una antigua torre romana son partes importantes del patrimonio conservado. Recorrerlo en silencio le producir\u00e1 una agradable sensaci\u00f3n de serenidad y recogimiento, al tiempo que le permitir\u00e1 descubrir una interesante colecci\u00f3n de arte sacro. El primer cenobio femenino de Espa\u00f1a, [&hellip;]<\/p>\n","protected":false},"author":1,"featured_media":0,"parent":0,"menu_order":0,"comment_status":"closed","ping_status":"closed","template":"","meta":{"footnotes":""},"class_list":["post-9575","page","type-page","status-publish","hentry"],"yoast_head":"<!-- This site is optimized with the Yoast SEO plugin v23.5 - https:\/\/yoast.com\/wordpress\/plugins\/seo\/ -->\n<title>Monasterio de Tulebras - VisitNavarra Monasterio de Tulebras<\/title>\n<meta name=\"description\" content=\"Entre campos de regad\u00edo, a orillas del r\u00edo Queiles y junto al pueblo de Tulebras, se encuentra el monasterio de Santa Mar\u00eda de la Caridad.\" \/>\n<meta name=\"robots\" content=\"index, follow, max-snippet:-1, max-image-preview:large, max-video-preview:-1\" \/>\n<link rel=\"canonical\" href=\"https:\/\/visitnavarra.info\/visitnavarra\/monasterio-de-tulebras\/\" \/>\n<meta property=\"og:locale\" content=\"es_ES\" \/>\n<meta property=\"og:type\" content=\"article\" \/>\n<meta property=\"og:title\" content=\"Monasterio de Tulebras - VisitNavarra Monasterio de Tulebras\" \/>\n<meta property=\"og:description\" content=\"Entre campos de regad\u00edo, a orillas del r\u00edo Queiles y junto al pueblo de Tulebras, se encuentra el monasterio de Santa Mar\u00eda de la Caridad.\" \/>\n<meta property=\"og:url\" content=\"https:\/\/visitnavarra.info\/visitnavarra\/monasterio-de-tulebras\/\" \/>\n<meta property=\"og:site_name\" content=\"VisitNavarra\" \/>\n<meta name=\"twitter:card\" content=\"summary_large_image\" \/>\n<meta name=\"twitter:label1\" content=\"Tiempo de lectura\" \/>\n\t<meta name=\"twitter:data1\" content=\"3 minutos\" \/>\n<script type=\"application\/ld+json\" class=\"yoast-schema-graph\">{\"@context\":\"https:\/\/schema.org\",\"@graph\":[{\"@type\":\"WebPage\",\"@id\":\"https:\/\/visitnavarra.info\/visitnavarra\/monasterio-de-tulebras\/\",\"url\":\"https:\/\/visitnavarra.info\/visitnavarra\/monasterio-de-tulebras\/\",\"name\":\"Monasterio de Tulebras - VisitNavarra Monasterio de Tulebras\",\"isPartOf\":{\"@id\":\"https:\/\/visitnavarra.info\/visitnavarra\/#website\"},\"datePublished\":\"2020-12-10T10:01:54+00:00\",\"dateModified\":\"2020-12-10T10:01:54+00:00\",\"description\":\"Entre campos de regad\u00edo, a orillas del r\u00edo Queiles y junto al pueblo de Tulebras, se encuentra el monasterio de Santa Mar\u00eda de la Caridad.\",\"breadcrumb\":{\"@id\":\"https:\/\/visitnavarra.info\/visitnavarra\/monasterio-de-tulebras\/#breadcrumb\"},\"inLanguage\":\"es\",\"potentialAction\":[{\"@type\":\"ReadAction\",\"target\":[\"https:\/\/visitnavarra.info\/visitnavarra\/monasterio-de-tulebras\/\"]}]},{\"@type\":\"BreadcrumbList\",\"@id\":\"https:\/\/visitnavarra.info\/visitnavarra\/monasterio-de-tulebras\/#breadcrumb\",\"itemListElement\":[{\"@type\":\"ListItem\",\"position\":1,\"name\":\"Portada\",\"item\":\"https:\/\/visitnavarra.info\/visitnavarra\/\"},{\"@type\":\"ListItem\",\"position\":2,\"name\":\"Monasterio de Tulebras\"}]},{\"@type\":\"WebSite\",\"@id\":\"https:\/\/visitnavarra.info\/visitnavarra\/#website\",\"url\":\"https:\/\/visitnavarra.info\/visitnavarra\/\",\"name\":\"VisitNavarra\",\"description\":\"Alojamiento y experiencias tur\u00edsticas en Navarra; qu\u00e9 visitar en Navarra; comer en Navarra\",\"potentialAction\":[{\"@type\":\"SearchAction\",\"target\":{\"@type\":\"EntryPoint\",\"urlTemplate\":\"https:\/\/visitnavarra.info\/visitnavarra\/?s={search_term_string}\"},\"query-input\":{\"@type\":\"PropertyValueSpecification\",\"valueRequired\":true,\"valueName\":\"search_term_string\"}}],\"inLanguage\":\"es\"}]}<\/script>\n<!-- \/ Yoast SEO plugin. -->","yoast_head_json":{"title":"Monasterio de Tulebras - VisitNavarra Monasterio de Tulebras","description":"Entre campos de regad\u00edo, a orillas del r\u00edo Queiles y junto al pueblo de Tulebras, se encuentra el monasterio de Santa Mar\u00eda de la Caridad.","robots":{"index":"index","follow":"follow","max-snippet":"max-snippet:-1","max-image-preview":"max-image-preview:large","max-video-preview":"max-video-preview:-1"},"canonical":"https:\/\/visitnavarra.info\/visitnavarra\/monasterio-de-tulebras\/","og_locale":"es_ES","og_type":"article","og_title":"Monasterio de Tulebras - VisitNavarra Monasterio de Tulebras","og_description":"Entre campos de regad\u00edo, a orillas del r\u00edo Queiles y junto al pueblo de Tulebras, se encuentra el monasterio de Santa Mar\u00eda de la Caridad.","og_url":"https:\/\/visitnavarra.info\/visitnavarra\/monasterio-de-tulebras\/","og_site_name":"VisitNavarra","twitter_card":"summary_large_image","twitter_misc":{"Tiempo de lectura":"3 minutos"},"schema":{"@context":"https:\/\/schema.org","@graph":[{"@type":"WebPage","@id":"https:\/\/visitnavarra.info\/visitnavarra\/monasterio-de-tulebras\/","url":"https:\/\/visitnavarra.info\/visitnavarra\/monasterio-de-tulebras\/","name":"Monasterio de Tulebras - VisitNavarra Monasterio de Tulebras","isPartOf":{"@id":"https:\/\/visitnavarra.info\/visitnavarra\/#website"},"datePublished":"2020-12-10T10:01:54+00:00","dateModified":"2020-12-10T10:01:54+00:00","description":"Entre campos de regad\u00edo, a orillas del r\u00edo Queiles y junto al pueblo de Tulebras, se encuentra el monasterio de Santa Mar\u00eda de la Caridad.","breadcrumb":{"@id":"https:\/\/visitnavarra.info\/visitnavarra\/monasterio-de-tulebras\/#breadcrumb"},"inLanguage":"es","potentialAction":[{"@type":"ReadAction","target":["https:\/\/visitnavarra.info\/visitnavarra\/monasterio-de-tulebras\/"]}]},{"@type":"BreadcrumbList","@id":"https:\/\/visitnavarra.info\/visitnavarra\/monasterio-de-tulebras\/#breadcrumb","itemListElement":[{"@type":"ListItem","position":1,"name":"Portada","item":"https:\/\/visitnavarra.info\/visitnavarra\/"},{"@type":"ListItem","position":2,"name":"Monasterio de Tulebras"}]},{"@type":"WebSite","@id":"https:\/\/visitnavarra.info\/visitnavarra\/#website","url":"https:\/\/visitnavarra.info\/visitnavarra\/","name":"VisitNavarra","description":"Alojamiento y experiencias tur\u00edsticas en Navarra; qu\u00e9 visitar en Navarra; comer en Navarra","potentialAction":[{"@type":"SearchAction","target":{"@type":"EntryPoint","urlTemplate":"https:\/\/visitnavarra.info\/visitnavarra\/?s={search_term_string}"},"query-input":{"@type":"PropertyValueSpecification","valueRequired":true,"valueName":"search_term_string"}}],"inLanguage":"es"}]}},"_links":{"self":[{"href":"https:\/\/visitnavarra.info\/visitnavarra\/wp-json\/wp\/v2\/pages\/9575","targetHints":{"allow":["GET"]}}],"collection":[{"href":"https:\/\/visitnavarra.info\/visitnavarra\/wp-json\/wp\/v2\/pages"}],"about":[{"href":"https:\/\/visitnavarra.info\/visitnavarra\/wp-json\/wp\/v2\/types\/page"}],"author":[{"embeddable":true,"href":"https:\/\/visitnavarra.info\/visitnavarra\/wp-json\/wp\/v2\/users\/1"}],"replies":[{"embeddable":true,"href":"https:\/\/visitnavarra.info\/visitnavarra\/wp-json\/wp\/v2\/comments?post=9575"}],"version-history":[{"count":0,"href":"https:\/\/visitnavarra.info\/visitnavarra\/wp-json\/wp\/v2\/pages\/9575\/revisions"}],"wp:attachment":[{"href":"https:\/\/visitnavarra.info\/visitnavarra\/wp-json\/wp\/v2\/media?parent=9575"}],"curies":[{"name":"wp","href":"https:\/\/api.w.org\/{rel}","templated":true}]}}