{"id":978,"date":"2019-01-18T14:25:09","date_gmt":"2019-01-18T14:25:09","guid":{"rendered":"http:\/\/desarrollo.visitnavarra.info\/?page_id=978"},"modified":"2019-05-02T10:55:32","modified_gmt":"2019-05-02T10:55:32","slug":"medico","status":"publish","type":"page","link":"https:\/\/visitnavarra.info\/visitnavarra\/medico\/","title":{"rendered":"M\u00c9DICO"},"content":{"rendered":"<p>[vc_row][vc_column width=&#8221;1\/3&#8243;]<div class=\"single_image wpb_content_element align-center    \" data-animation=\"none\" data-delay=\"0\"><img loading=\"lazy\" decoding=\"async\" width=\"250\" height=\"250\" src=\"https:\/\/visitnavarra.info\/visitnavarra\/wp-content\/uploads\/2019\/02\/healthtourisme.jpg\" class=\"attachment-full\" alt=\"\" srcset=\"https:\/\/visitnavarra.info\/visitnavarra\/wp-content\/uploads\/2019\/02\/healthtourisme.jpg 250w, https:\/\/visitnavarra.info\/visitnavarra\/wp-content\/uploads\/2019\/02\/healthtourisme-150x150.jpg 150w, https:\/\/visitnavarra.info\/visitnavarra\/wp-content\/uploads\/2019\/02\/healthtourisme-80x80.jpg 80w\" sizes=\"auto, (max-width: 250px) 100vw, 250px\" \/><\/div><a href=\"\/visitnavarra\/healthtourism\/\" target=\"_self\" class=\"button custom full \" style=\"background-color: #4495cd; border-color: #4495cd;border-radius: 2px;\">NAVARRA SALUDABLE<\/a>[\/vc_column][vc_column width=&#8221;1\/3&#8243;]<div class=\"single_image wpb_content_element align-center    \" data-animation=\"none\" data-delay=\"0\"><img loading=\"lazy\" decoding=\"async\" width=\"250\" height=\"250\" src=\"https:\/\/visitnavarra.info\/visitnavarra\/wp-content\/uploads\/2019\/02\/clinica-universitario-medico.jpg\" class=\"attachment-full\" alt=\"\" srcset=\"https:\/\/visitnavarra.info\/visitnavarra\/wp-content\/uploads\/2019\/02\/clinica-universitario-medico.jpg 250w, https:\/\/visitnavarra.info\/visitnavarra\/wp-content\/uploads\/2019\/02\/clinica-universitario-medico-150x150.jpg 150w, https:\/\/visitnavarra.info\/visitnavarra\/wp-content\/uploads\/2019\/02\/clinica-universitario-medico-80x80.jpg 80w\" sizes=\"auto, (max-width: 250px) 100vw, 250px\" \/><\/div><a href=\"\/visitnavarra\/clinica-universidad-navarra\/\" target=\"_self\" class=\"button custom full \" style=\"background-color: #4495cd; border-color: #4495cd;border-radius: 2px;\">CL\u00cdNICA UNIVERSIDAD DE NAVARRA<\/a>[\/vc_column][vc_column width=&#8221;1\/3&#8243;]<div class=\"single_image wpb_content_element align-center    \" data-animation=\"none\" data-delay=\"0\"><img loading=\"lazy\" decoding=\"async\" width=\"250\" height=\"250\" src=\"https:\/\/visitnavarra.info\/visitnavarra\/wp-content\/uploads\/2019\/02\/clinica-sannas-medico.jpg\" class=\"attachment-full\" alt=\"\" srcset=\"https:\/\/visitnavarra.info\/visitnavarra\/wp-content\/uploads\/2019\/02\/clinica-sannas-medico.jpg 250w, https:\/\/visitnavarra.info\/visitnavarra\/wp-content\/uploads\/2019\/02\/clinica-sannas-medico-150x150.jpg 150w, https:\/\/visitnavarra.info\/visitnavarra\/wp-content\/uploads\/2019\/02\/clinica-sannas-medico-80x80.jpg 80w\" sizes=\"auto, (max-width: 250px) 100vw, 250px\" \/><\/div><a href=\"\/visitnavarra\/clinica-sannas-dentofacial\/\" target=\"_self\" class=\"button custom full \" style=\"background-color: #4495cd; border-color: #4495cd;border-radius: 2px;\">CLINICA SANNAS DENTOFACIAL<\/a>[\/vc_column][\/vc_row][vc_row][vc_column width=&#8221;1\/2&#8243;]<div class=\"single_image wpb_content_element align-center    \" data-animation=\"none\" data-delay=\"0\"><img loading=\"lazy\" decoding=\"async\" width=\"250\" height=\"250\" src=\"https:\/\/visitnavarra.info\/visitnavarra\/wp-content\/uploads\/2019\/02\/balnearios-termales.jpg\" class=\"attachment-full\" alt=\"\" srcset=\"https:\/\/visitnavarra.info\/visitnavarra\/wp-content\/uploads\/2019\/02\/balnearios-termales.jpg 250w, https:\/\/visitnavarra.info\/visitnavarra\/wp-content\/uploads\/2019\/02\/balnearios-termales-150x150.jpg 150w, https:\/\/visitnavarra.info\/visitnavarra\/wp-content\/uploads\/2019\/02\/balnearios-termales-80x80.jpg 80w\" sizes=\"auto, (max-width: 250px) 100vw, 250px\" \/><\/div><a href=\"\/visitnavarra\/balnearios-termales\/\" target=\"_self\" class=\"button custom full \" style=\"background-color: #4495cd; border-color: #4495cd;border-radius: 2px;\">BALNEARIOS TERMALES: ELGORRIAGA Y FITERO<\/a>[\/vc_column][vc_column width=&#8221;1\/2&#8243;]<div class=\"single_image wpb_content_element align-center    \" data-animation=\"none\" data-delay=\"0\"><img loading=\"lazy\" decoding=\"async\" width=\"250\" height=\"250\" src=\"https:\/\/visitnavarra.info\/visitnavarra\/wp-content\/uploads\/2019\/02\/pyrenalis-programas-salud.jpg\" class=\"attachment-full\" alt=\"\" srcset=\"https:\/\/visitnavarra.info\/visitnavarra\/wp-content\/uploads\/2019\/02\/pyrenalis-programas-salud.jpg 250w, https:\/\/visitnavarra.info\/visitnavarra\/wp-content\/uploads\/2019\/02\/pyrenalis-programas-salud-150x150.jpg 150w, https:\/\/visitnavarra.info\/visitnavarra\/wp-content\/uploads\/2019\/02\/pyrenalis-programas-salud-80x80.jpg 80w\" sizes=\"auto, (max-width: 250px) 100vw, 250px\" \/><\/div><a href=\"\/visitnavarra\/programas-salud\/\" target=\"_self\" class=\"button custom full \" style=\"background-color: #4495cd; border-color: #4495cd;border-radius: 2px;\">PROGRAMAS DE SALUD<\/a>[\/vc_column][\/vc_row]<\/p>\n","protected":false},"excerpt":{"rendered":"<p>[vc_row][vc_column width=&#8221;1\/3&#8243;][\/vc_column][vc_column width=&#8221;1\/3&#8243;][\/vc_column][vc_column width=&#8221;1\/3&#8243;][\/vc_column][\/vc_row][vc_row][vc_column width=&#8221;1\/2&#8243;][\/vc_column][vc_column width=&#8221;1\/2&#8243;][\/vc_column][\/vc_row]<\/p>\n","protected":false},"author":1,"featured_media":0,"parent":0,"menu_order":0,"comment_status":"closed","ping_status":"closed","template":"","meta":{"footnotes":""},"class_list":["post-978","page","type-page","status-publish","hentry"],"yoast_head":"<!-- This site is optimized with the Yoast SEO plugin v23.5 - https:\/\/yoast.com\/wordpress\/plugins\/seo\/ -->\n<title>TURISMO M\u00c9DICO EN NAVARRA - VisitNavarra<\/title>\n<meta name=\"description\" content=\"Turismo m\u00e9dico en Navarra. Navarra saludable. Programas de salud. Balnearios termales. Cl\u00ednica Universidad de Navarra, Sannas dentofacial\" \/>\n<meta name=\"robots\" content=\"index, follow, max-snippet:-1, max-image-preview:large, max-video-preview:-1\" \/>\n<link rel=\"canonical\" href=\"https:\/\/visitnavarra.info\/visitnavarra\/medico\/\" \/>\n<meta property=\"og:locale\" content=\"es_ES\" \/>\n<meta property=\"og:type\" content=\"article\" \/>\n<meta property=\"og:title\" content=\"TURISMO M\u00c9DICO EN NAVARRA - VisitNavarra\" \/>\n<meta property=\"og:description\" content=\"Turismo m\u00e9dico en Navarra. Navarra saludable. Programas de salud. Balnearios termales. Cl\u00ednica Universidad de Navarra, Sannas dentofacial\" \/>\n<meta property=\"og:url\" content=\"https:\/\/visitnavarra.info\/visitnavarra\/medico\/\" \/>\n<meta property=\"og:site_name\" content=\"VisitNavarra\" \/>\n<meta property=\"article:modified_time\" content=\"2019-05-02T10:55:32+00:00\" \/>\n<meta name=\"twitter:card\" content=\"summary_large_image\" \/>\n<meta name=\"twitter:label1\" content=\"Tiempo de lectura\" \/>\n\t<meta name=\"twitter:data1\" content=\"1 minuto\" \/>\n<script type=\"application\/ld+json\" class=\"yoast-schema-graph\">{\"@context\":\"https:\/\/schema.org\",\"@graph\":[{\"@type\":\"WebPage\",\"@id\":\"https:\/\/visitnavarra.info\/visitnavarra\/medico\/\",\"url\":\"https:\/\/visitnavarra.info\/visitnavarra\/medico\/\",\"name\":\"TURISMO M\u00c9DICO EN NAVARRA - VisitNavarra\",\"isPartOf\":{\"@id\":\"https:\/\/visitnavarra.info\/visitnavarra\/#website\"},\"datePublished\":\"2019-01-18T14:25:09+00:00\",\"dateModified\":\"2019-05-02T10:55:32+00:00\",\"description\":\"Turismo m\u00e9dico en Navarra. Navarra saludable. Programas de salud. Balnearios termales. Cl\u00ednica Universidad de Navarra, Sannas dentofacial\",\"breadcrumb\":{\"@id\":\"https:\/\/visitnavarra.info\/visitnavarra\/medico\/#breadcrumb\"},\"inLanguage\":\"es\",\"potentialAction\":[{\"@type\":\"ReadAction\",\"target\":[\"https:\/\/visitnavarra.info\/visitnavarra\/medico\/\"]}]},{\"@type\":\"BreadcrumbList\",\"@id\":\"https:\/\/visitnavarra.info\/visitnavarra\/medico\/#breadcrumb\",\"itemListElement\":[{\"@type\":\"ListItem\",\"position\":1,\"name\":\"Portada\",\"item\":\"https:\/\/visitnavarra.info\/visitnavarra\/\"},{\"@type\":\"ListItem\",\"position\":2,\"name\":\"M\u00c9DICO\"}]},{\"@type\":\"WebSite\",\"@id\":\"https:\/\/visitnavarra.info\/visitnavarra\/#website\",\"url\":\"https:\/\/visitnavarra.info\/visitnavarra\/\",\"name\":\"VisitNavarra\",\"description\":\"Alojamiento y experiencias tur\u00edsticas en Navarra; qu\u00e9 visitar en Navarra; comer en Navarra\",\"potentialAction\":[{\"@type\":\"SearchAction\",\"target\":{\"@type\":\"EntryPoint\",\"urlTemplate\":\"https:\/\/visitnavarra.info\/visitnavarra\/?s={search_term_string}\"},\"query-input\":{\"@type\":\"PropertyValueSpecification\",\"valueRequired\":true,\"valueName\":\"search_term_string\"}}],\"inLanguage\":\"es\"}]}<\/script>\n<!-- \/ Yoast SEO plugin. -->","yoast_head_json":{"title":"TURISMO M\u00c9DICO EN NAVARRA - VisitNavarra","description":"Turismo m\u00e9dico en Navarra. Navarra saludable. Programas de salud. Balnearios termales. Cl\u00ednica Universidad de Navarra, Sannas dentofacial","robots":{"index":"index","follow":"follow","max-snippet":"max-snippet:-1","max-image-preview":"max-image-preview:large","max-video-preview":"max-video-preview:-1"},"canonical":"https:\/\/visitnavarra.info\/visitnavarra\/medico\/","og_locale":"es_ES","og_type":"article","og_title":"TURISMO M\u00c9DICO EN NAVARRA - VisitNavarra","og_description":"Turismo m\u00e9dico en Navarra. Navarra saludable. Programas de salud. Balnearios termales. Cl\u00ednica Universidad de Navarra, Sannas dentofacial","og_url":"https:\/\/visitnavarra.info\/visitnavarra\/medico\/","og_site_name":"VisitNavarra","article_modified_time":"2019-05-02T10:55:32+00:00","twitter_card":"summary_large_image","twitter_misc":{"Tiempo de lectura":"1 minuto"},"schema":{"@context":"https:\/\/schema.org","@graph":[{"@type":"WebPage","@id":"https:\/\/visitnavarra.info\/visitnavarra\/medico\/","url":"https:\/\/visitnavarra.info\/visitnavarra\/medico\/","name":"TURISMO M\u00c9DICO EN NAVARRA - VisitNavarra","isPartOf":{"@id":"https:\/\/visitnavarra.info\/visitnavarra\/#website"},"datePublished":"2019-01-18T14:25:09+00:00","dateModified":"2019-05-02T10:55:32+00:00","description":"Turismo m\u00e9dico en Navarra. Navarra saludable. Programas de salud. Balnearios termales. Cl\u00ednica Universidad de Navarra, Sannas dentofacial","breadcrumb":{"@id":"https:\/\/visitnavarra.info\/visitnavarra\/medico\/#breadcrumb"},"inLanguage":"es","potentialAction":[{"@type":"ReadAction","target":["https:\/\/visitnavarra.info\/visitnavarra\/medico\/"]}]},{"@type":"BreadcrumbList","@id":"https:\/\/visitnavarra.info\/visitnavarra\/medico\/#breadcrumb","itemListElement":[{"@type":"ListItem","position":1,"name":"Portada","item":"https:\/\/visitnavarra.info\/visitnavarra\/"},{"@type":"ListItem","position":2,"name":"M\u00c9DICO"}]},{"@type":"WebSite","@id":"https:\/\/visitnavarra.info\/visitnavarra\/#website","url":"https:\/\/visitnavarra.info\/visitnavarra\/","name":"VisitNavarra","description":"Alojamiento y experiencias tur\u00edsticas en Navarra; qu\u00e9 visitar en Navarra; comer en Navarra","potentialAction":[{"@type":"SearchAction","target":{"@type":"EntryPoint","urlTemplate":"https:\/\/visitnavarra.info\/visitnavarra\/?s={search_term_string}"},"query-input":{"@type":"PropertyValueSpecification","valueRequired":true,"valueName":"search_term_string"}}],"inLanguage":"es"}]}},"_links":{"self":[{"href":"https:\/\/visitnavarra.info\/visitnavarra\/wp-json\/wp\/v2\/pages\/978","targetHints":{"allow":["GET"]}}],"collection":[{"href":"https:\/\/visitnavarra.info\/visitnavarra\/wp-json\/wp\/v2\/pages"}],"about":[{"href":"https:\/\/visitnavarra.info\/visitnavarra\/wp-json\/wp\/v2\/types\/page"}],"author":[{"embeddable":true,"href":"https:\/\/visitnavarra.info\/visitnavarra\/wp-json\/wp\/v2\/users\/1"}],"replies":[{"embeddable":true,"href":"https:\/\/visitnavarra.info\/visitnavarra\/wp-json\/wp\/v2\/comments?post=978"}],"version-history":[{"count":5,"href":"https:\/\/visitnavarra.info\/visitnavarra\/wp-json\/wp\/v2\/pages\/978\/revisions"}],"predecessor-version":[{"id":2485,"href":"https:\/\/visitnavarra.info\/visitnavarra\/wp-json\/wp\/v2\/pages\/978\/revisions\/2485"}],"wp:attachment":[{"href":"https:\/\/visitnavarra.info\/visitnavarra\/wp-json\/wp\/v2\/media?parent=978"}],"curies":[{"name":"wp","href":"https:\/\/api.w.org\/{rel}","templated":true}]}}