{"id":986,"date":"2019-01-18T14:39:07","date_gmt":"2019-01-18T14:39:07","guid":{"rendered":"http:\/\/desarrollo.visitnavarra.info\/?page_id=986"},"modified":"2019-02-20T12:21:51","modified_gmt":"2019-02-20T12:21:51","slug":"healthtourism","status":"publish","type":"page","link":"https:\/\/visitnavarra.info\/visitnavarra\/healthtourism\/","title":{"rendered":"NAVARRA SALUDABLE"},"content":{"rendered":"<p>[vc_row][vc_column width=&#8221;1\/1&#8243;][vc_column_text]<strong>MEDICINA, INNOVACI\u00d3N Y CALIDAD DE VIDA<\/strong><\/p>\n<p><img loading=\"lazy\" decoding=\"async\" class=\"alignleft size-full wp-image-1607\" src=\"http:\/\/visitnavarra.info\/wp-content\/uploads\/2019\/02\/healthtourisme.jpg\" alt=\"\" width=\"250\" height=\"250\" srcset=\"https:\/\/visitnavarra.info\/visitnavarra\/wp-content\/uploads\/2019\/02\/healthtourisme.jpg 250w, https:\/\/visitnavarra.info\/visitnavarra\/wp-content\/uploads\/2019\/02\/healthtourisme-150x150.jpg 150w, https:\/\/visitnavarra.info\/visitnavarra\/wp-content\/uploads\/2019\/02\/healthtourisme-80x80.jpg 80w\" sizes=\"auto, (max-width: 250px) 100vw, 250px\" \/>En nuestro ADN fluye la Medicina, el compromiso con la investigaci\u00f3n y la apuesta por una tecnolog\u00eda sanitaria puntera. La Cl\u00ednica Universidad de Navarra, referente para todas aquellas personas que buscan respuestas. Figura en el n\u00famero uno del ranking de hospitales privados y, pr\u00e1cticamente, dobla en puntos al siguiente hospital. La gran calidad de la Cl\u00ednica Sannas Dentofacial, as\u00ed como el impulso de seis centros tecnol\u00f3gicos, el CIMA y tres universidades en Navarra, crean el clima perfecto para contar con un servicio sanitario excelente en constante mejora.<\/p>\n<p>En Navarra nos gusta vivir. Apreciamos cada instante, la belleza de nuestro entorno, los sabores de nuestra gastronom\u00eda y el placer de tener todo cerca. Contamos con la tasa de paro m\u00e1s baja de Espa\u00f1a, somos una de las comunidades m\u00e1s seguras del pa\u00eds y la tercera con mayor renta per c\u00e1pita. Nuestra oferta en alojamiento es excelente, as\u00ed como la variada y rica propuesta hostelera.<\/p>\n<p><strong>UN REYNO CON HISTORIA<\/strong><\/p>\n<p>En el Reyno de Navarra se percibe en nuestros paisajes y pueblos, castillos, iglesias y fortalezas. Sus muros esconden historias de reyes y nobles, guerras y tratados de paz, leyendas y f\u00e1bulas. Adem\u00e1s, el Camino de Santiago, el aut\u00e9ntico, declarado Patrimonio de la Humanidad por la UNESCO, atraviesa nuestro territorio mostrando a su paso las huellas dejadas por los peregrinos durante siglos.<\/p>\n<p><strong>NATURALEZA VIVA<\/strong><\/p>\n<p>Reza el lema que Navarra es tierra de diversidad. Y no miente. En apenas 10.400 kil\u00f3metros cuadrados encontramos desiertos, sierras, r\u00edos y monta\u00f1as. El paisaje lunar de las Bardenas -Reserva de la Biosfera- contrasta al m\u00e1ximo con el verdor de los valles norte\u00f1os del Pirineo, la frondosidad de la Selva del Irati, los cortados de la Foz de Lumbier o las f\u00e9rtiles huertas de la Ribera. Cada rinc\u00f3n de Navarra esconde un secreto. Y todos ellos son diferentes.<\/p>\n<p>&nbsp;<\/p>\n<p>&nbsp;<\/p>\n<p>[\/vc_column_text][\/vc_column][\/vc_row][vc_row][vc_column width=&#8221;1\/2&#8243;]<div class=\"single_image wpb_content_element align-right    \" data-animation=\"none\" data-delay=\"0\"><img loading=\"lazy\" decoding=\"async\" width=\"200\" height=\"214\" src=\"https:\/\/visitnavarra.info\/visitnavarra\/wp-content\/uploads\/2019\/01\/logo-navarra-healthtourism.jpg\" class=\"attachment-full\" alt=\"\" \/><\/div>[\/vc_column][vc_column width=&#8221;1\/2&#8243;][vc_column_text]<strong>CONTACTO \/ RESERVAS<\/strong><br \/>\nEntidad \/ empresa: NAVARRA HEALTH TOURISM<br \/>\nDirecci\u00f3n: c\/ Pedro I, n\u00ba 1, 1\u00ba &#8211; 31007 Pamplona (Navarra)<br \/>\nTel\u00e9fono: (+34) 948 268 412<br \/>\nMail: <a href=\"mailto:info@navarrahealthtourism.com\">info@navarrahealthtourism.com<\/a><br \/>\nWeb: <a href=\"http:\/\/www.navarrahealthtourism.com\">www.navarrahealthtourism.com<\/a>[\/vc_column_text][\/vc_column][\/vc_row]<\/p>\n","protected":false},"excerpt":{"rendered":"<p>[vc_row][vc_column width=&#8221;1\/1&#8243;][vc_column_text]MEDICINA, INNOVACI\u00d3N Y CALIDAD DE VIDA En nuestro ADN fluye la Medicina, el compromiso con la investigaci\u00f3n y la apuesta por una tecnolog\u00eda sanitaria puntera. La Cl\u00ednica Universidad de Navarra, referente para todas aquellas personas que buscan respuestas. Figura en el n\u00famero uno del ranking de hospitales privados y, pr\u00e1cticamente, dobla en puntos al siguiente hospital. La gran calidad de la Cl\u00ednica Sannas Dentofacial, as\u00ed como el impulso de seis centros tecnol\u00f3gicos, el CIMA y tres universidades en Navarra, crean el clima perfecto para contar con un servicio sanitario excelente en constante mejora. En Navarra nos gusta vivir. Apreciamos cada instante, la belleza de nuestro entorno, los sabores de nuestra gastronom\u00eda y el placer de tener todo cerca. Contamos con la tasa de paro m\u00e1s baja de Espa\u00f1a, somos una de las comunidades m\u00e1s seguras del pa\u00eds y la tercera con mayor renta per c\u00e1pita. Nuestra oferta en alojamiento es excelente, as\u00ed como la variada y rica propuesta hostelera. UN REYNO CON HISTORIA En el Reyno de Navarra se percibe en nuestros paisajes y pueblos, castillos, iglesias y fortalezas. Sus muros esconden historias de reyes y nobles, guerras y tratados de paz, leyendas y f\u00e1bulas. Adem\u00e1s, el Camino de [&hellip;]<\/p>\n","protected":false},"author":1,"featured_media":0,"parent":0,"menu_order":0,"comment_status":"closed","ping_status":"closed","template":"","meta":{"footnotes":""},"class_list":["post-986","page","type-page","status-publish","hentry"],"yoast_head":"<!-- This site is optimized with the Yoast SEO plugin v23.5 - https:\/\/yoast.com\/wordpress\/plugins\/seo\/ -->\n<title>NAVARRA SALUDABLE | MEDICINA | INNOVACI\u00d3N - VisitNavarra<\/title>\n<meta name=\"description\" content=\"Navarra saludable. Medicina, innovaci\u00f3n y calidad de vida. Un Reyno con historia. Naturaleza viva.Navarra Health Tourism.\" \/>\n<meta name=\"robots\" content=\"index, follow, max-snippet:-1, max-image-preview:large, max-video-preview:-1\" \/>\n<link rel=\"canonical\" href=\"https:\/\/visitnavarra.info\/visitnavarra\/healthtourism\/\" \/>\n<meta property=\"og:locale\" content=\"es_ES\" \/>\n<meta property=\"og:type\" content=\"article\" \/>\n<meta property=\"og:title\" content=\"NAVARRA SALUDABLE | MEDICINA | INNOVACI\u00d3N - VisitNavarra\" \/>\n<meta property=\"og:description\" content=\"Navarra saludable. Medicina, innovaci\u00f3n y calidad de vida. Un Reyno con historia. Naturaleza viva.Navarra Health Tourism.\" \/>\n<meta property=\"og:url\" content=\"https:\/\/visitnavarra.info\/visitnavarra\/healthtourism\/\" \/>\n<meta property=\"og:site_name\" content=\"VisitNavarra\" \/>\n<meta property=\"article:modified_time\" content=\"2019-02-20T12:21:51+00:00\" \/>\n<meta property=\"og:image\" content=\"http:\/\/visitnavarra.info\/wp-content\/uploads\/2019\/02\/healthtourisme.jpg\" \/>\n<meta name=\"twitter:card\" content=\"summary_large_image\" \/>\n<meta name=\"twitter:label1\" content=\"Tiempo de lectura\" \/>\n\t<meta name=\"twitter:data1\" content=\"2 minutos\" \/>\n<script type=\"application\/ld+json\" class=\"yoast-schema-graph\">{\"@context\":\"https:\/\/schema.org\",\"@graph\":[{\"@type\":\"WebPage\",\"@id\":\"https:\/\/visitnavarra.info\/visitnavarra\/healthtourism\/\",\"url\":\"https:\/\/visitnavarra.info\/visitnavarra\/healthtourism\/\",\"name\":\"NAVARRA SALUDABLE | MEDICINA | INNOVACI\u00d3N - VisitNavarra\",\"isPartOf\":{\"@id\":\"https:\/\/visitnavarra.info\/visitnavarra\/#website\"},\"primaryImageOfPage\":{\"@id\":\"https:\/\/visitnavarra.info\/visitnavarra\/healthtourism\/#primaryimage\"},\"image\":{\"@id\":\"https:\/\/visitnavarra.info\/visitnavarra\/healthtourism\/#primaryimage\"},\"thumbnailUrl\":\"http:\/\/visitnavarra.info\/wp-content\/uploads\/2019\/02\/healthtourisme.jpg\",\"datePublished\":\"2019-01-18T14:39:07+00:00\",\"dateModified\":\"2019-02-20T12:21:51+00:00\",\"description\":\"Navarra saludable. Medicina, innovaci\u00f3n y calidad de vida. Un Reyno con historia. Naturaleza viva.Navarra Health Tourism.\",\"breadcrumb\":{\"@id\":\"https:\/\/visitnavarra.info\/visitnavarra\/healthtourism\/#breadcrumb\"},\"inLanguage\":\"es\",\"potentialAction\":[{\"@type\":\"ReadAction\",\"target\":[\"https:\/\/visitnavarra.info\/visitnavarra\/healthtourism\/\"]}]},{\"@type\":\"ImageObject\",\"inLanguage\":\"es\",\"@id\":\"https:\/\/visitnavarra.info\/visitnavarra\/healthtourism\/#primaryimage\",\"url\":\"http:\/\/visitnavarra.info\/wp-content\/uploads\/2019\/02\/healthtourisme.jpg\",\"contentUrl\":\"http:\/\/visitnavarra.info\/wp-content\/uploads\/2019\/02\/healthtourisme.jpg\"},{\"@type\":\"BreadcrumbList\",\"@id\":\"https:\/\/visitnavarra.info\/visitnavarra\/healthtourism\/#breadcrumb\",\"itemListElement\":[{\"@type\":\"ListItem\",\"position\":1,\"name\":\"Portada\",\"item\":\"https:\/\/visitnavarra.info\/visitnavarra\/\"},{\"@type\":\"ListItem\",\"position\":2,\"name\":\"NAVARRA SALUDABLE\"}]},{\"@type\":\"WebSite\",\"@id\":\"https:\/\/visitnavarra.info\/visitnavarra\/#website\",\"url\":\"https:\/\/visitnavarra.info\/visitnavarra\/\",\"name\":\"VisitNavarra\",\"description\":\"Alojamiento y experiencias tur\u00edsticas en Navarra; qu\u00e9 visitar en Navarra; comer en Navarra\",\"potentialAction\":[{\"@type\":\"SearchAction\",\"target\":{\"@type\":\"EntryPoint\",\"urlTemplate\":\"https:\/\/visitnavarra.info\/visitnavarra\/?s={search_term_string}\"},\"query-input\":{\"@type\":\"PropertyValueSpecification\",\"valueRequired\":true,\"valueName\":\"search_term_string\"}}],\"inLanguage\":\"es\"}]}<\/script>\n<!-- \/ Yoast SEO plugin. -->","yoast_head_json":{"title":"NAVARRA SALUDABLE | MEDICINA | INNOVACI\u00d3N - VisitNavarra","description":"Navarra saludable. Medicina, innovaci\u00f3n y calidad de vida. Un Reyno con historia. Naturaleza viva.Navarra Health Tourism.","robots":{"index":"index","follow":"follow","max-snippet":"max-snippet:-1","max-image-preview":"max-image-preview:large","max-video-preview":"max-video-preview:-1"},"canonical":"https:\/\/visitnavarra.info\/visitnavarra\/healthtourism\/","og_locale":"es_ES","og_type":"article","og_title":"NAVARRA SALUDABLE | MEDICINA | INNOVACI\u00d3N - VisitNavarra","og_description":"Navarra saludable. Medicina, innovaci\u00f3n y calidad de vida. Un Reyno con historia. Naturaleza viva.Navarra Health Tourism.","og_url":"https:\/\/visitnavarra.info\/visitnavarra\/healthtourism\/","og_site_name":"VisitNavarra","article_modified_time":"2019-02-20T12:21:51+00:00","og_image":[{"url":"http:\/\/visitnavarra.info\/wp-content\/uploads\/2019\/02\/healthtourisme.jpg"}],"twitter_card":"summary_large_image","twitter_misc":{"Tiempo de lectura":"2 minutos"},"schema":{"@context":"https:\/\/schema.org","@graph":[{"@type":"WebPage","@id":"https:\/\/visitnavarra.info\/visitnavarra\/healthtourism\/","url":"https:\/\/visitnavarra.info\/visitnavarra\/healthtourism\/","name":"NAVARRA SALUDABLE | MEDICINA | INNOVACI\u00d3N - VisitNavarra","isPartOf":{"@id":"https:\/\/visitnavarra.info\/visitnavarra\/#website"},"primaryImageOfPage":{"@id":"https:\/\/visitnavarra.info\/visitnavarra\/healthtourism\/#primaryimage"},"image":{"@id":"https:\/\/visitnavarra.info\/visitnavarra\/healthtourism\/#primaryimage"},"thumbnailUrl":"http:\/\/visitnavarra.info\/wp-content\/uploads\/2019\/02\/healthtourisme.jpg","datePublished":"2019-01-18T14:39:07+00:00","dateModified":"2019-02-20T12:21:51+00:00","description":"Navarra saludable. Medicina, innovaci\u00f3n y calidad de vida. Un Reyno con historia. Naturaleza viva.Navarra Health Tourism.","breadcrumb":{"@id":"https:\/\/visitnavarra.info\/visitnavarra\/healthtourism\/#breadcrumb"},"inLanguage":"es","potentialAction":[{"@type":"ReadAction","target":["https:\/\/visitnavarra.info\/visitnavarra\/healthtourism\/"]}]},{"@type":"ImageObject","inLanguage":"es","@id":"https:\/\/visitnavarra.info\/visitnavarra\/healthtourism\/#primaryimage","url":"http:\/\/visitnavarra.info\/wp-content\/uploads\/2019\/02\/healthtourisme.jpg","contentUrl":"http:\/\/visitnavarra.info\/wp-content\/uploads\/2019\/02\/healthtourisme.jpg"},{"@type":"BreadcrumbList","@id":"https:\/\/visitnavarra.info\/visitnavarra\/healthtourism\/#breadcrumb","itemListElement":[{"@type":"ListItem","position":1,"name":"Portada","item":"https:\/\/visitnavarra.info\/visitnavarra\/"},{"@type":"ListItem","position":2,"name":"NAVARRA SALUDABLE"}]},{"@type":"WebSite","@id":"https:\/\/visitnavarra.info\/visitnavarra\/#website","url":"https:\/\/visitnavarra.info\/visitnavarra\/","name":"VisitNavarra","description":"Alojamiento y experiencias tur\u00edsticas en Navarra; qu\u00e9 visitar en Navarra; comer en Navarra","potentialAction":[{"@type":"SearchAction","target":{"@type":"EntryPoint","urlTemplate":"https:\/\/visitnavarra.info\/visitnavarra\/?s={search_term_string}"},"query-input":{"@type":"PropertyValueSpecification","valueRequired":true,"valueName":"search_term_string"}}],"inLanguage":"es"}]}},"_links":{"self":[{"href":"https:\/\/visitnavarra.info\/visitnavarra\/wp-json\/wp\/v2\/pages\/986","targetHints":{"allow":["GET"]}}],"collection":[{"href":"https:\/\/visitnavarra.info\/visitnavarra\/wp-json\/wp\/v2\/pages"}],"about":[{"href":"https:\/\/visitnavarra.info\/visitnavarra\/wp-json\/wp\/v2\/types\/page"}],"author":[{"embeddable":true,"href":"https:\/\/visitnavarra.info\/visitnavarra\/wp-json\/wp\/v2\/users\/1"}],"replies":[{"embeddable":true,"href":"https:\/\/visitnavarra.info\/visitnavarra\/wp-json\/wp\/v2\/comments?post=986"}],"version-history":[{"count":4,"href":"https:\/\/visitnavarra.info\/visitnavarra\/wp-json\/wp\/v2\/pages\/986\/revisions"}],"predecessor-version":[{"id":1624,"href":"https:\/\/visitnavarra.info\/visitnavarra\/wp-json\/wp\/v2\/pages\/986\/revisions\/1624"}],"wp:attachment":[{"href":"https:\/\/visitnavarra.info\/visitnavarra\/wp-json\/wp\/v2\/media?parent=986"}],"curies":[{"name":"wp","href":"https:\/\/api.w.org\/{rel}","templated":true}]}}